{"id":3511,"date":"2025-12-16T11:38:02","date_gmt":"2025-12-16T10:38:02","guid":{"rendered":"https:\/\/umkd.uniza.sk\/?page_id=3511"},"modified":"2026-02-06T13:07:54","modified_gmt":"2026-02-06T12:07:54","slug":"partnerske-univerzity","status":"publish","type":"page","link":"https:\/\/umkd.uniza.sk\/?page_id=3511","title":{"rendered":"Partnersk\u00e9 univerzity"},"content":{"rendered":"<section class=\"l-section wpb_row height_auto width_full\"><div class=\"l-section-h i-cf\"><div class=\"g-cols vc_row via_grid cols_1 laptops-cols_inherit tablets-cols_inherit mobiles-cols_1 valign_top type_default stacking_default\"><div class=\"wpb_column vc_column_container\"><div class=\"vc_column-inner\"><section class=\"l-section wpb_row us_custom_d9f2040e height_medium width_full\"><div class=\"l-section-overlay\" style=\"background:rgba(0,0,0,0.25)\"><\/div><div class=\"l-section-h i-cf\"><div class=\"g-cols vc_row via_grid cols_1 laptops-cols_inherit tablets-cols_inherit mobiles-cols_1 valign_top type_default stacking_default\"><div class=\"wpb_column vc_column_container\"><div class=\"vc_column-inner\"><div class=\"w-separator size_small\"><\/div><h1 class=\"w-post-elm post_title us_custom_6df4bc3a has_text_color align_center entry-title color_link_inherit\">Partnersk\u00e9 univerzity<\/h1><div class=\"w-separator size_small\"><\/div><\/div><\/div><\/div><\/div><\/section>\n<\/div><\/div><\/div><\/div><\/section><section class=\"l-section wpb_row height_medium\"><div class=\"l-section-h i-cf\"><div class=\"g-cols vc_row via_grid cols_1 laptops-cols_inherit tablets-cols_inherit mobiles-cols_1 valign_top type_default stacking_default\"><div class=\"wpb_column vc_column_container\"><div class=\"vc_column-inner\"><div class=\"g-cols wpb_row via_grid cols_2-1 laptops-cols_inherit tablets-cols_inherit mobiles-cols_1 valign_top type_default stacking_default\"><div class=\"wpb_column vc_column_container\"><div class=\"vc_column-inner\"><h2 class=\"w-text\"><span url class=\"w-text-h\"><span class=\"w-text-value\">Zoznam partnersk\u00fdch univerz\u00edt pre pr\u00edslu\u0161n\u00fd akademick\u00fd rok<\/span><\/span><\/h2><div class=\"w-separator size_small\"><\/div><div class=\"wpb_text_column\"><div class=\"wpb_wrapper\"><ul>\n<li><a href=\"https:\/\/umkd.uniza.sk\/wp-content\/uploads\/2026\/02\/erasmus_partnerske_univerzity_202627.pdf\" target=\"_blank\" rel=\"noopener\">Zoznam partnersk\u00fdch univerz\u00edt pre ak. rok 2026\/2027<\/a><\/li>\n<li><a href=\"https:\/\/fhv.uniza.sk\/web\/_dokumenty\/erasmus\/erasmus_partnerske_univerzity_202425.pdf\" target=\"_blank\" rel=\"noopener noreferrer\">Zoznam partnersk\u00fdch univerz\u00edt pre ak. rok 2024\/2025<\/a><\/li>\n<li><a href=\"https:\/\/fhv.uniza.sk\/web\/_dokumenty\/erasmus\/erasmus_partnerske_univerzity_202324.xlsx\" target=\"_blank\" rel=\"noopener noreferrer\">Zoznam partnersk\u00fdch univerz\u00edt pre ak. rok 2023\/2024<\/a><\/li>\n<li><a href=\"https:\/\/fhv.uniza.sk\/web\/_dokumenty\/erasmus\/erasmus_partnerske_univerzity_202223.pdf\" target=\"_blank\" rel=\"noopener noreferrer\">Zoznam partnersk\u00fdch univerz\u00edt pre ak. rok 2022\/2023<\/a><\/li>\n<li><a href=\"https:\/\/fhv.uniza.sk\/web\/_dokumenty\/erasmus\/erasmus_partnerske_univerzity_202122.pdf\" target=\"_blank\" rel=\"noopener noreferrer\">Zoznam partnersk\u00fdch univerz\u00edt pre ak. rok 2021\/2022<\/a><\/li>\n<li><a href=\"https:\/\/fhv.uniza.sk\/web\/_dokumenty\/erasmus\/erasmus_partnerske_univerzity_202021.pdf\" target=\"_blank\" rel=\"noopener noreferrer\">Zoznam partnersk\u00fdch univerz\u00edt pre ak. rok 2020\/2021<\/a><\/li>\n<li><a href=\"https:\/\/fhv.uniza.sk\/web\/_dokumenty\/erasmus\/erasmus_partnerske_univerzity_201920.pdf\" target=\"_blank\" rel=\"noopener noreferrer\">Zoznam partnersk\u00fdch univerz\u00edt pre ak. rok 2019\/2020<\/a><\/li>\n<li><a href=\"https:\/\/fhv.uniza.sk\/web\/_dokumenty\/erasmus\/erasmus_partnerske_univerzity_201819.pdf\" target=\"_blank\" rel=\"noopener noreferrer\">Zoznam partnersk\u00fdch univerz\u00edt pre ak. rok 2018\/2019<\/a><\/li>\n<li><a href=\"https:\/\/fhv.uniza.sk\/web\/_dokumenty\/erasmus\/erasmus_partnerske_univerzity_201718.pdf\" target=\"_blank\" rel=\"noopener noreferrer\">Zoznam partnersk\u00fdch univerz\u00edt pre ak. rok 2017\/2018<\/a><\/li>\n<li><a href=\"https:\/\/fhv.uniza.sk\/web\/_dokumenty\/erasmus\/erasmus_partnerske_univerzity_201617.pdf\" target=\"_blank\" rel=\"noopener noreferrer\">Zoznam partnersk\u00fdch univerz\u00edt pre ak. rok 2016\/2017<\/a><\/li>\n<li><a href=\"https:\/\/fhv.uniza.sk\/web\/_dokumenty\/erasmus\/erasmus_partnerske_univerzity_201516.pdf\" target=\"_blank\" rel=\"noopener noreferrer\">Zoznam partnersk\u00fdch univerz\u00edt pre ak. rok 2015\/2016<\/a><\/li>\n<li><a href=\"https:\/\/fhv.uniza.sk\/web\/_dokumenty\/erasmus\/erasmus_partnerske_univerzity_201415.pdf\" target=\"_blank\" rel=\"noopener noreferrer\">Zoznam partnersk\u00fdch univerz\u00edt pre ak. rok 2014\/2015<\/a><\/li>\n<li><a href=\"https:\/\/fhv.uniza.sk\/web\/_dokumenty\/erasmus\/erasmus_partnerske_univerzity_201314.pdf\" target=\"_blank\" rel=\"noopener noreferrer\">Zoznam partnersk\u00fdch univerz\u00edt pre ak. rok 2013\/2014<\/a><\/li>\n<li><a href=\"https:\/\/fhv.uniza.sk\/web\/_dokumenty\/erasmus\/erasmus_partnerske_univerzity_201213.pdf\" target=\"_blank\" rel=\"noopener noreferrer\">Zoznam partnersk\u00fdch univerz\u00edt pre ak. rok 2012\/2013<\/a><\/li>\n<\/ul>\n<\/div><\/div><div class=\"w-separator size_medium\"><\/div><\/div><\/div><div class=\"wpb_column vc_column_container type_sticky\"><div class=\"vc_column-inner\"><div class=\"w-iconbox us_custom_478a8313 iconpos_top style_default color_primary align_center no_text no_title\"><div class=\"w-iconbox-icon\" style=\"font-size:10rem;\"><i class=\"far fa-user-check\"><\/i><\/div><div class=\"w-iconbox-meta\"><\/div><\/div><div class=\"wpb_text_column\"><div class=\"wpb_wrapper\"><\/div><\/div><\/div><\/div><\/div><\/div><\/div><\/div><\/div><\/section>\n","protected":false},"excerpt":{"rendered":"Partnersk\u00e9 univerzity Zoznam partnersk\u00fdch univerz\u00edt pre pr\u00edslu\u0161n\u00fd akademick\u00fd rok Zoznam partnersk\u00fdch univerz\u00edt pre ak. rok 2026\/2027 Zoznam partnersk\u00fdch univerz\u00edt pre ak. rok 2024\/2025 Zoznam partnersk\u00fdch univerz\u00edt pre ak. rok 2023\/2024...","protected":false},"author":1,"featured_media":0,"parent":0,"menu_order":0,"comment_status":"closed","ping_status":"closed","template":"","meta":{"_acf_changed":false,"footnotes":""},"class_list":["post-3511","page","type-page","status-publish","hentry"],"acf":[],"_links":{"self":[{"href":"https:\/\/umkd.uniza.sk\/index.php?rest_route=\/wp\/v2\/pages\/3511","targetHints":{"allow":["GET"]}}],"collection":[{"href":"https:\/\/umkd.uniza.sk\/index.php?rest_route=\/wp\/v2\/pages"}],"about":[{"href":"https:\/\/umkd.uniza.sk\/index.php?rest_route=\/wp\/v2\/types\/page"}],"author":[{"embeddable":true,"href":"https:\/\/umkd.uniza.sk\/index.php?rest_route=\/wp\/v2\/users\/1"}],"replies":[{"embeddable":true,"href":"https:\/\/umkd.uniza.sk\/index.php?rest_route=%2Fwp%2Fv2%2Fcomments&post=3511"}],"version-history":[{"count":6,"href":"https:\/\/umkd.uniza.sk\/index.php?rest_route=\/wp\/v2\/pages\/3511\/revisions"}],"predecessor-version":[{"id":3640,"href":"https:\/\/umkd.uniza.sk\/index.php?rest_route=\/wp\/v2\/pages\/3511\/revisions\/3640"}],"wp:attachment":[{"href":"https:\/\/umkd.uniza.sk\/index.php?rest_route=%2Fwp%2Fv2%2Fmedia&parent=3511"}],"curies":[{"name":"wp","href":"https:\/\/api.w.org\/{rel}","templated":true}]}}