{"id":3516,"date":"2025-12-16T11:38:39","date_gmt":"2025-12-16T10:38:39","guid":{"rendered":"https:\/\/umkd.uniza.sk\/?page_id=3516"},"modified":"2026-02-06T13:29:52","modified_gmt":"2026-02-06T12:29:52","slug":"postup-pri-vybavovani-studentskej-mobility","status":"publish","type":"page","link":"https:\/\/umkd.uniza.sk\/?page_id=3516","title":{"rendered":"Postup pri vybavovan\u00ed \u0161tudentskej mobility"},"content":{"rendered":"<section class=\"l-section wpb_row height_auto width_full\"><div class=\"l-section-h i-cf\"><div class=\"g-cols vc_row via_grid cols_1 laptops-cols_inherit tablets-cols_inherit mobiles-cols_1 valign_top type_default stacking_default\"><div class=\"wpb_column vc_column_container\"><div class=\"vc_column-inner\"><section class=\"l-section wpb_row us_custom_d9f2040e height_medium width_full\"><div class=\"l-section-overlay\" style=\"background:rgba(0,0,0,0.25)\"><\/div><div class=\"l-section-h i-cf\"><div class=\"g-cols vc_row via_grid cols_1 laptops-cols_inherit tablets-cols_inherit mobiles-cols_1 valign_top type_default stacking_default\"><div class=\"wpb_column vc_column_container\"><div class=\"vc_column-inner\"><div class=\"w-separator size_small\"><\/div><h1 class=\"w-post-elm post_title us_custom_6df4bc3a has_text_color align_center entry-title color_link_inherit\">Postup pri vybavovan\u00ed \u0161tudentskej mobility<\/h1><div class=\"w-separator size_small\"><\/div><\/div><\/div><\/div><\/div><\/section>\n<\/div><\/div><\/div><\/div><\/section><section class=\"l-section wpb_row height_medium\"><div class=\"l-section-h i-cf\"><div class=\"g-cols vc_row via_grid cols_1 laptops-cols_inherit tablets-cols_inherit mobiles-cols_1 valign_top type_default stacking_default\"><div class=\"wpb_column vc_column_container\"><div class=\"vc_column-inner\"><div class=\"wpb_text_column\"><div class=\"wpb_wrapper\"><ul>\n<li><a href=\"https:\/\/fhv.uniza.sk\/web\/_dokumenty\/erasmus\/erasmus_letak_2022.pdf\" target=\"_blank\" rel=\"noopener noreferrer\">\u010co mus\u00ed\u0161 urobi\u0165, aby si mohol absolvova\u0165 Erasmus+ mobilitu a ak\u00e1 je v\u00fd\u0161ka grantu v akademickom roku 2024\/2025?<\/a><\/li>\n<li><a href=\"https:\/\/fhv.uniza.sk\/web\/_dokumenty\/erasmus\/erasmus_fakultna_strategia.pdf\" target=\"_blank\" rel=\"noopener noreferrer\">Strat\u00e9gia v\u00fdberu \u0161tudentov na Erasmus+ pobyty\/st\u00e1\u017ee<\/a><\/li>\n<li><a href=\"https:\/\/fhv.uniza.sk\/web\/_dokumenty\/erasmus\/erasmus_pravidla_uznavanie.pdf\" target=\"_blank\" rel=\"noopener noreferrer\">Pravidl\u00e1 a postupy pri uzn\u00e1van\u00ed predmetov absolvovan\u00fdch v ramci Erasmus+<\/a><\/li>\n<li><a href=\"https:\/\/fhv.uniza.sk\/web\/_dokumenty\/erasmus\/erasmus_nestandardne_ukoncenie.pdf\" target=\"_blank\" rel=\"noopener noreferrer\">Postup pri uzatv\u00e1ran\u00ed mobil\u00edt a vyplaten\u00ed\/vr\u00e1ten\u00ed spl\u00e1tok grantov v mimoriadnych pr\u00edpadoch<\/a><\/li>\n<li><a href=\"https:\/\/fhv.uniza.sk\/web\/_dokumenty\/erasmus\/erasmus_fakultne_pravidla_staz.pdf\" target=\"_blank\" rel=\"noopener noreferrer\">Postupy a pravidl\u00e1 pri uzn\u00e1van\u00ed Erasmus+ st\u00e1\u017e\u00ed<\/a><\/li>\n<li><a href=\"https:\/\/www.uniza.sk\/index.php\/studenti\/vseobecne-informacie\/erasmus\" target=\"_blank\" rel=\"noopener noreferrer\">Inform\u00e1cie o programe Erasmus+ na str\u00e1nke \u017dilinskej univerzity v \u017diline<\/a><\/li>\n<\/ul>\n<\/div><\/div><div class=\"w-separator size_medium\"><\/div><h1 class=\"w-text us_custom_eb849559\"><span url class=\"w-text-h\"><span class=\"w-text-value\">Dokumenty na Erasmus+ pobyt \u0161tudentov a absolventov<\/span><\/span><\/h1><\/div><\/div><\/div><\/div><\/section><section class=\"l-section wpb_row height_medium\"><div class=\"l-section-h i-cf\"><div class=\"g-cols vc_row via_grid cols_2 laptops-cols_inherit tablets-cols_inherit mobiles-cols_1 valign_top type_default stacking_default\"><div class=\"wpb_column vc_column_container\"><div class=\"vc_column-inner\"><h2 class=\"w-text\"><span url class=\"w-text-h\"><span class=\"w-text-value\">Erasmus+ \u0161tudijn\u00fd pobyt<\/span><\/span><\/h2><div class=\"wpb_text_column\"><div class=\"wpb_wrapper\"><ul>\n<li><a href=\"https:\/\/umkd.uniza.sk\/wp-content\/uploads\/2026\/01\/erasmus_prihlaska-studium.docx\">Prihl\u00e1\u0161ka na \u0161t\u00fadium<\/a>\u00a0(2 prihl\u00e1\u0161ky odovzdajte spolu s 2 fotografiami pasov\u00e9ho form\u00e1tu, 1x CV vo form\u00e1te Europass a 1x motiva\u010dn\u00fd list v anglickom jazyku)<\/li>\n<li><a href=\"https:\/\/umkd.uniza.sk\/wp-content\/uploads\/2026\/02\/erasmus_prihlaska_bip.docx\" target=\"_blank\" rel=\"noopener\">Prihl\u00e1\u0161ka na kr\u00e1tku fyzick\u00fa mobilitu BIP<\/a><\/li>\n<li><a href=\"https:\/\/fhv.uniza.sk\/web\/_dokumenty\/erasmus\/erasmus_prihlaska_phd.docx\" target=\"_blank\" rel=\"noopener noreferrer\">Prihl\u00e1\u0161ka na kr\u00e1tku Erasmus+ mobilitu PhD. \u0161tudenti &#8211; \u0161t\u00fadium alebo st\u00e1\u017e<\/a><\/li>\n<li><a href=\"https:\/\/www.learning-agreement.eu\/\" target=\"_blank\" rel=\"noopener\">Online Learning Agreement &#8211; OLA<\/a>\u00a0(webstr\u00e1nka sl\u00fa\u017ei na v\u00fdp\u013a\u0148anie dohody o \u0161t\u00fadiu tzv. learning agreement, \u0161tudent sa prihl\u00e1si pomocou svojho \u0161tudentsk\u00e9ho \u00fa\u010dtu na UNIZA)<\/li>\n<li><a href=\"https:\/\/www.youtube.com\/watch?v=rplepEmQF3Y&amp;t=3s\" target=\"_blank\" rel=\"noopener\">N\u00e1vod: prihl\u00e1senie do OLA<\/a><\/li>\n<li><a href=\"https:\/\/www.youtube.com\/watch?v=paIKpHJvTlg\" target=\"_blank\" rel=\"noopener\">N\u00e1vod: Vytvorenie OLA<\/a><\/li>\n<li><a href=\"https:\/\/www.youtube.com\/watch?v=DJQrbAD7038&amp;t=7s\" target=\"_blank\" rel=\"noopener\">N\u00e1vod: Zmeny v OLA<\/a>\u00a0(po\u010das pobytu)<\/li>\n<li><a href=\"https:\/\/fhv.uniza.sk\/web\/_dokumenty\/erasmus\/erasmus_ukazka_ola.docx\" target=\"_blank\" rel=\"noopener\">Uk\u00e1\u017eka OLA<\/a><\/li>\n<li><a href=\"https:\/\/fhv.uniza.sk\/web\/_dokumenty\/erasmus\/erasmus_studplan.docx\" target=\"_blank\" rel=\"noopener\">Individu\u00e1lny \u0161tudijn\u00fd pl\u00e1n<\/a><\/li>\n<li><a href=\"https:\/\/fhv.uniza.sk\/web\/_dokumenty\/erasmus\/erasmus_certificate_arrival.docx\" target=\"_blank\" rel=\"noopener\">Certificate of Arrival\/Certificate od Departure<\/a>\u00a0(\u0161tudent si vypln\u00ed dokument a po\u017eiada na prij\u00edmaj\u00facej in\u0161tit\u00facii Erasmus koordin\u00e1tora o potvrdenie certifik\u00e1tu v de\u0148 pr\u00edchodu a v de\u0148 ukon\u010denia Erasmus+ pobytu)<\/li>\n<li><a href=\"https:\/\/fhv.uniza.sk\/web\/_dokumenty\/erasmus\/erasmus_vzor_indstudplan.pdf\" target=\"_blank\" rel=\"noopener noreferrer\">Vzor ako spr\u00e1vne vyplni\u0165 Individu\u00e1lny \u0161t\u00fadijn\u00fd pl\u00e1n<\/a><\/li>\n<li><a href=\"https:\/\/www.uniza.sk\/images\/pdf\/erasmus\/26082019_DokumentySTUDIUM.pdf\" target=\"_blank\" rel=\"noopener\">Dokumenty k pr\u00edprave finan\u010dnej zmluvy a vyplateniu grantu a uzavretiu mobility &#8211; \u0161t\u00fadium<\/a><\/li>\n<\/ul>\n<\/div><\/div><\/div><\/div><div class=\"wpb_column vc_column_container\"><div class=\"vc_column-inner\"><h2 class=\"w-text\"><span url class=\"w-text-h\"><span class=\"w-text-value\">Erasmus+ praktick\u00e1 st\u00e1\u017e<\/span><\/span><\/h2><div class=\"wpb_text_column\"><div class=\"wpb_wrapper\"><ul>\n<li><a href=\"https:\/\/umkd.uniza.sk\/wp-content\/uploads\/2026\/01\/erasmus_prihl_praktstaz-1.docx\">Prihl\u00e1\u0161ka na praktick\u00fa st\u00e1\u017e\u00a0<\/a>(2 prihl\u00e1\u0161ky odovzdajte spolu s 2 fotografiami pasov\u00e9ho form\u00e1tu, 1x CV vo form\u00e1te Europass a 1x motiva\u010dn\u00fd list v anglickom jazyku)<\/li>\n<li><a href=\"https:\/\/fhv.uniza.sk\/web\/_dokumenty\/erasmus\/erasmus_learnagr_trainee.docx\" target=\"_blank\" rel=\"noopener\">Learning agreement for Traineeships<\/a>\u00a0(Erasmus+ pracovn\u00e1 st\u00e1\u017e)<\/li>\n<li><a href=\"https:\/\/fhv.uniza.sk\/web\/_dokumenty\/erasmus\/erasmus_learnagr_trainee_sk.docx\" target=\"_blank\" rel=\"noopener\">Pomocn\u00fd preklad Learning Agreementu pre st\u00e1\u017eistov v sloven\u010dine<\/a>\u00a0(nesl\u00fa\u017ei ako tla\u010divo)<\/li>\n<li><a href=\"https:\/\/fhv.uniza.sk\/web\/_dokumenty\/erasmus\/erasmus_vzor_akceptlist.docx\" target=\"_blank\" rel=\"noopener\">Vzor akcepta\u010dn\u00e9ho listu<\/a>\u00a0pre st\u00e1\u017eistov \u0161tudentov a absolventov FHV<\/li>\n<li><a href=\"https:\/\/fhv.uniza.sk\/web\/_dokumenty\/erasmus\/erasmus_tlacivo_popisfirmy.docx\" target=\"_blank\" rel=\"noopener\">Popis firmy<\/a>\u00a0pre st\u00e1\u017eistov (tla\u010divo na vyplnenie)<\/li>\n<li><a href=\"https:\/\/fhv.uniza.sk\/web\/_dokumenty\/erasmus\/erasmus_vzor_popisfirmy.docx\" target=\"_blank\" rel=\"noopener\">Vzor popisu firmy<\/a>\u00a0pre st\u00e1\u017eistov<\/li>\n<li><a href=\"https:\/\/fhv.uniza.sk\/web\/_dokumenty\/erasmus\/erasmus_isp_staz.docx\" target=\"_blank\" rel=\"noopener\">Individu\u00e1lny \u0161tudijn\u00fd pl\u00e1n<\/a>\u00a0pre st\u00e1\u017eistov<\/li>\n<li><a href=\"https:\/\/fhv.uniza.sk\/web\/_dokumenty\/erasmus\/erasmus_vzor_potvrdenie_absolvovnanie.docx\" target=\"_blank\" rel=\"noopener\">Vzor potvrdenia o absolvovan\u00ed st\u00e1\u017ee s presnou d\u013a\u017ekou pobytu st\u00e1\u017ee<\/a><\/li>\n<li><a href=\"https:\/\/www.uniza.sk\/images\/pdf\/erasmus\/26082019_DokumentySTAZ.pdf\" target=\"_blank\" rel=\"noopener\">Dokumenty k pr\u00edprave finan\u010dnej zmluvy a vyplateniu grantu a uzavretiu mobility &#8211; st\u00e1\u017e<\/a><\/li>\n<\/ul>\n<\/div><\/div><\/div><\/div><\/div><\/div><\/section>\n","protected":false},"excerpt":{"rendered":"Postup pri vybavovan\u00ed \u0161tudentskej mobility \u010co mus\u00ed\u0161 urobi\u0165, aby si mohol absolvova\u0165 Erasmus+ mobilitu a ak\u00e1 je v\u00fd\u0161ka grantu v akademickom roku 2024\/2025? Strat\u00e9gia v\u00fdberu \u0161tudentov na Erasmus+ pobyty\/st\u00e1\u017ee Pravidl\u00e1...","protected":false},"author":1,"featured_media":0,"parent":0,"menu_order":0,"comment_status":"closed","ping_status":"closed","template":"","meta":{"_acf_changed":false,"footnotes":""},"class_list":["post-3516","page","type-page","status-publish","hentry"],"acf":[],"_links":{"self":[{"href":"https:\/\/umkd.uniza.sk\/index.php?rest_route=\/wp\/v2\/pages\/3516","targetHints":{"allow":["GET"]}}],"collection":[{"href":"https:\/\/umkd.uniza.sk\/index.php?rest_route=\/wp\/v2\/pages"}],"about":[{"href":"https:\/\/umkd.uniza.sk\/index.php?rest_route=\/wp\/v2\/types\/page"}],"author":[{"embeddable":true,"href":"https:\/\/umkd.uniza.sk\/index.php?rest_route=\/wp\/v2\/users\/1"}],"replies":[{"embeddable":true,"href":"https:\/\/umkd.uniza.sk\/index.php?rest_route=%2Fwp%2Fv2%2Fcomments&post=3516"}],"version-history":[{"count":9,"href":"https:\/\/umkd.uniza.sk\/index.php?rest_route=\/wp\/v2\/pages\/3516\/revisions"}],"predecessor-version":[{"id":3654,"href":"https:\/\/umkd.uniza.sk\/index.php?rest_route=\/wp\/v2\/pages\/3516\/revisions\/3654"}],"wp:attachment":[{"href":"https:\/\/umkd.uniza.sk\/index.php?rest_route=%2Fwp%2Fv2%2Fmedia&parent=3516"}],"curies":[{"name":"wp","href":"https:\/\/api.w.org\/{rel}","templated":true}]}}