{"id":3522,"date":"2025-12-16T11:46:14","date_gmt":"2025-12-16T10:46:14","guid":{"rendered":"https:\/\/umkd.uniza.sk\/?page_id=3522"},"modified":"2025-12-16T11:53:55","modified_gmt":"2025-12-16T10:53:55","slug":"podmienky-mobility-pracovnikov","status":"publish","type":"page","link":"https:\/\/umkd.uniza.sk\/?page_id=3522","title":{"rendered":"Podmienky mobility pracovn\u00edkov"},"content":{"rendered":"<section class=\"l-section wpb_row height_auto width_full\"><div class=\"l-section-h i-cf\"><div class=\"g-cols vc_row via_grid cols_1 laptops-cols_inherit tablets-cols_inherit mobiles-cols_1 valign_top type_default stacking_default\"><div class=\"wpb_column vc_column_container\"><div class=\"vc_column-inner\"><section class=\"l-section wpb_row us_custom_d9f2040e height_medium width_full\"><div class=\"l-section-overlay\" style=\"background:rgba(0,0,0,0.25)\"><\/div><div class=\"l-section-h i-cf\"><div class=\"g-cols vc_row via_grid cols_1 laptops-cols_inherit tablets-cols_inherit mobiles-cols_1 valign_top type_default stacking_default\"><div class=\"wpb_column vc_column_container\"><div class=\"vc_column-inner\"><div class=\"w-separator size_small\"><\/div><h1 class=\"w-post-elm post_title us_custom_6df4bc3a has_text_color align_center entry-title color_link_inherit\">Podmienky mobility pracovn\u00edkov<\/h1><div class=\"w-separator size_small\"><\/div><\/div><\/div><\/div><\/div><\/section>\n<\/div><\/div><\/div><\/div><\/section><section class=\"l-section wpb_row height_medium\"><div class=\"l-section-h i-cf\"><div class=\"g-cols vc_row via_grid cols_1 laptops-cols_inherit tablets-cols_inherit mobiles-cols_1 valign_top type_default stacking_default\"><div class=\"wpb_column vc_column_container\"><div class=\"vc_column-inner\"><div class=\"g-cols wpb_row via_grid cols_2-1 laptops-cols_inherit tablets-cols_inherit mobiles-cols_1 valign_top type_default stacking_default\"><div class=\"wpb_column vc_column_container\"><div class=\"vc_column-inner\"><h3 class=\"w-text\"><span url class=\"w-text-h\"><span class=\"w-text-value\">Program Erasmus+ je ur\u010den\u00fd pre mobilitu u\u010dite\u013eov a pracovn\u00edkov vysok\u00fdch \u0161k\u00f4l pri nasleduj\u00facich podmienkach:<\/span><\/span><\/h3><div class=\"w-separator size_medium\"><\/div><h3 class=\"w-text\"><span url class=\"w-text-h\"><span class=\"w-text-value\">Mobilita u\u010dite\u013eov vysok\u00fdch \u0161k\u00f4l<\/span><\/span><\/h3><div class=\"wpb_text_column\"><div class=\"wpb_wrapper\"><ul>\n<li>Predn\u00e1\u0161anie na hostite\u013eskej vysokej \u0161kole<\/li>\n<li>Vopred dohodnut\u00fd program v\u00fdu\u010dby potvrden\u00fd pedag\u00f3gom, vysielaj\u00facou a prij\u00edmaj\u00facou in\u0161tit\u00faciou<\/li>\n<li>Prioritou s\u00fa tak\u00e9 u\u010dite\u013esk\u00e9 mobility, ktor\u00e9 ved\u00fa okrem v\u00fdu\u010dby k pr\u00edprave nov\u00fdch u\u010debn\u00fdch materi\u00e1lov a k \u0161ir\u0161ej spolupr\u00e1ci medzi katedrami a fakultami<\/li>\n<li>V r\u00e1mci mobility trvaj\u00facej do 7 dn\u00ed mus\u00ed u\u010dite\u013e\u00a0<strong>odu\u010di\u0165 minim\u00e1lne<\/strong>:\n<ul>\n<li><strong>8 hod\u00edn mobilita V\u00ddU\u010cBA<\/strong><\/li>\n<li><strong>4 hodiny mobilita V\u00ddU\u010cBA a \u0160KOLENIE<\/strong>\u00a0(kombinovan\u00e1 mobilita)<\/li>\n<\/ul>\n<\/li>\n<li>V\u00fdu\u010dba: Rada Erasmus+ s\u00fahlas\u00ed s pridelen\u00edm grantu \u201eindividu\u00e1lna podpora\u201c na r\u00f4zny po\u010det dn\u00ed, pod\u013ea prij\u00edmaj\u00facej krajiny nasledovne:\n<ul>\n<li><strong>\u010cesk\u00e1 republika 4 dni<\/strong>\u00a0(v tom max. 4 noci)<\/li>\n<li><strong>Po\u013esko 5 dn\u00ed<\/strong>\u00a0(v tom max. 5 noc\u00ed)<\/li>\n<li><strong>ostatn\u00e9 krajiny 6 dn\u00ed<\/strong>\u00a0(v tom max. 6 noc\u00ed)<\/li>\n<\/ul>\n<\/li>\n<\/ul>\n<\/div><\/div><div class=\"w-separator size_medium\"><\/div><h3 class=\"w-text\"><span url class=\"w-text-h\"><span class=\"w-text-value\">Mobilita pracovn\u00edkov vysok\u00fdch \u0161k\u00f4l<\/span><\/span><\/h3><div class=\"wpb_text_column\"><div class=\"wpb_wrapper\"><ul>\n<li>\u0160kolenia poskytnut\u00e9 hostite\u013eskou vysokou \u0161kolou<\/li>\n<li>Pre v\u0161etk\u00fdch pracovn\u00edkov vysok\u00fdch \u0161k\u00f4l (u\u010ditelia alebo in\u00ed, nepedagogick\u00ed pracovn\u00edci vysok\u00fdch \u0161k\u00f4l)<\/li>\n<li>Vopred dohodnut\u00fd pracovn\u00fd pl\u00e1n potvrden\u00fd administrat\u00edvnym pracovn\u00edkom, vysielaj\u00facou a prij\u00edmaj\u00facou in\u0161tit\u00faciou<\/li>\n<li><strong>Trvanie aktivity na partnerskej in\u0161tit\u00faci\u00ed je minim\u00e1lne 2 dni \/bez dn\u00ed na cestu<\/strong>. Rada Erasmus+ rozhodla prideli\u0165 grant \u201eindividu\u00e1lna podpora\u201c na r\u00f4zny po\u010det dn\u00ed, pod\u013ea prij\u00edmaj\u00facej krajiny nasledovne:\n<ul>\n<li><strong>\u010cesk\u00e1 republika 3 dni<\/strong>\u00a0(v tom 3 noci)<\/li>\n<li><strong>ostatn\u00e9 krajiny 5 dn\u00ed<\/strong>\u00a0(v tom 5 noc\u00ed)<\/li>\n<\/ul>\n<\/li>\n<\/ul>\n<\/div><\/div><\/div><\/div><div class=\"wpb_column vc_column_container type_sticky\"><div class=\"vc_column-inner\"><div class=\"w-iconbox us_custom_478a8313 iconpos_top style_circle color_primary align_center\"><a href=\"https:\/\/www.uniza.sk\/images\/pdf\/mobilita-erasmus-zamestnanci\/2023\/12092023_Interne-pravidla-pre-organizaciu-mobility-ucitelov-2023-2024.pdf\" class=\"w-iconbox-link\" aria-label=\"Intern\u00e9 pravidl\u00e1\" target=\"_blank\" rel=\"noopener\"><div class=\"w-iconbox-icon\" style=\"font-size:6rem;\"><i class=\"far fa-list\"><\/i><\/div><\/a><div class=\"w-iconbox-meta\"><a href=\"https:\/\/www.uniza.sk\/images\/pdf\/mobilita-erasmus-zamestnanci\/2023\/12092023_Interne-pravidla-pre-organizaciu-mobility-ucitelov-2023-2024.pdf\" class=\"w-iconbox-link\" aria-label=\"Intern\u00e9 pravidl\u00e1\" target=\"_blank\" rel=\"noopener\"><h5 class=\"w-iconbox-title\">Intern\u00e9 pravidl\u00e1<\/h5><\/a><div class=\"w-iconbox-text\"><p>\u017dilinskej univerzity v \u017diline pre organiz\u00e1ciu mobility u\u010dite\u013eov<\/p>\n<\/div><\/div><\/div><div class=\"w-iconbox us_custom_478a8313 iconpos_top style_outlined color_primary align_center\"><a href=\"https:\/\/www.uniza.sk\/images\/pdf\/mobilita-erasmus-zamestnanci\/2023\/11092023_Interne-pravidla-mobilita-zamestnanci-UNIZA-2023-2024.pdf\" class=\"w-iconbox-link\" aria-label=\"Intern\u00e9 pravidl\u00e1\" target=\"_blank\" rel=\"noopener\"><div class=\"w-iconbox-icon\" style=\"font-size:6rem;\"><i class=\"far fa-list\"><\/i><\/div><\/a><div class=\"w-iconbox-meta\"><a href=\"https:\/\/www.uniza.sk\/images\/pdf\/mobilita-erasmus-zamestnanci\/2023\/11092023_Interne-pravidla-mobilita-zamestnanci-UNIZA-2023-2024.pdf\" class=\"w-iconbox-link\" aria-label=\"Intern\u00e9 pravidl\u00e1\" target=\"_blank\" rel=\"noopener\"><h5 class=\"w-iconbox-title\">Intern\u00e9 pravidl\u00e1<\/h5><\/a><div class=\"w-iconbox-text\"><p>pre organiz\u00e1ciu mobility zamestnancov<\/p>\n<\/div><\/div><\/div><div class=\"wpb_text_column\"><div class=\"wpb_wrapper\"><\/div><\/div><\/div><\/div><\/div><\/div><\/div><\/div><\/div><\/section>\n","protected":false},"excerpt":{"rendered":"Podmienky mobility pracovn\u00edkov Program Erasmus+ je ur\u010den\u00fd pre mobilitu u\u010dite\u013eov a pracovn\u00edkov vysok\u00fdch \u0161k\u00f4l pri nasleduj\u00facich podmienkach:Mobilita u\u010dite\u013eov vysok\u00fdch \u0161k\u00f4l Predn\u00e1\u0161anie na hostite\u013eskej vysokej \u0161kole Vopred dohodnut\u00fd program v\u00fdu\u010dby potvrden\u00fd...","protected":false},"author":1,"featured_media":0,"parent":0,"menu_order":0,"comment_status":"closed","ping_status":"closed","template":"","meta":{"_acf_changed":false,"footnotes":""},"class_list":["post-3522","page","type-page","status-publish","hentry"],"acf":[],"_links":{"self":[{"href":"https:\/\/umkd.uniza.sk\/index.php?rest_route=\/wp\/v2\/pages\/3522","targetHints":{"allow":["GET"]}}],"collection":[{"href":"https:\/\/umkd.uniza.sk\/index.php?rest_route=\/wp\/v2\/pages"}],"about":[{"href":"https:\/\/umkd.uniza.sk\/index.php?rest_route=\/wp\/v2\/types\/page"}],"author":[{"embeddable":true,"href":"https:\/\/umkd.uniza.sk\/index.php?rest_route=\/wp\/v2\/users\/1"}],"replies":[{"embeddable":true,"href":"https:\/\/umkd.uniza.sk\/index.php?rest_route=%2Fwp%2Fv2%2Fcomments&post=3522"}],"version-history":[{"count":4,"href":"https:\/\/umkd.uniza.sk\/index.php?rest_route=\/wp\/v2\/pages\/3522\/revisions"}],"predecessor-version":[{"id":3526,"href":"https:\/\/umkd.uniza.sk\/index.php?rest_route=\/wp\/v2\/pages\/3522\/revisions\/3526"}],"wp:attachment":[{"href":"https:\/\/umkd.uniza.sk\/index.php?rest_route=%2Fwp%2Fv2%2Fmedia&parent=3522"}],"curies":[{"name":"wp","href":"https:\/\/api.w.org\/{rel}","templated":true}]}}