{"id":3529,"date":"2025-12-16T11:56:50","date_gmt":"2025-12-16T10:56:50","guid":{"rendered":"https:\/\/umkd.uniza.sk\/?page_id=3529"},"modified":"2025-12-16T11:58:07","modified_gmt":"2025-12-16T10:58:07","slug":"postup-pri-vybavovani-ucitelskej-mobility","status":"publish","type":"page","link":"https:\/\/umkd.uniza.sk\/?page_id=3529","title":{"rendered":"Postup pri vybavovan\u00ed u\u010dite\u013eskej mobility"},"content":{"rendered":"<section class=\"l-section wpb_row height_auto width_full\"><div class=\"l-section-h i-cf\"><div class=\"g-cols vc_row via_grid cols_1 laptops-cols_inherit tablets-cols_inherit mobiles-cols_1 valign_top type_default stacking_default\"><div class=\"wpb_column vc_column_container\"><div class=\"vc_column-inner\"><section class=\"l-section wpb_row us_custom_d9f2040e height_medium width_full\"><div class=\"l-section-overlay\" style=\"background:rgba(0,0,0,0.25)\"><\/div><div class=\"l-section-h i-cf\"><div class=\"g-cols vc_row via_grid cols_1 laptops-cols_inherit tablets-cols_inherit mobiles-cols_1 valign_top type_default stacking_default\"><div class=\"wpb_column vc_column_container\"><div class=\"vc_column-inner\"><div class=\"w-separator size_small\"><\/div><h1 class=\"w-post-elm post_title us_custom_6df4bc3a has_text_color align_center entry-title color_link_inherit\">Postup pri vybavovan\u00ed u\u010dite\u013eskej mobility<\/h1><div class=\"w-separator size_small\"><\/div><\/div><\/div><\/div><\/div><\/section>\n<\/div><\/div><\/div><\/div><\/section><section class=\"l-section wpb_row height_medium\"><div class=\"l-section-h i-cf\"><div class=\"g-cols vc_row via_grid cols_1 laptops-cols_inherit tablets-cols_inherit mobiles-cols_1 valign_top type_default stacking_default\"><div class=\"wpb_column vc_column_container\"><div class=\"vc_column-inner\"><div class=\"wpb_text_column\"><div class=\"wpb_wrapper\"><p>U\u010dite\u013e si vyberie zahrani\u010dn\u00fa univerzitu pod\u013ea \u0161tudijn\u00e9ho programu\u00a0<a href=\"https:\/\/fhv.uniza.sk\/web\/index.php\/zahranicne-vztahy\/zahranicie-vseobecne\/partnerske-univerzity\" target=\"_blank\" rel=\"noopener\">TU<\/a>.<\/p>\n<p>Vypln\u00ed si Program v\u00fdu\u010dby (v pr\u00edpade, \u017ee ide do \u010cR, vypln\u00ed Program v\u00fdu\u010dby v SJ, v pr\u00edpade, \u017ee sa jedn\u00e1 o ostatn\u00e9 krajiny, vypln\u00ed Program v\u00fdu\u010dby v angli\u010dtine). U\u010dite\u013e mus\u00ed na prij\u00edmaj\u00facej V\u0160 odu\u010di\u0165 minim\u00e1lne 8 hod\u00edn (napr\u00edklad aj po\u010das jedn\u00e9ho d\u0148a).<\/p>\n<p>Vyplnen\u00fd program v\u00fdu\u010dby za\u0161le u\u010dite\u013e emailom na zahrani\u010dn\u00fa univerzitu a dohodne si podmienky u\u010dite\u013eskej mobility. Po\u017eiada o sp\u00e4tn\u00e9 zaslanie potvrden\u00e9ho programu v\u00fdu\u010dby. Po z\u00edskan\u00ed potvrden\u00e9ho Programu v\u00fdu\u010dby ho u\u010dite\u013e spolu s vyplnenou prihl\u00e1\u0161kou doru\u010d\u00ed do stanoven\u00e9ho term\u00ednu na Refer\u00e1t pre vedeckov\u00fdskumn\u00fa \u010dinnos\u0165 a zahrani\u010dn\u00e9 vz\u0165ahy (AD313).<\/p>\n<p>V\u0161etky potrebn\u00e9 inform\u00e1cie tykaj\u00face sa dokumentov pred vycestovan\u00edm a po n\u00e1vrate z pobytu n\u00e1jdete\u00a0<a href=\"https:\/\/www.uniza.sk\/images\/pdf\/mobilita-erasmus-zamestnanci\/2021\/06102021_Interne-pravidla-pre-organizaciu-mobility-ucitelov-2021-2022.pdf\" target=\"_blank\" rel=\"noopener noreferrer\">TU<\/a>.<\/p>\n<ul>\n<li><a href=\"https:\/\/www.uniza.sk\/images\/pdf\/mobilita-erasmus-zamestnanci\/2023\/12092023_Interne-pravidla-pre-organizaciu-mobility-ucitelov-2023-2024.pdf\" target=\"_blank\" rel=\"noopener\">Mobilita u\u010dite\u013eov &#8211; z\u00e1kladn\u00e9 inform\u00e1cie<\/a><\/li>\n<li><a href=\"https:\/\/fhv.uniza.sk\/web\/_dokumenty\/erasmus\/erasmus_prihlaska_ucmobilita.docx\" target=\"_blank\" rel=\"noopener\">Prihl\u00e1\u0161ka na u\u010dite\u013esk\u00fa mobilitu<\/a><\/li>\n<li><a href=\"https:\/\/fhv.uniza.sk\/web\/_dokumenty\/erasmus\/erasmus_staff_agreement_teaching.docx\" target=\"_blank\" rel=\"noopener\">Staff Mobility for Teaching<\/a>\u00a0(anglick\u00e1 verzia)<\/li>\n<li><a href=\"https:\/\/fhv.uniza.sk\/web\/_dokumenty\/erasmus\/erasmus_staff_agreement_teaching_training.docx\" target=\"_blank\" rel=\"noopener\">Staff Mobility for Teaching\/Training<\/a>\u00a0(anglick\u00e1 verzia)<\/li>\n<li><a href=\"https:\/\/www.uniza.sk\/images\/pdf\/mobilita-erasmus-zamestnanci\/2023\/12092023_Sadzby-na-AK-2023-2024-KA131.pdf\" target=\"_blank\" rel=\"noopener noreferrer\">Sadzby platn\u00e9 pre jednotkov\u00e9 pr\u00edspevky<\/a><\/li>\n<\/ul>\n<\/div><\/div><div class=\"w-separator size_medium\"><\/div><h1 class=\"w-text us_custom_eb849559\"><span url class=\"w-text-h\"><span class=\"w-text-value\">Mobilita pre administrat\u00edvnych pracovn\u00edkov<\/span><\/span><\/h1><div class=\"wpb_text_column\"><div class=\"wpb_wrapper\"><p>Zamestnanec si vyberie zahrani\u010dn\u00fa univerzitu, kde bude absolvova\u0165 \u0161kolenie. Vyplnen\u00fd program mobility- \u0161kolenia za\u0161le zamestnanec emailom na zahrani\u010dn\u00fa univerzitu a dohodne si podmienky a term\u00edn \u0161kolenia. Po\u017eiada o sp\u00e4tn\u00e9 zaslanie potvrden\u00e9ho programu \u0161kolenia. Po jeho z\u00edskan\u00ed ho zamestnanec spolu s vyplnenou prihl\u00e1\u0161kou doru\u010d\u00ed do stanoven\u00e9ho term\u00ednu na Refer\u00e1t pre vedeckov\u00fdskumn\u00fa \u010dinnos\u0165 a zahrani\u010dn\u00e9 vz\u0165ahy (AD313).<\/p>\n<p>V\u0161etky potrebn\u00e9 inform\u00e1cie tykaj\u00face sa dokumentov pred vycestovan\u00edm a po n\u00e1vrate zo \u0161kolenia n\u00e1jdete\u00a0<a href=\"https:\/\/www.uniza.sk\/images\/pdf\/mobilita-erasmus-zamestnanci\/2021\/06102021_Interne-pravidla-mobilita-zamestnanci-UNIZA-2021-2022.pdf\" target=\"_blank\" rel=\"noopener noreferrer\">TU<\/a>.<\/p>\n<ul>\n<li><a href=\"https:\/\/www.uniza.sk\/images\/pdf\/mobilita-erasmus-zamestnanci\/2023\/11092023_Interne-pravidla-mobilita-zamestnanci-UNIZA-2023-2024.pdf\" target=\"_blank\" rel=\"noopener noreferrer\">Mobilita pre pracovn\u00edkov &#8211; z\u00e1kladn\u00e9 inform\u00e1cie<\/a><\/li>\n<li><a href=\"https:\/\/fhv.uniza.sk\/web\/_dokumenty\/erasmus\/erasmus_mobprac_prihlaska.docx\" target=\"_blank\" rel=\"noopener noreferrer\">Prihl\u00e1\u0161ka na mobilitu pracovn\u00edkov<\/a><\/li>\n<li><a href=\"https:\/\/fhv.uniza.sk\/web\/_dokumenty\/erasmus\/erasmus_mobprac_program_sk.docx\" target=\"_blank\" rel=\"noopener noreferrer\">Program mobility pre pracovn\u00edkov<\/a>\u00a0(slovensk\u00e1 verzia)<\/li>\n<li><a href=\"https:\/\/fhv.uniza.sk\/web\/_dokumenty\/erasmus\/erasmus_mobprac_agreement.docx\" target=\"_blank\" rel=\"noopener noreferrer\">Staff Mobility for Training Mobility Agreement<\/a>\u00a0(anglick\u00e1 verzia)<\/li>\n<li><a href=\"https:\/\/www.uniza.sk\/images\/pdf\/mobilita-erasmus-zamestnanci\/2023\/12092023_Sadzby-na-AK-2023-2024-KA131.pdf\" target=\"_blank\" rel=\"noopener noreferrer\">Sadzby platn\u00e9 pre jednotkov\u00e9 pr\u00edspevky<\/a><\/li>\n<\/ul>\n<\/div><\/div><\/div><\/div><\/div><\/div><\/section>\n","protected":false},"excerpt":{"rendered":"Postup pri vybavovan\u00ed u\u010dite\u013eskej mobility U\u010dite\u013e si vyberie zahrani\u010dn\u00fa univerzitu pod\u013ea \u0161tudijn\u00e9ho programu\u00a0TU. Vypln\u00ed si Program v\u00fdu\u010dby (v pr\u00edpade, \u017ee ide do \u010cR, vypln\u00ed Program v\u00fdu\u010dby v SJ, v pr\u00edpade,...","protected":false},"author":1,"featured_media":0,"parent":0,"menu_order":0,"comment_status":"closed","ping_status":"closed","template":"","meta":{"_acf_changed":false,"footnotes":""},"class_list":["post-3529","page","type-page","status-publish","hentry"],"acf":[],"_links":{"self":[{"href":"https:\/\/umkd.uniza.sk\/index.php?rest_route=\/wp\/v2\/pages\/3529","targetHints":{"allow":["GET"]}}],"collection":[{"href":"https:\/\/umkd.uniza.sk\/index.php?rest_route=\/wp\/v2\/pages"}],"about":[{"href":"https:\/\/umkd.uniza.sk\/index.php?rest_route=\/wp\/v2\/types\/page"}],"author":[{"embeddable":true,"href":"https:\/\/umkd.uniza.sk\/index.php?rest_route=\/wp\/v2\/users\/1"}],"replies":[{"embeddable":true,"href":"https:\/\/umkd.uniza.sk\/index.php?rest_route=%2Fwp%2Fv2%2Fcomments&post=3529"}],"version-history":[{"count":3,"href":"https:\/\/umkd.uniza.sk\/index.php?rest_route=\/wp\/v2\/pages\/3529\/revisions"}],"predecessor-version":[{"id":3532,"href":"https:\/\/umkd.uniza.sk\/index.php?rest_route=\/wp\/v2\/pages\/3529\/revisions\/3532"}],"wp:attachment":[{"href":"https:\/\/umkd.uniza.sk\/index.php?rest_route=%2Fwp%2Fv2%2Fmedia&parent=3529"}],"curies":[{"name":"wp","href":"https:\/\/api.w.org\/{rel}","templated":true}]}}