{"id":3992,"date":"2026-04-01T14:34:03","date_gmt":"2026-04-01T12:34:03","guid":{"rendered":"https:\/\/umkd.uniza.sk\/?page_id=3992"},"modified":"2026-04-01T15:13:22","modified_gmt":"2026-04-01T13:13:22","slug":"vnutorny-system-kvality","status":"publish","type":"page","link":"https:\/\/umkd.uniza.sk\/?page_id=3992","title":{"rendered":"Vn\u00fatorn\u00fd syst\u00e9m kvality"},"content":{"rendered":"<section class=\"l-section wpb_row height_auto width_full\"><div class=\"l-section-h i-cf\"><div class=\"g-cols vc_row via_grid cols_1 laptops-cols_inherit tablets-cols_inherit mobiles-cols_1 valign_top type_default stacking_default\"><div class=\"wpb_column vc_column_container\"><div class=\"vc_column-inner\"><section class=\"l-section wpb_row us_custom_d9f2040e height_medium width_full\"><div class=\"l-section-overlay\" style=\"background:rgba(0,0,0,0.25)\"><\/div><div class=\"l-section-h i-cf\"><div class=\"g-cols vc_row via_grid cols_1 laptops-cols_inherit tablets-cols_inherit mobiles-cols_1 valign_top type_default stacking_default\"><div class=\"wpb_column vc_column_container\"><div class=\"vc_column-inner\"><div class=\"w-separator size_small\"><\/div><h1 class=\"w-post-elm post_title us_custom_6df4bc3a has_text_color align_center entry-title color_link_inherit\">Vn\u00fatorn\u00fd syst\u00e9m kvality<\/h1><div class=\"w-separator size_small\"><\/div><\/div><\/div><\/div><\/div><\/section>\n<\/div><\/div><\/div><\/div><\/section><section class=\"l-section wpb_row height_medium\"><div class=\"l-section-h i-cf\"><div class=\"g-cols vc_row via_grid cols_1 laptops-cols_inherit tablets-cols_inherit mobiles-cols_1 valign_top type_default stacking_default\"><div class=\"wpb_column vc_column_container\"><div class=\"vc_column-inner\"><div class=\"g-cols wpb_row via_grid cols_2 laptops-cols_inherit tablets-cols_inherit mobiles-cols_1 valign_top type_default stacking_default\"><div class=\"wpb_column vc_column_container\"><div class=\"vc_column-inner\"><h2 class=\"w-text\"><span url class=\"w-text-h\"><span class=\"w-text-value\">Kvalita na UMKD UNIZA<\/span><\/span><\/h2><div class=\"wpb_text_column\"><div class=\"wpb_wrapper\"><p>Kvalita vysoko\u0161kolsk\u00e9ho vzdel\u00e1vania je indik\u00e1torom \u00farovne a \u00faspe\u0161nosti vysokej \u0161koly. Kvalita vysoko\u0161kolsk\u00e9ho vzdel\u00e1vania sa na UNIZA riadi vn\u00fatorn\u00fdm syst\u00e9mom zabezpe\u010dovania kvality vzdel\u00e1vania (\u010falej VSK), ktor\u00fd bol vytvoren\u00fd v zmysle po\u017eiadaviek z\u00e1kona \u010d. 131\/2002 Z. z. o vysok\u00fdch \u0161kol\u00e1ch a o zmene a doplnen\u00ed niektor\u00fdch z\u00e1konov a z\u00e1kona \u010d. 269\/2018 Z. z. o zabezpe\u010dovan\u00ed kvality vysoko\u0161kolsk\u00e9ho vzdel\u00e1vania a o zmene a doplnen\u00ed z\u00e1kona \u010d. 343\/2015 Z. z. o verejnom obstar\u00e1van\u00ed a o zmene a doplnen\u00ed niektor\u00fdch z\u00e1konov v znen\u00ed neskor\u0161\u00edch predpisov, re\u0161pektuj\u00fac \u0161tandardy Slovenskej akredita\u010dnej agent\u00fary pre vysok\u00e9 \u0161kolstvo a Dlhodob\u00fd z\u00e1mer UNIZA na roky 2021 &#8211; 2027.<\/p>\n<p>Z\u00e1kladn\u00fdm dokumentom UNIZA vo vz\u0165ahu ku kvalite je\u00a0<a href=\"https:\/\/www.uniza.sk\/images\/pdf\/kvalita\/2022\/smernica-UNIZA-c-222-dodatok-1.pdf\" target=\"_blank\" rel=\"noopener\">Smernica \u010d. 222 Vn\u00fatorn\u00fd syst\u00e9m zabezpe\u010dovania kvality na \u017dilinskej univerzite v \u017diline<\/a>. VSK plat\u00ed pre oblas\u0165 vzdel\u00e1vania a oblas\u0165 prepojenia vedy a v\u00fdskumu na vzdel\u00e1vanie. Z\u00e1rove\u0148 zoh\u013ead\u0148uje jedine\u010dnos\u0165 akademick\u00e9ho prostredia a prispieva ku kvalite nastaven\u00fdch riadiacich procesov.<\/p>\n<\/div><\/div><div class=\"w-text us_custom_0f8f44b7 icon_atleft\"><a href=\"https:\/\/www.uniza.sk\/index.php\/univerzita\/vseobecne-informacie\/vnutorny-system-zabezpecovania-kvality-uniza\" class=\"w-text-h\" target=\"_blank\" rel=\"noopener\"><i class=\"fas fa-university\"><\/i><span class=\"w-text-value\">Inform\u00e1cie o VSK na UNIZA<\/span><\/a><\/div><\/div><\/div><div class=\"wpb_column vc_column_container\"><div class=\"vc_column-inner\"><h2 class=\"w-text\"><span url class=\"w-text-h\"><span class=\"w-text-value\">Zoznam autor\u00edt z praxe<\/span><\/span><\/h2><div class=\"wpb_text_column\"><div class=\"wpb_wrapper\"><p>R\u00e1mcov\u00e9 dohody s autoritami z praxe (pod\u013ea Smernice UNIZA \u010d. 214 \u2013 \u010dl. 23):<\/p>\n<ul>\n<li><a href=\"https:\/\/www.minv.sk\/?statny-archiv-v-bytci\" target=\"_blank\" rel=\"noopener\">\u0160t\u00e1tny arch\u00edv v \u017diline so s\u00eddlom v Byt\u010di<\/a><\/li>\n<li><a href=\"http:\/\/www.juls.savba.sk\/\" target=\"_blank\" rel=\"noopener\">J\u00da\u013d\u0160 SAV Bratislava<\/a><\/li>\n<li><a href=\"https:\/\/www.kniznica-cadca.sk\/\" target=\"_blank\" rel=\"noopener\">Kysuck\u00e1 kni\u017enica v \u010cadci<\/a><\/li>\n<li><a href=\"https:\/\/www.cvizilina.sk\/\" target=\"_blank\" rel=\"noopener\">Centrum v\u010dasnej intervencie \u017dilina, n. o.<\/a><\/li>\n<li><a href=\"https:\/\/cpppapzilina.sk\/\" target=\"_blank\" rel=\"noopener\">Centrum poradenstva a prevencie, \u017dilina<\/a><\/li>\n<li><a href=\"https:\/\/www.infolib.sk\/sk\/spolok-slovenskych-knihovnikov-kniznic\/\" target=\"_blank\" rel=\"noopener\">Spolok slovensk\u00fdch knihovn\u00edkov a kni\u017en\u00edc<\/a><\/li>\n<li><a href=\"https:\/\/cestykpodnikaniu.sk\/\" target=\"_blank\" rel=\"noopener\">Cesty k podnikaniu<\/a><\/li>\n<li><a href=\"https:\/\/parnas.sk\/\" target=\"_blank\" rel=\"noopener\">Parnas Slovakia, s. r. o.<\/a><\/li>\n<li><a href=\"http:\/\/www.krajskakniznicazilina.sk\/\" target=\"_blank\" rel=\"noopener\">Krajsk\u00e1 kni\u017enica v \u017diline<\/a><\/li>\n<li><a href=\"https:\/\/uk.sav.sk\/\" target=\"_blank\" rel=\"noopener\">\u00dastredn\u00e1 kni\u017enica SAV, Bratislava<\/a><\/li>\n<li><a href=\"https:\/\/www.pgu.sk\/\" target=\"_blank\" rel=\"noopener\">Pova\u017esk\u00e1 gal\u00e9ria umenia, \u017dilina<\/a><\/li>\n<li><a href=\"https:\/\/sakba.sk\/\" target=\"_blank\" rel=\"noopener\">Slovensk\u00e1 asoci\u00e1cia kni\u017en\u00edc<\/a><\/li>\n<li><a href=\"https:\/\/www.kosicekmk.sk\/\" target=\"_blank\" rel=\"noopener\">Kni\u017enica pre ml\u00e1de\u017e Ko\u0161ice<\/a><\/li>\n<li><a href=\"https:\/\/krkszilina.sk\/\" target=\"_blank\" rel=\"noopener\">Krajsk\u00e9 kult\u00farne stredisko v \u017diline<\/a><\/li>\n<li><a href=\"https:\/\/history.sav.sk\/\" target=\"_blank\" rel=\"noopener\">Historick\u00fd \u00fastav SAV<\/a><\/li>\n<li><a href=\"https:\/\/svkbb.eu\/\" target=\"_blank\" rel=\"noopener\">\u0160t\u00e1tna vedeck\u00e1 kni\u017enica Bansk\u00e1 Bystrica<\/a><\/li>\n<li><a href=\"https:\/\/www.divadlozilina.eu\/\" target=\"_blank\" rel=\"noopener\">Mestsk\u00e9 divadlo \u017dilina<\/a><\/li>\n<li><a href=\"https:\/\/www.ssn.sk\/\" target=\"_blank\" rel=\"noopener\">Slovensk\u00fd syndik\u00e1t novin\u00e1rov<\/a><\/li>\n<li><a href=\"https:\/\/www.galerialm.sk\/\" target=\"_blank\" rel=\"noopener\">Liptovsk\u00e1 gal\u00e9ria P M. Boh\u00fa\u0148a, Liptovsk\u00fd Mikul\u00e1\u0161<\/a><\/li>\n<li><a href=\"https:\/\/www.netmarketer.sk\/\" target=\"_blank\" rel=\"noopener\">Netmarketer, s.r.o.<\/a><\/li>\n<li><a href=\"https:\/\/www.kulturnekysuce.sk\/\" target=\"_blank\" rel=\"noopener\">Kysuck\u00e9 kult\u00farne stredisko v \u010cadci<\/a><\/li>\n<\/ul>\n<\/div><\/div><\/div><\/div><\/div><\/div><\/div><\/div><\/div><\/section>\n","protected":false},"excerpt":{"rendered":"Vn\u00fatorn\u00fd syst\u00e9m kvality Kvalita na UMKD UNIZAKvalita vysoko\u0161kolsk\u00e9ho vzdel\u00e1vania je indik\u00e1torom \u00farovne a \u00faspe\u0161nosti vysokej \u0161koly. Kvalita vysoko\u0161kolsk\u00e9ho vzdel\u00e1vania sa na UNIZA riadi vn\u00fatorn\u00fdm syst\u00e9mom zabezpe\u010dovania kvality vzdel\u00e1vania (\u010falej VSK),...","protected":false},"author":3,"featured_media":0,"parent":0,"menu_order":0,"comment_status":"closed","ping_status":"closed","template":"","meta":{"_acf_changed":false,"footnotes":""},"class_list":["post-3992","page","type-page","status-publish","hentry"],"acf":[],"_links":{"self":[{"href":"https:\/\/umkd.uniza.sk\/index.php?rest_route=\/wp\/v2\/pages\/3992","targetHints":{"allow":["GET"]}}],"collection":[{"href":"https:\/\/umkd.uniza.sk\/index.php?rest_route=\/wp\/v2\/pages"}],"about":[{"href":"https:\/\/umkd.uniza.sk\/index.php?rest_route=\/wp\/v2\/types\/page"}],"author":[{"embeddable":true,"href":"https:\/\/umkd.uniza.sk\/index.php?rest_route=\/wp\/v2\/users\/3"}],"replies":[{"embeddable":true,"href":"https:\/\/umkd.uniza.sk\/index.php?rest_route=%2Fwp%2Fv2%2Fcomments&post=3992"}],"version-history":[{"count":15,"href":"https:\/\/umkd.uniza.sk\/index.php?rest_route=\/wp\/v2\/pages\/3992\/revisions"}],"predecessor-version":[{"id":3995,"href":"https:\/\/umkd.uniza.sk\/index.php?rest_route=\/wp\/v2\/pages\/3992\/revisions\/3995"}],"wp:attachment":[{"href":"https:\/\/umkd.uniza.sk\/index.php?rest_route=%2Fwp%2Fv2%2Fmedia&parent=3992"}],"curies":[{"name":"wp","href":"https:\/\/api.w.org\/{rel}","templated":true}]}}