{"id":4159,"date":"2026-04-20T16:06:01","date_gmt":"2026-04-20T14:06:01","guid":{"rendered":"https:\/\/umkd.uniza.sk\/?page_id=4159"},"modified":"2026-04-21T09:11:16","modified_gmt":"2026-04-21T07:11:16","slug":"virtualna-realita","status":"publish","type":"page","link":"https:\/\/umkd.uniza.sk\/?page_id=4159","title":{"rendered":"Virtu\u00e1lna realita"},"content":{"rendered":"<section class=\"l-section wpb_row height_auto width_full\"><div class=\"l-section-h i-cf\"><div class=\"g-cols vc_row via_grid cols_1 laptops-cols_inherit tablets-cols_inherit mobiles-cols_1 valign_top type_default stacking_default\"><div class=\"wpb_column vc_column_container\"><div class=\"vc_column-inner\"><section class=\"l-section wpb_row us_custom_d9f2040e height_medium width_full\"><div class=\"l-section-overlay\" style=\"background:rgba(0,0,0,0.25)\"><\/div><div class=\"l-section-h i-cf\"><div class=\"g-cols vc_row via_grid cols_1 laptops-cols_inherit tablets-cols_inherit mobiles-cols_1 valign_top type_default stacking_default\"><div class=\"wpb_column vc_column_container\"><div class=\"vc_column-inner\"><div class=\"w-separator size_small\"><\/div><h1 class=\"w-post-elm post_title us_custom_6df4bc3a has_text_color align_center entry-title color_link_inherit\">Virtu\u00e1lna realita<\/h1><div class=\"w-separator size_small\"><\/div><\/div><\/div><\/div><\/div><\/section>\n<\/div><\/div><\/div><\/div><\/section><section class=\"l-section wpb_row height_medium\"><div class=\"l-section-h i-cf\"><div class=\"g-cols vc_row via_grid cols_1 laptops-cols_inherit tablets-cols_inherit mobiles-cols_1 valign_top type_default stacking_default\"><div class=\"wpb_column vc_column_container\"><div class=\"vc_column-inner\"><div class=\"g-cols wpb_row via_grid cols_1 laptops-cols_inherit tablets-cols_inherit mobiles-cols_1 valign_middle type_default stacking_default\"><div class=\"wpb_column vc_column_container\"><div class=\"vc_column-inner\"><h2 class=\"w-text\"><span url class=\"w-text-h\"><span class=\"w-text-value\">Implement\u00e1cia technol\u00f3gi\u00ed do akademick\u00e9ho prostredia na UMKD<\/span><\/span><\/h2><div class=\"w-separator size_medium\"><\/div><\/div><\/div><\/div><div class=\"g-cols wpb_row via_grid cols_2-1 laptops-cols_inherit tablets-cols_inherit mobiles-cols_1 valign_top type_default stacking_default\"><div class=\"wpb_column vc_column_container\"><div class=\"vc_column-inner\"><div class=\"wpb_text_column\"><div class=\"wpb_wrapper\"><div class=\"x_elementToProof\" data-olk-copy-source=\"MessageBody\">\n<p>V s\u00falade so strategick\u00fdm cie\u013eom moderniz\u00e1cie v\u00fdchovno-vzdel\u00e1vacieho procesu a zvy\u0161ovania kvality vedeck\u00e9ho v\u00fdskumu n\u00e1\u0161 \u00fastav akt\u00edvne vyu\u017e\u00edva\u00a0<b>pokro\u010dil\u00e9 syst\u00e9my virtu\u00e1lnej reality (VR)<\/b>. T\u00e1to technol\u00f3gia pre n\u00e1s nepredstavuje len modern\u00fd doplnok, ale st\u00e1va sa k\u013e\u00fa\u010dov\u00fdm n\u00e1strojom novej gener\u00e1cie vzdel\u00e1vania, ktor\u00fd re\u0161pektuje aktu\u00e1lne trendy v digitaliz\u00e1cii a priemyselnej transform\u00e1cii.<\/p>\n<p><b>Hlavn\u00e9 piliere vyu\u017eitia VR na na\u0161om pracovisku:<\/b><\/p>\n<\/div>\n<div><\/div>\n<ul data-path-to-node=\"5\">\n<li>\n<div class=\"x_elementToProof\" role=\"presentation\"><b>Inovat\u00edvna pedagogika a interaktivita:<\/b>\u00a0Virtu\u00e1lna realita n\u00e1m umo\u017e\u0148uje transformova\u0165 pas\u00edvne prij\u00edmanie vedomost\u00ed na akt\u00edvnu sk\u00fasenos\u0165. \u0160tudenti maj\u00fa mo\u017enos\u0165 pracova\u0165 v simulovanom prostred\u00ed, ktor\u00e9 verne modeluje re\u00e1lne situ\u00e1cie, procesy \u010di objekty, ktor\u00e9 by boli v be\u017en\u00fdch podmienkach \u0165a\u017eko dostupn\u00e9, n\u00e1kladn\u00e9 alebo rizikov\u00e9.<\/div>\n<\/li>\n<li>\n<div class=\"x_elementToProof\" role=\"presentation\"><b>Bezpe\u010dn\u00e9 prostredie pre experiment\u00e1lny v\u00fdskum:<\/b>\u00a0Vedecko-v\u00fdskumn\u00e9 aktivity \u00fastavu vyu\u017e\u00edvaj\u00fa VR na testovanie hypot\u00e9z a vizualiz\u00e1ciu d\u00e1t v trojrozmernom priestore. Toto imerz\u00edvne prostredie poskytuje na\u0161im pracovn\u00edkom a \u0161tudentom bezpe\u010dn\u00fd priestor na realiz\u00e1ciu komplexn\u00fdch simul\u00e1ci\u00ed bez rizika po\u0161kodenia drah\u00fdch zariaden\u00ed alebo ohrozenia bezpe\u010dnosti.<\/div>\n<\/li>\n<li>\n<div class=\"x_elementToProof\" role=\"presentation\">\n<div class=\"x_elementToProof\"><b>Prepojenie te\u00f3rie s praxou (Bridging the Gap):<\/b>\u00a0Implement\u00e1ciou VR do kurikula vytv\u00e1rame unik\u00e1tny most medzi teoretick\u00fdmi predn\u00e1\u0161kami a praktick\u00fdmi aplik\u00e1ciami. T\u00fdmto sp\u00f4sobom pripravujeme na\u0161ich absolventov na vysok\u00e9 n\u00e1roky s\u00fa\u010dasn\u00e9ho trhu pr\u00e1ce, kde je digit\u00e1lna gramotnos\u0165 a schopnos\u0165 pracova\u0165 v simulovan\u00fdch prostrediach \u010doraz \u010dastej\u0161ou po\u017eiadavkou.<\/div>\n<\/div>\n<\/li>\n<li>\n<div class=\"x_elementToProof\" role=\"presentation\"><b>Multidisciplin\u00e1rny rozvoj:<\/b>\u00a0Na\u0161e pracovisko virtu\u00e1lnej reality sl\u00fa\u017ei aj ako platforma pre medziodborov\u00fa spolupr\u00e1cu. Flexibilita syst\u00e9mu umo\u017e\u0148uje jeho adapt\u00e1ciu na \u0161irok\u00e9 spektrum vedeck\u00fdch discipl\u00edn, od technick\u00fdch simul\u00e1ci\u00ed a\u017e po tr\u00e9ning m\u00e4kk\u00fdch zru\u010dnost\u00ed \u010di priestorov\u00e9 pl\u00e1novanie.<\/div>\n<\/li>\n<\/ul>\n<p class=\"x_elementToProof\"><b>Z\u00e1v\u00e4zok k technologick\u00e9mu rastu<\/b><\/p>\n<div class=\"x_elementToProof\">Dostupnos\u0165 virtu\u00e1lnej reality na na\u0161om \u00fastave reflektuje na\u0161e odhodlanie vytv\u00e1ra\u0165\u00a0<b>stimuluj\u00face a konkurencieschopn\u00e9 prostredie<\/b>. Neust\u00e1le investujeme do aktualiz\u00e1cie softv\u00e9rov\u00e9ho vybavenia a roz\u0161irovania kni\u017enice scen\u00e1rov tak, aby na\u0161a infra\u0161trukt\u00fara zodpovedala najvy\u0161\u0161\u00edm medzin\u00e1rodn\u00fdm \u0161tandardom v oblasti vysoko\u0161kolsk\u00e9ho vzdel\u00e1vania a vedy.<\/div>\n<\/div><\/div><\/div><\/div><div class=\"wpb_column vc_column_container\"><div class=\"vc_column-inner\"><div class=\"w-iconbox us_custom_478a8313 iconpos_top style_default color_primary align_center\"><a href=\"http:\/\/www.fhv.uniza.sk\/kurzmed\/\" class=\"w-iconbox-link\" aria-label=\"Kontakt\" target=\"_blank\" rel=\"noopener\"><div class=\"w-iconbox-icon\" style=\"font-size:4rem;\"><i class=\"far fa-envelope\"><\/i><\/div><\/a><div class=\"w-iconbox-meta\"><a href=\"http:\/\/www.fhv.uniza.sk\/kurzmed\/\" class=\"w-iconbox-link\" aria-label=\"Kontakt\" target=\"_blank\" rel=\"noopener\"><h6 class=\"w-iconbox-title\">Kontakt<\/h6><\/a><div class=\"w-iconbox-text\"><p style=\"text-align: center;\">Mgr. <strong>Vladim\u00edr Filip<\/strong>, PhD.<br \/>\nkancel\u00e1ria: AC315<br \/>\nVR laborat\u00f3rium: AFS08<br \/>\ntel.: +421 41 513 6139<br \/>\ne-mail:\u00a0<a href=\"mailto:vladimir.filip@umkd.uniza.sk\">vladimir.filip@umkd.uniza.sk<\/a><\/p>\n<\/div><\/div><\/div><\/div><\/div><\/div><div class=\"w-separator size_medium\"><\/div>[vc_gallery type=&#8220;image_grid&#8220; images=&#8220;4172,4174,4175,4173&#8243; img_size=&#8220;medium&#8220;]<\/div><\/div><\/div><\/div><\/section>\n","protected":false},"excerpt":{"rendered":"Virtu\u00e1lna realita Implement\u00e1cia technol\u00f3gi\u00ed do akademick\u00e9ho prostredia na UMKD V s\u00falade so strategick\u00fdm cie\u013eom moderniz\u00e1cie v\u00fdchovno-vzdel\u00e1vacieho procesu a zvy\u0161ovania kvality vedeck\u00e9ho v\u00fdskumu n\u00e1\u0161 \u00fastav akt\u00edvne vyu\u017e\u00edva\u00a0pokro\u010dil\u00e9 syst\u00e9my virtu\u00e1lnej reality (VR)....","protected":false},"author":3,"featured_media":0,"parent":0,"menu_order":0,"comment_status":"closed","ping_status":"closed","template":"","meta":{"_acf_changed":false,"footnotes":""},"class_list":["post-4159","page","type-page","status-publish","hentry"],"acf":[],"_links":{"self":[{"href":"https:\/\/umkd.uniza.sk\/index.php?rest_route=\/wp\/v2\/pages\/4159","targetHints":{"allow":["GET"]}}],"collection":[{"href":"https:\/\/umkd.uniza.sk\/index.php?rest_route=\/wp\/v2\/pages"}],"about":[{"href":"https:\/\/umkd.uniza.sk\/index.php?rest_route=\/wp\/v2\/types\/page"}],"author":[{"embeddable":true,"href":"https:\/\/umkd.uniza.sk\/index.php?rest_route=\/wp\/v2\/users\/3"}],"replies":[{"embeddable":true,"href":"https:\/\/umkd.uniza.sk\/index.php?rest_route=%2Fwp%2Fv2%2Fcomments&post=4159"}],"version-history":[{"count":16,"href":"https:\/\/umkd.uniza.sk\/index.php?rest_route=\/wp\/v2\/pages\/4159\/revisions"}],"predecessor-version":[{"id":4180,"href":"https:\/\/umkd.uniza.sk\/index.php?rest_route=\/wp\/v2\/pages\/4159\/revisions\/4180"}],"wp:attachment":[{"href":"https:\/\/umkd.uniza.sk\/index.php?rest_route=%2Fwp%2Fv2%2Fmedia&parent=4159"}],"curies":[{"name":"wp","href":"https:\/\/api.w.org\/{rel}","templated":true}]}}