{"id":309,"date":"2020-01-13T11:17:52","date_gmt":"2020-01-13T11:17:52","guid":{"rendered":"https:\/\/demosites.io\/web-agency-gb\/?page_id=5"},"modified":"2026-02-19T13:16:41","modified_gmt":"2026-02-19T12:16:41","slug":"15c42-web-agency-gb-home","status":"publish","type":"page","link":"https:\/\/umkd.uniza.sk\/medgram\/","title":{"rendered":"Home"},"content":{"rendered":"\n<div class=\"wp-block-cover alignfull is-light ticss-e00d019a\" style=\"min-height:636px;aspect-ratio:unset;\"><img loading=\"lazy\" decoding=\"async\" width=\"1280\" height=\"673\" class=\"wp-block-cover__image-background wp-image-437 size-full\" alt=\"\" src=\"https:\/\/umkd.uniza.sk\/medconf\/wp-content\/uploads\/2025\/10\/bg-1.png\" data-object-fit=\"cover\" srcset=\"https:\/\/umkd.uniza.sk\/medgram\/wp-content\/uploads\/2025\/10\/bg-1.png 1280w, https:\/\/umkd.uniza.sk\/medgram\/wp-content\/uploads\/2025\/10\/bg-1-300x158.png 300w, https:\/\/umkd.uniza.sk\/medgram\/wp-content\/uploads\/2025\/10\/bg-1-1024x538.png 1024w, https:\/\/umkd.uniza.sk\/medgram\/wp-content\/uploads\/2025\/10\/bg-1-768x404.png 768w\" sizes=\"auto, (max-width: 1280px) 100vw, 1280px\" \/><span aria-hidden=\"true\" class=\"wp-block-cover__background has-background-dim-0 has-background-dim\" style=\"background-color:#fbfbfb\"><\/span><div class=\"wp-block-cover__inner-container is-layout-flow wp-block-cover-is-layout-flow\">\n<h1 class=\"wp-block-heading has-text-align-center has-text-color\" style=\"color:#121212\">MedGRAM 2025<\/h1>\n\n\n\n<p class=\"has-text-align-center has-large-font-size\">Medzin\u00e1rodn\u00e1 vedeck\u00e1 konferencia<\/p>\n\n\n\n<p class=\"has-text-align-center ticss-8ab24cd1 has-text-color\" style=\"color:#121212\"><a href=\"https:\/\/umkd.uniza.sk\" target=\"_blank\" rel=\"noreferrer noopener\">\u00dastav mediamatiky a kult\u00farneho dedi\u010dstva \u017dilinskej univerzity v \u017diline<\/a> V\u00e1s poz\u00fdva na medzin\u00e1rodn\u00fa vedeck\u00fa konferenciu <strong>MedGRAM 2025<\/strong> &#8211; <strong>Medi\u00e1lna gramotnos\u0165 v kontexte vedy a v\u00fdskumu <\/strong>(<strong>Media literacy in the context of science and research<\/strong>), ktor\u00e1 sa uskuto\u010dn\u00ed <strong>10. decembra 2025<\/strong>. Konferencia sa zameria na prepojenie medi\u00e1lnej gramotnosti a v\u00fdskumu, s d\u00f4razom na udr\u017eate\u013en\u00fd spolo\u010densk\u00fd rozvoj. \u00da\u010dastn\u00edci bud\u00fa ma\u0165 pr\u00edle\u017eitos\u0165 prezentova\u0165 svoje v\u00fdskumy a diskutova\u0165 o aktu\u00e1lnych trendoch v tejto oblasti. Na konferenciu sa <strong>neplat\u00ed \u00fa\u010dastn\u00edcky poplatok<\/strong>.<\/p>\n\n\n\n<div class=\"wp-block-buttons is-horizontal is-content-justification-center is-layout-flex wp-container-core-buttons-is-layout-499968f5 wp-block-buttons-is-layout-flex\">\n<div class=\"wp-block-button is-style-primary\"><a class=\"wp-block-button__link wp-element-button\" href=\"https:\/\/umkd.uniza.sk\/medgram\/wp-content\/uploads\/2025\/12\/program2025.pdf\" target=\"_blank\" rel=\"noreferrer noopener\">Program konferencie<\/a><\/div>\n\n\n\n<div class=\"wp-block-button is-style-primary\"><a class=\"wp-block-button__link wp-element-button\" href=\"https:\/\/umkd.uniza.sk\/mkdrevue\/vydanie\/02_2025\/02_2025_vahancik_1.pdf\" target=\"_blank\" rel=\"noreferrer noopener\">Spr\u00e1va z konferencie<\/a><\/div>\n\n\n\n<div class=\"wp-block-button is-style-primary\"><a class=\"wp-block-button__link wp-element-button\" href=\"https:\/\/umkd.uniza.sk\/medgram\/wp-content\/uploads\/2026\/02\/zbornik_abstrakty2025.pdf\" target=\"_blank\" rel=\"noreferrer noopener\">Zborn\u00edk abstraktov<\/a><\/div>\n<\/div>\n<\/div><\/div>\n\n\n\n<blockquote class=\"wp-block-quote is-layout-flow wp-block-quote-is-layout-flow\">\n<p><em>Konferencia je realizovan\u00e1 ako v\u00fdstup projektu VEGA <em><em>1\/0324\/25<\/em><\/em><\/em> <em><strong>Longitudin\u00e1lny v\u00fdskum medi\u00e1lnej gramotnosti v kontexte udr\u017eate\u013en\u00e9ho spolo\u010densk\u00e9ho rozvoja v podmienkach Slovenska<\/strong><\/em><\/p>\n<\/blockquote>\n\n\n\n<div class=\"wp-block-columns is-layout-flex wp-container-core-columns-is-layout-9d6595d7 wp-block-columns-is-layout-flex\">\n<div class=\"wp-block-column is-layout-flow wp-block-column-is-layout-flow\"><div class=\"wp-block-image\">\n<figure class=\"aligncenter size-large is-resized\"><img loading=\"lazy\" decoding=\"async\" width=\"880\" height=\"295\" src=\"https:\/\/umkd.uniza.sk\/medgram\/wp-content\/uploads\/2025\/10\/logo_mssr.png\" alt=\"\" class=\"wp-image-507\" style=\"width:227px;height:auto\" srcset=\"https:\/\/umkd.uniza.sk\/medgram\/wp-content\/uploads\/2025\/10\/logo_mssr.png 880w, https:\/\/umkd.uniza.sk\/medgram\/wp-content\/uploads\/2025\/10\/logo_mssr-300x101.png 300w, https:\/\/umkd.uniza.sk\/medgram\/wp-content\/uploads\/2025\/10\/logo_mssr-768x257.png 768w\" sizes=\"auto, (max-width: 880px) 100vw, 880px\" \/><\/figure>\n<\/div><\/div>\n\n\n\n<div class=\"wp-block-column is-layout-flow wp-block-column-is-layout-flow\">\n<figure class=\"wp-block-gallery has-nested-images columns-default is-cropped wp-block-gallery-1 is-layout-flex wp-block-gallery-is-layout-flex\">\n<figure class=\"wp-block-image size-large\"><img loading=\"lazy\" decoding=\"async\" width=\"1024\" height=\"265\" data-id=\"506\" src=\"https:\/\/umkd.uniza.sk\/medgram\/wp-content\/uploads\/2025\/10\/logo_umkd-1024x265.png\" alt=\"\" class=\"wp-image-506\" srcset=\"https:\/\/umkd.uniza.sk\/medgram\/wp-content\/uploads\/2025\/10\/logo_umkd-1024x265.png 1024w, https:\/\/umkd.uniza.sk\/medgram\/wp-content\/uploads\/2025\/10\/logo_umkd-300x78.png 300w, https:\/\/umkd.uniza.sk\/medgram\/wp-content\/uploads\/2025\/10\/logo_umkd-768x199.png 768w, https:\/\/umkd.uniza.sk\/medgram\/wp-content\/uploads\/2025\/10\/logo_umkd-1536x398.png 1536w, https:\/\/umkd.uniza.sk\/medgram\/wp-content\/uploads\/2025\/10\/logo_umkd-2048x530.png 2048w\" sizes=\"auto, (max-width: 1024px) 100vw, 1024px\" \/><\/figure>\n<\/figure>\n<\/div>\n\n\n\n<div class=\"wp-block-column is-layout-flow wp-block-column-is-layout-flow\"><div class=\"wp-block-image\">\n<figure class=\"alignright size-large is-resized\"><img loading=\"lazy\" decoding=\"async\" width=\"1024\" height=\"221\" src=\"https:\/\/umkd.uniza.sk\/medgram\/wp-content\/uploads\/2025\/11\/logo-1024x221.png\" alt=\"\" class=\"wp-image-645\" style=\"width:320px\" srcset=\"https:\/\/umkd.uniza.sk\/medgram\/wp-content\/uploads\/2025\/11\/logo-1024x221.png 1024w, https:\/\/umkd.uniza.sk\/medgram\/wp-content\/uploads\/2025\/11\/logo-300x65.png 300w, https:\/\/umkd.uniza.sk\/medgram\/wp-content\/uploads\/2025\/11\/logo-768x166.png 768w, https:\/\/umkd.uniza.sk\/medgram\/wp-content\/uploads\/2025\/11\/logo.png 1411w\" sizes=\"auto, (max-width: 1024px) 100vw, 1024px\" \/><\/figure>\n<\/div><\/div>\n<\/div>\n\n\n\n<div class=\"wp-block-cover alignfull\" style=\"min-height:600px;aspect-ratio:unset;\"><span aria-hidden=\"true\" class=\"wp-block-cover__background has-nv-dark-bg-background-color has-background-dim-100 has-background-dim\"><\/span><div class=\"wp-block-cover__inner-container is-layout-flow wp-block-cover-is-layout-flow\">\n<div class=\"wp-block-group\"><div class=\"wp-block-group__inner-container is-layout-flow wp-block-group-is-layout-flow\">\n<div style=\"height:55px\" aria-hidden=\"true\" class=\"wp-block-spacer\"><\/div>\n\n\n\n<div class=\"wp-block-columns are-vertically-aligned-center is-layout-flex wp-container-core-columns-is-layout-9d6595d7 wp-block-columns-is-layout-flex\">\n<div class=\"wp-block-column is-vertically-aligned-center is-layout-flow wp-block-column-is-layout-flow\" style=\"flex-basis:50%\">\n<figure class=\"wp-block-image size-full\"><img loading=\"lazy\" decoding=\"async\" width=\"1024\" height=\"1024\" src=\"https:\/\/umkd.uniza.sk\/medgram\/wp-content\/uploads\/2025\/10\/plagat_image.png\" alt=\"\" class=\"wp-image-464\" srcset=\"https:\/\/umkd.uniza.sk\/medgram\/wp-content\/uploads\/2025\/10\/plagat_image.png 1024w, https:\/\/umkd.uniza.sk\/medgram\/wp-content\/uploads\/2025\/10\/plagat_image-300x300.png 300w, https:\/\/umkd.uniza.sk\/medgram\/wp-content\/uploads\/2025\/10\/plagat_image-150x150.png 150w, https:\/\/umkd.uniza.sk\/medgram\/wp-content\/uploads\/2025\/10\/plagat_image-768x768.png 768w\" sizes=\"auto, (max-width: 1024px) 100vw, 1024px\" \/><\/figure>\n<\/div>\n\n\n\n<div class=\"wp-block-column is-vertically-aligned-center is-layout-flow wp-block-column-is-layout-flow\" style=\"padding-top:0;padding-right:var(--wp--preset--spacing--30);padding-bottom:0;padding-left:var(--wp--preset--spacing--30);flex-basis:50%\">\n<h2 class=\"wp-block-heading has-text-align-left has-nv-text-dark-bg-color has-text-color\">D\u00f4le\u017eit\u00e9 inform\u00e1cie<\/h2>\n\n\n\n<p class=\"has-text-align-left has-nv-text-dark-bg-color has-text-color\" style=\"font-size:17px\"><strong>Term\u00edn konania:<\/strong>&nbsp;10. december 2025<br><strong>Term\u00edn na zaslanie abstraktu:<\/strong>&nbsp;do&nbsp;30. novembra 2025<br><strong>Term\u00edn na zaslanie \u010dl\u00e1nku:&nbsp;<\/strong>do 31. janu\u00e1ra 2026<br><strong>Miesto:<\/strong>&nbsp;\u00dastav mediamatiky a kult\u00farneho dedi\u010dstva, \u017dilinsk\u00e1 univerzita v \u017diline<br><strong>Organiza\u010dn\u00fd v\u00fdbor konferencie<\/strong>: \u00dastav mediamatiky a kult\u00farneho dedi\u010dstva, \u017dilinsk\u00e1 univerzita v \u017diline<br><strong>\u00da\u010dastn\u00edcky poplatok:<\/strong>&nbsp;Bez poplatku<\/p>\n\n\n\n<p class=\"has-text-align-left has-nv-text-dark-bg-color has-text-color\" style=\"font-size:17px\"><strong>Dopl\u0148uj\u00face inform\u00e1cie:&nbsp;<\/strong>Prezentova\u0165 m\u00f4\u017eete v slovenskom, \u010deskom a anglickom jazyku. \u010cl\u00e1nok bude publikovan\u00fd iba v anglickom jazyku. Zborn\u00edk vyjde v elektronickej podobe.<\/p>\n<\/div>\n<\/div>\n\n\n\n<div style=\"height:40px\" aria-hidden=\"true\" class=\"wp-block-spacer\"><\/div>\n<\/div><\/div>\n<\/div><\/div>\n\n\n\n<p><\/p>\n\n\n\n<div class=\"wp-block-columns is-layout-flex wp-container-core-columns-is-layout-62db62f3 wp-block-columns-is-layout-flex\" style=\"padding-top:0;padding-bottom:0\">\n<div class=\"wp-block-column is-layout-flow wp-block-column-is-layout-flow\">\n<h3 class=\"wp-block-heading has-text-align-left\"><strong>Vedeck\u00fd v\u00fdbor<\/strong><\/h3>\n\n\n\n<ul class=\"wp-block-list\">\n<li><strong>doc. Mgr. Mari\u00e1n Grupa\u010d, PhD.<\/strong> (\u017dilinsk\u00e1 univerzita v\u202f\u017diline, SK)&nbsp;<\/li>\n\n\n\n<li><strong>prof. PhDr. M\u00e1ria B\u00e1torov\u00e1, DrSc.<\/strong> (\u017dilinsk\u00e1 univerzita v\u202f\u017diline, SK)&nbsp;<\/li>\n\n\n\n<li><strong>Mgr. Jakub \u0160vec, PhD.<\/strong> (Filozofick\u00fd \u00fastav SAV, Bratislava, SK)&nbsp;<\/li>\n\n\n\n<li><strong>doc. JUDr. J\u00e1n \u0160tefanica, PhD.<\/strong> (\u017dilinsk\u00e1 univerzita v\u202f\u017diline, SK)&nbsp;<\/li>\n\n\n\n<li><strong>prof. Ing. Tom\u00e1\u0161 Klie\u0161tik, PhD.<\/strong> (\u017dilinsk\u00e1 univerzita v\u202f\u017diline, SK)&nbsp;<\/li>\n\n\n\n<li><strong>prof. PhDr. \u013dudov\u00edt Hajduk, PhD.<\/strong> (Paneur\u00f3pska vysok\u00e1 \u0161kola, Bratislava, SK)&nbsp;<\/li>\n\n\n\n<li><strong>doc. PhDr. PaedDr. Miroslav Gejdo\u0161, PhD.<\/strong> (Katol\u00edcka univerzita v\u202fRu\u017eomberku, SK)&nbsp;<\/li>\n\n\n\n<li><strong>prof. PhDr. Erich Petl\u00e1k CSc.<\/strong> (SK)&nbsp;<\/li>\n\n\n\n<li><strong>assoc. prof. George Lazaroiu, PhD.<\/strong> (Spiru Haret University, Bucharest, RO)&nbsp;<\/li>\n\n\n\n<li><strong>doc. PaedDr. Martina Man\u011bnov\u00e1, PhD.<\/strong> (Univerzita Hradec Kr\u00e1lov\u00e9, CZ)<\/li>\n\n\n\n<li><strong>prof. UAFM dr. hab. Jan Wn\u0119k<\/strong> (Uniwersytet Andrzeja Frycza Modrzewskiego w Krakowie, PL)&nbsp;<\/li>\n<\/ul>\n<\/div>\n\n\n\n<div class=\"wp-block-column is-layout-flow wp-block-column-is-layout-flow\">\n<h3 class=\"wp-block-heading has-text-align-left\">Organiza\u010dn\u00fd v\u00fdbor<\/h3>\n\n\n\n<ul class=\"wp-block-list\">\n<li>doc. Mgr. Mari\u00e1n Grupa\u010d, PhD.<\/li>\n\n\n\n<li>PaedDr. Be\u00e1ta Po\u0161tekov\u00e1, PhD.<\/li>\n\n\n\n<li>Mgr. Martin Vahan\u010d\u00edk<\/li>\n\n\n\n<li>Mgr. Adam Chovanec<\/li>\n\n\n\n<li>Mgr. Mat\u00fa\u0161 Kubala<\/li>\n\n\n\n<li>Ing. D\u00e1vid P\u00e1l<\/li>\n\n\n\n<li>Mgr. Vladim\u00edr Filip, PhD.<\/li>\n\n\n\n<li>Mgr. Marek Hampl, Ph.D.<\/li>\n<\/ul>\n<\/div>\n<\/div>\n\n\n\n<div class=\"wp-block-columns alignfull has-nv-light-bg-background-color has-background is-layout-flex wp-container-core-columns-is-layout-bbf91c77 wp-block-columns-is-layout-flex\" style=\"padding-top:var(--wp--preset--spacing--30);padding-right:var(--wp--preset--spacing--60);padding-bottom:var(--wp--preset--spacing--30);padding-left:var(--wp--preset--spacing--60)\">\n<div class=\"wp-block-column is-layout-flow wp-block-column-is-layout-flow\" style=\"padding-top:var(--wp--preset--spacing--50);padding-bottom:var(--wp--preset--spacing--50)\"><div class=\"wp-block-image icon-style is-style-rounded\">\n<figure class=\"aligncenter size-large\"><img loading=\"lazy\" decoding=\"async\" width=\"72\" height=\"72\" src=\"https:\/\/umkd.uniza.sk\/medgram\/wp-content\/uploads\/2020\/01\/neve-webdesign-GB-03.png\" alt=\"\" class=\"wp-image-20\" title=\"\"\/><\/figure>\n<\/div>\n\n\n<div style=\"height:20px\" aria-hidden=\"true\" class=\"wp-block-spacer\"><\/div>\n\n\n\n<h3 class=\"wp-block-heading has-text-align-center has-neve-text-color-color has-text-color\">Digitaliz\u00e1cia v m\u00e9di\u00e1ch<\/h3>\n\n\n\n<p class=\"has-text-align-center\">Presk\u00famanie sp\u00f4sobu, ak\u00fdm digit\u00e1lne technol\u00f3gie ovplyv\u0148uj\u00fa lok\u00e1lne m\u00e9di\u00e1 a ich schopnos\u0165 oslovova\u0165 publikum.<\/p>\n<\/div>\n\n\n\n<div class=\"wp-block-column is-layout-flow wp-block-column-is-layout-flow\" style=\"padding-top:var(--wp--preset--spacing--50);padding-bottom:var(--wp--preset--spacing--50)\"><div class=\"wp-block-image icon-style is-style-rounded\">\n<figure class=\"aligncenter size-large\"><img loading=\"lazy\" decoding=\"async\" width=\"72\" height=\"72\" src=\"https:\/\/umkd.uniza.sk\/medgram\/wp-content\/uploads\/2020\/01\/neve-webdesign-GB-04.png\" alt=\"\" class=\"wp-image-21\"\/><\/figure>\n<\/div>\n\n\n<div style=\"height:20px\" aria-hidden=\"true\" class=\"wp-block-spacer\"><\/div>\n\n\n\n<h3 class=\"wp-block-heading has-text-align-center has-neve-text-color-color has-text-color\">Inov\u00e1cie a trendy<\/h3>\n\n\n\n<p class=\"has-text-align-center\">Objavovanie nov\u00fdch trendov a technol\u00f3gi\u00ed v medi\u00e1lnom prostred\u00ed.<\/p>\n<\/div>\n\n\n\n<div class=\"wp-block-column is-layout-flow wp-block-column-is-layout-flow\" style=\"padding-top:var(--wp--preset--spacing--50);padding-bottom:var(--wp--preset--spacing--50)\"><div class=\"wp-block-image icon-style is-style-rounded\">\n<figure class=\"aligncenter size-large\"><img loading=\"lazy\" decoding=\"async\" width=\"72\" height=\"72\" src=\"https:\/\/umkd.uniza.sk\/medgram\/wp-content\/uploads\/2020\/01\/neve-webdesign-GB-01.png\" alt=\"\" class=\"wp-image-18\"\/><\/figure>\n<\/div>\n\n\n<div style=\"height:20px\" aria-hidden=\"true\" class=\"wp-block-spacer\"><\/div>\n\n\n\n<h3 class=\"wp-block-heading has-text-align-center has-neve-text-color-color has-text-color\">Etika a zodpovednos\u0165<\/h3>\n\n\n\n<p class=\"has-text-align-center\">Diskusia o etick\u00fdch norm\u00e1ch v medi\u00e1lnej komunik\u00e1cii a ich vplyve na verejn\u00fa mienku.<\/p>\n<\/div>\n<\/div>\n","protected":false},"excerpt":{"rendered":"<p>Konferencia je realizovan\u00e1 ako v\u00fdstup projektu VEGA 1\/0324\/25 Longitudin\u00e1lny v\u00fdskum medi\u00e1lnej gramotnosti v kontexte udr\u017eate\u013en\u00e9ho spolo\u010densk\u00e9ho rozvoja v podmienkach Slovenska Vedeck\u00fd v\u00fdbor Organiza\u010dn\u00fd v\u00fdbor Digitaliz\u00e1cia v m\u00e9di\u00e1ch Presk\u00famanie sp\u00f4sobu, ak\u00fdm digit\u00e1lne technol\u00f3gie ovplyv\u0148uj\u00fa lok\u00e1lne m\u00e9di\u00e1 a ich schopnos\u0165 oslovova\u0165 publikum. Inov\u00e1cie a trendy Objavovanie nov\u00fdch trendov a technol\u00f3gi\u00ed v medi\u00e1lnom prostred\u00ed. Etika a zodpovednos\u0165 Diskusia&hellip;&nbsp;<a href=\"https:\/\/umkd.uniza.sk\/medgram\/\" rel=\"bookmark\"><span class=\"screen-reader-text\">Home<\/span><\/a><\/p>\n","protected":false},"author":1,"featured_media":0,"parent":0,"menu_order":0,"comment_status":"closed","ping_status":"closed","template":"","meta":{"neve_meta_sidebar":"default","neve_meta_container":"default","neve_meta_enable_content_width":"on","neve_meta_content_width":100,"neve_meta_title_alignment":"","neve_meta_author_avatar":"","neve_post_elements_order":"","neve_meta_disable_header":"","neve_meta_disable_footer":"","neve_meta_disable_title":"on","_themeisle_gutenberg_block_has_review":false,"footnotes":""},"class_list":["post-309","page","type-page","status-publish","hentry"],"_links":{"self":[{"href":"https:\/\/umkd.uniza.sk\/medgram\/index.php\/wp-json\/wp\/v2\/pages\/309","targetHints":{"allow":["GET"]}}],"collection":[{"href":"https:\/\/umkd.uniza.sk\/medgram\/index.php\/wp-json\/wp\/v2\/pages"}],"about":[{"href":"https:\/\/umkd.uniza.sk\/medgram\/index.php\/wp-json\/wp\/v2\/types\/page"}],"author":[{"embeddable":true,"href":"https:\/\/umkd.uniza.sk\/medgram\/index.php\/wp-json\/wp\/v2\/users\/1"}],"replies":[{"embeddable":true,"href":"https:\/\/umkd.uniza.sk\/medgram\/index.php\/wp-json\/wp\/v2\/comments?post=309"}],"version-history":[{"count":102,"href":"https:\/\/umkd.uniza.sk\/medgram\/index.php\/wp-json\/wp\/v2\/pages\/309\/revisions"}],"predecessor-version":[{"id":784,"href":"https:\/\/umkd.uniza.sk\/medgram\/index.php\/wp-json\/wp\/v2\/pages\/309\/revisions\/784"}],"wp:attachment":[{"href":"https:\/\/umkd.uniza.sk\/medgram\/index.php\/wp-json\/wp\/v2\/media?parent=309"}],"curies":[{"name":"wp","href":"https:\/\/api.w.org\/{rel}","templated":true}]}}