{"id":515,"date":"2025-10-27T12:22:46","date_gmt":"2025-10-27T12:22:46","guid":{"rendered":"https:\/\/umkd.uniza.sk\/medgram\/?page_id=515"},"modified":"2025-11-06T12:41:52","modified_gmt":"2025-11-06T11:41:52","slug":"o-konferencii","status":"publish","type":"page","link":"https:\/\/umkd.uniza.sk\/medgram\/index.php\/o-konferencii\/","title":{"rendered":"O konferencii"},"content":{"rendered":"\n<div class=\"wp-block-cover alignfull is-light ticss-e00d019a\" style=\"min-height:636px;aspect-ratio:unset;\"><img loading=\"lazy\" decoding=\"async\" width=\"1280\" height=\"673\" class=\"wp-block-cover__image-background wp-image-437 size-full\" alt=\"\" src=\"https:\/\/umkd.uniza.sk\/medconf\/wp-content\/uploads\/2025\/10\/bg-1.png\" data-object-fit=\"cover\" srcset=\"https:\/\/umkd.uniza.sk\/medgram\/wp-content\/uploads\/2025\/10\/bg-1.png 1280w, https:\/\/umkd.uniza.sk\/medgram\/wp-content\/uploads\/2025\/10\/bg-1-300x158.png 300w, https:\/\/umkd.uniza.sk\/medgram\/wp-content\/uploads\/2025\/10\/bg-1-1024x538.png 1024w, https:\/\/umkd.uniza.sk\/medgram\/wp-content\/uploads\/2025\/10\/bg-1-768x404.png 768w\" sizes=\"auto, (max-width: 1280px) 100vw, 1280px\" \/><span aria-hidden=\"true\" class=\"wp-block-cover__background has-background-dim-0 has-background-dim\" style=\"background-color:#fbfbfb\"><\/span><div class=\"wp-block-cover__inner-container is-layout-flow wp-block-cover-is-layout-flow\">\n<p><\/p>\n\n\n\n<h2 class=\"wp-block-heading has-text-align-center has-text-color\" style=\"color:#121212\">O konferencii<\/h2>\n\n\n\n<div class=\"wp-block-columns is-layout-flex wp-container-core-columns-is-layout-9d6595d7 wp-block-columns-is-layout-flex\">\n<div class=\"wp-block-column is-vertically-aligned-top is-layout-flow wp-block-column-is-layout-flow\">\n<figure class=\"wp-block-image size-full\"><img loading=\"lazy\" decoding=\"async\" width=\"1024\" height=\"1024\" src=\"https:\/\/umkd.uniza.sk\/medgram\/wp-content\/uploads\/2025\/10\/plagat_image.png\" alt=\"\" class=\"wp-image-464\" srcset=\"https:\/\/umkd.uniza.sk\/medgram\/wp-content\/uploads\/2025\/10\/plagat_image.png 1024w, https:\/\/umkd.uniza.sk\/medgram\/wp-content\/uploads\/2025\/10\/plagat_image-300x300.png 300w, https:\/\/umkd.uniza.sk\/medgram\/wp-content\/uploads\/2025\/10\/plagat_image-150x150.png 150w, https:\/\/umkd.uniza.sk\/medgram\/wp-content\/uploads\/2025\/10\/plagat_image-768x768.png 768w\" sizes=\"auto, (max-width: 1024px) 100vw, 1024px\" \/><\/figure>\n<\/div>\n\n\n\n<div class=\"wp-block-column is-layout-flow wp-block-column-is-layout-flow\" style=\"padding-right:var(--wp--preset--spacing--30);padding-left:var(--wp--preset--spacing--30)\">\n<p>Projekt <strong>\u201eLongitudin\u00e1lny v\u00fdskum medi\u00e1lnej gramotnosti v kontexte udr\u017eate\u013en\u00e9ho spolo\u010densk\u00e9ho rozvoja v podmienkach Slovenska\u201c<\/strong>, rie\u0161en\u00fd na \u00dastave mediamatiky a kult\u00farneho dedi\u010dstva&nbsp; \u017dilinskej univerzity v \u017diline, predstavuje systematick\u00fd vedeck\u00fd v\u00fdskum zameran\u00fd na sk\u00famanie a dlhodob\u00e9 sledovanie \u00farovne medi\u00e1lnej gramotnosti obyvate\u013eov Slovenska. Jeho hlavn\u00fdm cie\u013eom je vytvori\u0165 relevantn\u00fa datab\u00e1zu d\u00e1t, ktor\u00e1 umo\u017en\u00ed identifikova\u0165 trendy, dynamiku a soci\u00e1lne determinanty medi\u00e1lnej gramotnosti v kontexte trvalo udr\u017eate\u013en\u00e9ho spolo\u010densk\u00e9ho rozvoja.&nbsp;<\/p>\n\n\n\n<p>Projekt sa s\u00fastre\u010fuje na <strong>preh\u013abenie poznania vz\u0165ahu medzi medi\u00e1lnou a kult\u00farnou gramotnos\u0165ou, pr\u00edstupom k inform\u00e1ci\u00e1m a soci\u00e1lnou inkl\u00faziou<\/strong>. D\u00f4raz sa kladie na pochopenie medi\u00e1lnych n\u00e1vykov r\u00f4znych spolo\u010densk\u00fdch skup\u00edn, anal\u00fdzu ich informa\u010dn\u00fdch potrieb a vplyvu m\u00e9di\u00ed na ich postoje a spr\u00e1vanie. V\u00fdskum kombinuje <strong>kvantitat\u00edvne a kvalitat\u00edvne pr\u00edstupy<\/strong> a prebieha v troch intervaloch po\u010das rokov 2025 \u2013 2027, \u010d\u00edm nadob\u00fada charakter reprezentat\u00edvneho longitudin\u00e1lneho sk\u00famania.&nbsp;<\/p>\n<\/div>\n<\/div>\n\n\n\n<p>V\u00fdstupy projektu bud\u00fa sl\u00fa\u017ei\u0165 ako <strong>vedeck\u00fd a aplika\u010dn\u00fd z\u00e1klad pre tvorbu strat\u00e9gi\u00ed medi\u00e1lnej v\u00fdchovy, podporu kritick\u00e9ho myslenia a zvy\u0161ovanie informa\u010dnej gramotnosti<\/strong> v \u0161ir\u0161om spolo\u010denskom kontexte. Svoj\u00edm zameran\u00edm projekt prispieva k posil\u0148ovaniu rovnosti, inkl\u00fazie a k trvalo udr\u017eate\u013en\u00e9mu kult\u00farnemu a soci\u00e1lnemu rozvoju na Slovensku.&nbsp;<\/p>\n\n\n\n<p>Tento v\u00fdstup je s\u00fa\u010das\u0165ou prezent\u00e1cie rie\u0161ite\u013esk\u00e9ho kolekt\u00edvu VEGA na <strong>1. ro\u010dn\u00edku konferencie MedGRAM \u2013 Medi\u00e1lna gramotnos\u0165 v kontexte vedy a v\u00fdskumu<\/strong>, ktor\u00fa organizuje \u00dastav mediamatiky a kult\u00farneho dedi\u010dstva UNIZA.&nbsp;<\/p>\n\n\n\n<div class=\"wp-block-buttons is-horizontal is-content-justification-center is-layout-flex wp-container-core-buttons-is-layout-499968f5 wp-block-buttons-is-layout-flex\">\n<div class=\"wp-block-button is-style-primary\"><a class=\"wp-block-button__link wp-element-button\" href=\"https:\/\/docs.google.com\/forms\/d\/e\/1FAIpQLScKbKwUKvVtGH9Sw2qilTF5oFaO_jZDa8Er4PcDkEvWY_b5CA\/viewform?usp=header\" target=\"_blank\" rel=\"noreferrer noopener\">Prihl\u00e1si\u0165 sa na konferenciu<\/a><\/div>\n<\/div>\n\n\n\n<p><\/p>\n<\/div><\/div>\n\n\n\n<blockquote class=\"wp-block-quote is-layout-flow wp-block-quote-is-layout-flow\">\n<p><em>Konferencia je realizovan\u00e1 ako v\u00fdstup projektu VEGA <em><em>1\/0324\/25<\/em><\/em><\/em> <em><strong>Longitudin\u00e1lny v\u00fdskum medi\u00e1lnej gramotnosti v kontexte udr\u017eate\u013en\u00e9ho spolo\u010densk\u00e9ho rozvoja v podmienkach Slovenska<\/strong><\/em><\/p>\n<\/blockquote>\n\n\n\n<div class=\"wp-block-columns is-layout-flex wp-container-core-columns-is-layout-9d6595d7 wp-block-columns-is-layout-flex\">\n<div class=\"wp-block-column is-layout-flow wp-block-column-is-layout-flow\"><div class=\"wp-block-image\">\n<figure class=\"aligncenter size-large is-resized\"><img loading=\"lazy\" decoding=\"async\" width=\"880\" height=\"295\" src=\"https:\/\/umkd.uniza.sk\/medgram\/wp-content\/uploads\/2025\/10\/logo_mssr.png\" alt=\"\" class=\"wp-image-507\" style=\"width:227px;height:auto\" srcset=\"https:\/\/umkd.uniza.sk\/medgram\/wp-content\/uploads\/2025\/10\/logo_mssr.png 880w, https:\/\/umkd.uniza.sk\/medgram\/wp-content\/uploads\/2025\/10\/logo_mssr-300x101.png 300w, https:\/\/umkd.uniza.sk\/medgram\/wp-content\/uploads\/2025\/10\/logo_mssr-768x257.png 768w\" sizes=\"auto, (max-width: 880px) 100vw, 880px\" \/><\/figure>\n<\/div><\/div>\n\n\n\n<div class=\"wp-block-column is-layout-flow wp-block-column-is-layout-flow\">\n<figure class=\"wp-block-gallery has-nested-images columns-default is-cropped wp-block-gallery-1 is-layout-flex wp-block-gallery-is-layout-flex\">\n<figure class=\"wp-block-image size-large\"><img loading=\"lazy\" decoding=\"async\" width=\"1024\" height=\"265\" data-id=\"506\" src=\"https:\/\/umkd.uniza.sk\/medgram\/wp-content\/uploads\/2025\/10\/logo_umkd-1024x265.png\" alt=\"\" class=\"wp-image-506\" srcset=\"https:\/\/umkd.uniza.sk\/medgram\/wp-content\/uploads\/2025\/10\/logo_umkd-1024x265.png 1024w, https:\/\/umkd.uniza.sk\/medgram\/wp-content\/uploads\/2025\/10\/logo_umkd-300x78.png 300w, https:\/\/umkd.uniza.sk\/medgram\/wp-content\/uploads\/2025\/10\/logo_umkd-768x199.png 768w, https:\/\/umkd.uniza.sk\/medgram\/wp-content\/uploads\/2025\/10\/logo_umkd-1536x398.png 1536w, https:\/\/umkd.uniza.sk\/medgram\/wp-content\/uploads\/2025\/10\/logo_umkd-2048x530.png 2048w\" sizes=\"auto, (max-width: 1024px) 100vw, 1024px\" \/><\/figure>\n<\/figure>\n<\/div>\n\n\n\n<div class=\"wp-block-column is-layout-flow wp-block-column-is-layout-flow\"><div class=\"wp-block-image\">\n<figure class=\"alignright size-large\"><img loading=\"lazy\" decoding=\"async\" width=\"1024\" height=\"221\" src=\"https:\/\/umkd.uniza.sk\/medgram\/wp-content\/uploads\/2025\/11\/logo-1024x221.png\" alt=\"\" class=\"wp-image-645\" style=\"object-fit:cover\" srcset=\"https:\/\/umkd.uniza.sk\/medgram\/wp-content\/uploads\/2025\/11\/logo-1024x221.png 1024w, https:\/\/umkd.uniza.sk\/medgram\/wp-content\/uploads\/2025\/11\/logo-300x65.png 300w, https:\/\/umkd.uniza.sk\/medgram\/wp-content\/uploads\/2025\/11\/logo-768x166.png 768w, https:\/\/umkd.uniza.sk\/medgram\/wp-content\/uploads\/2025\/11\/logo.png 1411w\" sizes=\"auto, (max-width: 1024px) 100vw, 1024px\" \/><\/figure>\n<\/div><\/div>\n<\/div>\n\n\n\n<p><\/p>\n","protected":false},"excerpt":{"rendered":"<p>Konferencia je realizovan\u00e1 ako v\u00fdstup projektu VEGA 1\/0324\/25 Longitudin\u00e1lny v\u00fdskum medi\u00e1lnej gramotnosti v kontexte udr\u017eate\u013en\u00e9ho spolo\u010densk\u00e9ho rozvoja v podmienkach Slovenska<\/p>\n","protected":false},"author":1,"featured_media":0,"parent":0,"menu_order":0,"comment_status":"closed","ping_status":"closed","template":"","meta":{"neve_meta_sidebar":"default","neve_meta_container":"default","neve_meta_enable_content_width":"on","neve_meta_content_width":100,"neve_meta_title_alignment":"","neve_meta_author_avatar":"","neve_post_elements_order":"","neve_meta_disable_header":"","neve_meta_disable_footer":"","neve_meta_disable_title":"on","_themeisle_gutenberg_block_has_review":false,"footnotes":""},"class_list":["post-515","page","type-page","status-publish","hentry"],"_links":{"self":[{"href":"https:\/\/umkd.uniza.sk\/medgram\/index.php\/wp-json\/wp\/v2\/pages\/515","targetHints":{"allow":["GET"]}}],"collection":[{"href":"https:\/\/umkd.uniza.sk\/medgram\/index.php\/wp-json\/wp\/v2\/pages"}],"about":[{"href":"https:\/\/umkd.uniza.sk\/medgram\/index.php\/wp-json\/wp\/v2\/types\/page"}],"author":[{"embeddable":true,"href":"https:\/\/umkd.uniza.sk\/medgram\/index.php\/wp-json\/wp\/v2\/users\/1"}],"replies":[{"embeddable":true,"href":"https:\/\/umkd.uniza.sk\/medgram\/index.php\/wp-json\/wp\/v2\/comments?post=515"}],"version-history":[{"count":14,"href":"https:\/\/umkd.uniza.sk\/medgram\/index.php\/wp-json\/wp\/v2\/pages\/515\/revisions"}],"predecessor-version":[{"id":771,"href":"https:\/\/umkd.uniza.sk\/medgram\/index.php\/wp-json\/wp\/v2\/pages\/515\/revisions\/771"}],"wp:attachment":[{"href":"https:\/\/umkd.uniza.sk\/medgram\/index.php\/wp-json\/wp\/v2\/media?parent=515"}],"curies":[{"name":"wp","href":"https:\/\/api.w.org\/{rel}","templated":true}]}}