{"id":542,"date":"2025-10-27T13:00:05","date_gmt":"2025-10-27T13:00:05","guid":{"rendered":"https:\/\/umkd.uniza.sk\/medgram\/?page_id=542"},"modified":"2025-11-06T12:42:23","modified_gmt":"2025-11-06T11:42:23","slug":"pre-autorov","status":"publish","type":"page","link":"https:\/\/umkd.uniza.sk\/medgram\/index.php\/pre-autorov\/","title":{"rendered":"Pre autorov"},"content":{"rendered":"\n<div class=\"wp-block-cover alignfull is-light ticss-e00d019a\" style=\"min-height:636px;aspect-ratio:unset;\"><img loading=\"lazy\" decoding=\"async\" width=\"1280\" height=\"673\" class=\"wp-block-cover__image-background wp-image-437 size-full\" alt=\"\" src=\"https:\/\/umkd.uniza.sk\/medconf\/wp-content\/uploads\/2025\/10\/bg-1.png\" data-object-fit=\"cover\" srcset=\"https:\/\/umkd.uniza.sk\/medgram\/wp-content\/uploads\/2025\/10\/bg-1.png 1280w, https:\/\/umkd.uniza.sk\/medgram\/wp-content\/uploads\/2025\/10\/bg-1-300x158.png 300w, https:\/\/umkd.uniza.sk\/medgram\/wp-content\/uploads\/2025\/10\/bg-1-1024x538.png 1024w, https:\/\/umkd.uniza.sk\/medgram\/wp-content\/uploads\/2025\/10\/bg-1-768x404.png 768w\" sizes=\"auto, (max-width: 1280px) 100vw, 1280px\" \/><span aria-hidden=\"true\" class=\"wp-block-cover__background has-background-dim-0 has-background-dim\" style=\"background-color:#fbfbfb\"><\/span><div class=\"wp-block-cover__inner-container is-layout-flow wp-block-cover-is-layout-flow\">\n<p><\/p>\n\n\n\n<h2 class=\"wp-block-heading has-text-align-center has-text-color\" style=\"color:#121212\"><strong>Pre autorov<\/strong><\/h2>\n\n\n\n<div class=\"wp-block-columns is-layout-flex wp-container-core-columns-is-layout-9d6595d7 wp-block-columns-is-layout-flex\">\n<div class=\"wp-block-column is-layout-flow wp-block-column-is-layout-flow\">\n<p><strong>Term\u00edn na zaslanie abstraktu:<\/strong>&nbsp;do&nbsp;30. novembra 2025<br><strong>Term\u00edn na zaslanie \u010dl\u00e1nku:&nbsp;<\/strong>do 31. janu\u00e1ra 2026<\/p>\n\n\n\n<p>Prezentova\u0165 m\u00f4\u017eete v slovenskom, \u010deskom a anglickom jazyku. \u010cl\u00e1nok bude publikovan\u00fd iba v anglickom jazyku.<\/p>\n\n\n\n<p>V\u0161etk\u00fdch autorov, ktor\u00ed maj\u00fa z\u00e1ujem o prezent\u00e1ciu svojich pr\u00e1c na konferencii, \u017eiadame, aby pou\u017eili ni\u017e\u0161ie uveden\u00fa \u0161abl\u00f3nu. Pre bezprobl\u00e9mov\u00e9 spracovanie odpor\u00fa\u010dame dodr\u017ea\u0165 v\u0161etky pokyny v nej uveden\u00e9. V pr\u00edpade ak\u00fdchko\u013evek ot\u00e1zok n\u00e1s nev\u00e1hajte kontaktova\u0165 (na e-mailov\u00fa adresu uveden\u00fa ni\u017e\u0161ie).<\/p>\n\n\n\n<div class=\"wp-block-buttons is-layout-flex wp-block-buttons-is-layout-flex\">\n<div class=\"wp-block-button is-style-primary\"><a class=\"wp-block-button__link wp-element-button\" href=\"https:\/\/umkd.uniza.sk\/medgram\/wp-content\/uploads\/2025\/10\/template_en_instructions.docx\">\u0160abl\u00f3na pr\u00edspevku<\/a><\/div>\n<\/div>\n\n\n\n<p><\/p>\n\n\n\n<p>Pr\u00edspevky v \u0161abl\u00f3ne pros\u00edme zasla\u0165 na e-mailov\u00fa adresu:<\/p>\n\n\n\n<div class=\"wp-block-buttons is-layout-flex wp-block-buttons-is-layout-flex\">\n<div class=\"wp-block-button is-style-primary\"><a class=\"wp-block-button__link wp-element-button\" href=\"mailto:beata.postekova@umkd.uniza.sk\">beata.postekova@umkd.uniza.sk<\/a><\/div>\n<\/div>\n<\/div>\n\n\n\n<div class=\"wp-block-column is-layout-flow wp-block-column-is-layout-flow\">\n<figure class=\"wp-block-image size-full\"><img loading=\"lazy\" decoding=\"async\" width=\"1024\" height=\"1024\" src=\"https:\/\/umkd.uniza.sk\/medgram\/wp-content\/uploads\/2025\/10\/bg_media-2.png\" alt=\"\" class=\"wp-image-382\" srcset=\"https:\/\/umkd.uniza.sk\/medgram\/wp-content\/uploads\/2025\/10\/bg_media-2.png 1024w, https:\/\/umkd.uniza.sk\/medgram\/wp-content\/uploads\/2025\/10\/bg_media-2-300x300.png 300w, https:\/\/umkd.uniza.sk\/medgram\/wp-content\/uploads\/2025\/10\/bg_media-2-150x150.png 150w\" sizes=\"auto, (max-width: 1024px) 100vw, 1024px\" \/><\/figure>\n<\/div>\n<\/div>\n\n\n\n<p><\/p>\n<\/div><\/div>\n\n\n\n<blockquote class=\"wp-block-quote is-layout-flow wp-block-quote-is-layout-flow\">\n<p><em>Konferencia je realizovan\u00e1 ako v\u00fdstup projektu VEGA <em><em>1\/0324\/25<\/em><\/em><\/em> <em><strong>Longitudin\u00e1lny v\u00fdskum medi\u00e1lnej gramotnosti v kontexte udr\u017eate\u013en\u00e9ho spolo\u010densk\u00e9ho rozvoja v podmienkach Slovenska<\/strong><\/em><\/p>\n<\/blockquote>\n\n\n\n<div class=\"wp-block-columns is-layout-flex wp-container-core-columns-is-layout-9d6595d7 wp-block-columns-is-layout-flex\">\n<div class=\"wp-block-column is-layout-flow wp-block-column-is-layout-flow\"><div class=\"wp-block-image\">\n<figure class=\"aligncenter size-large is-resized\"><img loading=\"lazy\" decoding=\"async\" width=\"880\" height=\"295\" src=\"https:\/\/umkd.uniza.sk\/medgram\/wp-content\/uploads\/2025\/10\/logo_mssr.png\" alt=\"\" class=\"wp-image-507\" style=\"width:227px;height:auto\" srcset=\"https:\/\/umkd.uniza.sk\/medgram\/wp-content\/uploads\/2025\/10\/logo_mssr.png 880w, https:\/\/umkd.uniza.sk\/medgram\/wp-content\/uploads\/2025\/10\/logo_mssr-300x101.png 300w, https:\/\/umkd.uniza.sk\/medgram\/wp-content\/uploads\/2025\/10\/logo_mssr-768x257.png 768w\" sizes=\"auto, (max-width: 880px) 100vw, 880px\" \/><\/figure>\n<\/div><\/div>\n\n\n\n<div class=\"wp-block-column is-layout-flow wp-block-column-is-layout-flow\">\n<figure class=\"wp-block-gallery has-nested-images columns-default is-cropped wp-block-gallery-1 is-layout-flex wp-block-gallery-is-layout-flex\">\n<figure class=\"wp-block-image size-large\"><img loading=\"lazy\" decoding=\"async\" width=\"1024\" height=\"265\" data-id=\"506\" src=\"https:\/\/umkd.uniza.sk\/medgram\/wp-content\/uploads\/2025\/10\/logo_umkd-1024x265.png\" alt=\"\" class=\"wp-image-506\" srcset=\"https:\/\/umkd.uniza.sk\/medgram\/wp-content\/uploads\/2025\/10\/logo_umkd-1024x265.png 1024w, https:\/\/umkd.uniza.sk\/medgram\/wp-content\/uploads\/2025\/10\/logo_umkd-300x78.png 300w, https:\/\/umkd.uniza.sk\/medgram\/wp-content\/uploads\/2025\/10\/logo_umkd-768x199.png 768w, https:\/\/umkd.uniza.sk\/medgram\/wp-content\/uploads\/2025\/10\/logo_umkd-1536x398.png 1536w, https:\/\/umkd.uniza.sk\/medgram\/wp-content\/uploads\/2025\/10\/logo_umkd-2048x530.png 2048w\" sizes=\"auto, (max-width: 1024px) 100vw, 1024px\" \/><\/figure>\n<\/figure>\n<\/div>\n\n\n\n<div class=\"wp-block-column is-layout-flow wp-block-column-is-layout-flow\"><div class=\"wp-block-image\">\n<figure class=\"alignright size-large\"><img loading=\"lazy\" decoding=\"async\" width=\"1024\" height=\"221\" src=\"https:\/\/umkd.uniza.sk\/medgram\/wp-content\/uploads\/2025\/11\/logo-1024x221.png\" alt=\"\" class=\"wp-image-645\" style=\"object-fit:cover\" srcset=\"https:\/\/umkd.uniza.sk\/medgram\/wp-content\/uploads\/2025\/11\/logo-1024x221.png 1024w, https:\/\/umkd.uniza.sk\/medgram\/wp-content\/uploads\/2025\/11\/logo-300x65.png 300w, https:\/\/umkd.uniza.sk\/medgram\/wp-content\/uploads\/2025\/11\/logo-768x166.png 768w, https:\/\/umkd.uniza.sk\/medgram\/wp-content\/uploads\/2025\/11\/logo.png 1411w\" sizes=\"auto, (max-width: 1024px) 100vw, 1024px\" \/><\/figure>\n<\/div><\/div>\n<\/div>\n\n\n\n<p><\/p>\n","protected":false},"excerpt":{"rendered":"<p>Konferencia je realizovan\u00e1 ako v\u00fdstup projektu VEGA 1\/0324\/25 Longitudin\u00e1lny v\u00fdskum medi\u00e1lnej gramotnosti v kontexte udr\u017eate\u013en\u00e9ho spolo\u010densk\u00e9ho rozvoja v podmienkach Slovenska<\/p>\n","protected":false},"author":1,"featured_media":0,"parent":0,"menu_order":0,"comment_status":"closed","ping_status":"closed","template":"","meta":{"neve_meta_sidebar":"default","neve_meta_container":"default","neve_meta_enable_content_width":"on","neve_meta_content_width":100,"neve_meta_title_alignment":"","neve_meta_author_avatar":"","neve_post_elements_order":"","neve_meta_disable_header":"","neve_meta_disable_footer":"","neve_meta_disable_title":"on","_themeisle_gutenberg_block_has_review":false,"footnotes":""},"class_list":["post-542","page","type-page","status-publish","hentry"],"_links":{"self":[{"href":"https:\/\/umkd.uniza.sk\/medgram\/index.php\/wp-json\/wp\/v2\/pages\/542","targetHints":{"allow":["GET"]}}],"collection":[{"href":"https:\/\/umkd.uniza.sk\/medgram\/index.php\/wp-json\/wp\/v2\/pages"}],"about":[{"href":"https:\/\/umkd.uniza.sk\/medgram\/index.php\/wp-json\/wp\/v2\/types\/page"}],"author":[{"embeddable":true,"href":"https:\/\/umkd.uniza.sk\/medgram\/index.php\/wp-json\/wp\/v2\/users\/1"}],"replies":[{"embeddable":true,"href":"https:\/\/umkd.uniza.sk\/medgram\/index.php\/wp-json\/wp\/v2\/comments?post=542"}],"version-history":[{"count":23,"href":"https:\/\/umkd.uniza.sk\/medgram\/index.php\/wp-json\/wp\/v2\/pages\/542\/revisions"}],"predecessor-version":[{"id":655,"href":"https:\/\/umkd.uniza.sk\/medgram\/index.php\/wp-json\/wp\/v2\/pages\/542\/revisions\/655"}],"wp:attachment":[{"href":"https:\/\/umkd.uniza.sk\/medgram\/index.php\/wp-json\/wp\/v2\/media?parent=542"}],"curies":[{"name":"wp","href":"https:\/\/api.w.org\/{rel}","templated":true}]}}