{"id":594,"date":"2025-10-27T15:11:01","date_gmt":"2025-10-27T14:11:01","guid":{"rendered":"https:\/\/umkd.uniza.sk\/medgram\/?page_id=594"},"modified":"2025-12-05T11:54:09","modified_gmt":"2025-12-05T10:54:09","slug":"home-en","status":"publish","type":"page","link":"https:\/\/umkd.uniza.sk\/medgram\/index.php\/en\/home-en\/","title":{"rendered":"Home English"},"content":{"rendered":"\n<div class=\"wp-block-cover alignfull is-light ticss-e00d019a\" style=\"min-height:636px;aspect-ratio:unset;\"><img loading=\"lazy\" decoding=\"async\" width=\"1280\" height=\"673\" class=\"wp-block-cover__image-background wp-image-437 size-full\" alt=\"\" src=\"https:\/\/umkd.uniza.sk\/medconf\/wp-content\/uploads\/2025\/10\/bg-1.png\" data-object-fit=\"cover\" srcset=\"https:\/\/umkd.uniza.sk\/medgram\/wp-content\/uploads\/2025\/10\/bg-1.png 1280w, https:\/\/umkd.uniza.sk\/medgram\/wp-content\/uploads\/2025\/10\/bg-1-300x158.png 300w, https:\/\/umkd.uniza.sk\/medgram\/wp-content\/uploads\/2025\/10\/bg-1-1024x538.png 1024w, https:\/\/umkd.uniza.sk\/medgram\/wp-content\/uploads\/2025\/10\/bg-1-768x404.png 768w\" sizes=\"auto, (max-width: 1280px) 100vw, 1280px\" \/><span aria-hidden=\"true\" class=\"wp-block-cover__background has-background-dim-0 has-background-dim\" style=\"background-color:#fbfbfb\"><\/span><div class=\"wp-block-cover__inner-container is-layout-flow wp-block-cover-is-layout-flow\">\n<h1 class=\"wp-block-heading has-text-align-center has-text-color\" style=\"color:#121212\">MedGRAM 2025<\/h1>\n\n\n\n<p class=\"has-text-align-center has-large-font-size\">International Scientific Conference<\/p>\n\n\n\n<p class=\"has-text-align-center ticss-8ab24cd1 has-text-color\" style=\"color:#121212\"><a href=\"https:\/\/umkd.uniza.sk\" target=\"_blank\" rel=\"noreferrer noopener\">The Institute of Mediamatics and Cultural Heritage of the University of \u017dilina in \u017dilina<\/a> invites you to the international scientific conference <strong>MedGRAM 2025 \u2013 Media literacy in the context of science and research<\/strong>, which will take place on <strong>December 10, 2025<\/strong>. The conference will focus on the connection between media literacy and research, with an emphasis on sustainable social development. Participants will have the opportunity to present their research and discuss current trends in this field. There is <strong>no participation fee<\/strong> for the conference.<\/p>\n\n\n\n<div class=\"wp-block-buttons is-horizontal is-content-justification-center is-layout-flex wp-container-core-buttons-is-layout-499968f5 wp-block-buttons-is-layout-flex\">\n<div class=\"wp-block-button is-style-primary\"><a class=\"wp-block-button__link wp-element-button\" href=\"https:\/\/docs.google.com\/forms\/d\/e\/1FAIpQLScKbKwUKvVtGH9Sw2qilTF5oFaO_jZDa8Er4PcDkEvWY_b5CA\/viewform?usp=header\" target=\"_blank\" rel=\"noreferrer noopener\">Register for the Conference<\/a><\/div>\n\n\n\n<div class=\"wp-block-button is-style-primary\"><a class=\"wp-block-button__link wp-element-button\" href=\"https:\/\/umkd.uniza.sk\/medgram\/wp-content\/uploads\/2025\/12\/program2025_en.pdf\" target=\"_blank\" rel=\"noreferrer noopener\">Conference Program<\/a><\/div>\n<\/div>\n<\/div><\/div>\n\n\n\n<blockquote class=\"wp-block-quote is-layout-flow wp-block-quote-is-layout-flow\">\n<p><em>The conference is realizing within the project\u202fVEGA\u202f\u202f<em>1\/0324\/25<\/em><\/em> <em><strong>Longitudinal research on media literacy in the context of sustainable social development in Slovakia<\/strong>\u202f<\/em><\/p>\n<\/blockquote>\n\n\n\n<div class=\"wp-block-columns is-layout-flex wp-container-core-columns-is-layout-9d6595d7 wp-block-columns-is-layout-flex\">\n<div class=\"wp-block-column is-layout-flow wp-block-column-is-layout-flow\"><div class=\"wp-block-image\">\n<figure class=\"aligncenter size-large is-resized\"><img loading=\"lazy\" decoding=\"async\" width=\"880\" height=\"295\" src=\"https:\/\/umkd.uniza.sk\/medgram\/wp-content\/uploads\/2025\/10\/logo_mssr.png\" alt=\"\" class=\"wp-image-507\" style=\"width:227px;height:auto\" srcset=\"https:\/\/umkd.uniza.sk\/medgram\/wp-content\/uploads\/2025\/10\/logo_mssr.png 880w, https:\/\/umkd.uniza.sk\/medgram\/wp-content\/uploads\/2025\/10\/logo_mssr-300x101.png 300w, https:\/\/umkd.uniza.sk\/medgram\/wp-content\/uploads\/2025\/10\/logo_mssr-768x257.png 768w\" sizes=\"auto, (max-width: 880px) 100vw, 880px\" \/><\/figure>\n<\/div><\/div>\n\n\n\n<div class=\"wp-block-column is-layout-flow wp-block-column-is-layout-flow\">\n<figure class=\"wp-block-gallery has-nested-images columns-default is-cropped wp-block-gallery-1 is-layout-flex wp-block-gallery-is-layout-flex\">\n<figure class=\"wp-block-image size-large\"><img loading=\"lazy\" decoding=\"async\" width=\"1024\" height=\"265\" data-id=\"506\" src=\"https:\/\/umkd.uniza.sk\/medgram\/wp-content\/uploads\/2025\/10\/logo_umkd-1024x265.png\" alt=\"\" class=\"wp-image-506\" srcset=\"https:\/\/umkd.uniza.sk\/medgram\/wp-content\/uploads\/2025\/10\/logo_umkd-1024x265.png 1024w, https:\/\/umkd.uniza.sk\/medgram\/wp-content\/uploads\/2025\/10\/logo_umkd-300x78.png 300w, https:\/\/umkd.uniza.sk\/medgram\/wp-content\/uploads\/2025\/10\/logo_umkd-768x199.png 768w, https:\/\/umkd.uniza.sk\/medgram\/wp-content\/uploads\/2025\/10\/logo_umkd-1536x398.png 1536w, https:\/\/umkd.uniza.sk\/medgram\/wp-content\/uploads\/2025\/10\/logo_umkd-2048x530.png 2048w\" sizes=\"auto, (max-width: 1024px) 100vw, 1024px\" \/><\/figure>\n<\/figure>\n<\/div>\n\n\n\n<div class=\"wp-block-column is-layout-flow wp-block-column-is-layout-flow\"><div class=\"wp-block-image\">\n<figure class=\"alignright size-medium\"><img loading=\"lazy\" decoding=\"async\" width=\"300\" height=\"65\" src=\"https:\/\/umkd.uniza.sk\/medgram\/wp-content\/uploads\/2025\/11\/logo-300x65.png\" alt=\"\" class=\"wp-image-645\" style=\"object-fit:cover\" srcset=\"https:\/\/umkd.uniza.sk\/medgram\/wp-content\/uploads\/2025\/11\/logo-300x65.png 300w, https:\/\/umkd.uniza.sk\/medgram\/wp-content\/uploads\/2025\/11\/logo-1024x221.png 1024w, https:\/\/umkd.uniza.sk\/medgram\/wp-content\/uploads\/2025\/11\/logo-768x166.png 768w, https:\/\/umkd.uniza.sk\/medgram\/wp-content\/uploads\/2025\/11\/logo.png 1411w\" sizes=\"auto, (max-width: 300px) 100vw, 300px\" \/><\/figure>\n<\/div><\/div>\n<\/div>\n\n\n\n<div class=\"wp-block-cover alignfull\" style=\"min-height:600px;aspect-ratio:unset;\"><span aria-hidden=\"true\" class=\"wp-block-cover__background has-nv-dark-bg-background-color has-background-dim-100 has-background-dim\"><\/span><div class=\"wp-block-cover__inner-container is-layout-flow wp-block-cover-is-layout-flow\">\n<div class=\"wp-block-group\"><div class=\"wp-block-group__inner-container is-layout-flow wp-block-group-is-layout-flow\">\n<div style=\"height:55px\" aria-hidden=\"true\" class=\"wp-block-spacer\"><\/div>\n\n\n\n<div class=\"wp-block-columns are-vertically-aligned-center is-layout-flex wp-container-core-columns-is-layout-9d6595d7 wp-block-columns-is-layout-flex\">\n<div class=\"wp-block-column is-vertically-aligned-center is-layout-flow wp-block-column-is-layout-flow\" style=\"flex-basis:50%\">\n<figure class=\"wp-block-image size-full\"><img loading=\"lazy\" decoding=\"async\" width=\"1024\" height=\"1024\" src=\"https:\/\/umkd.uniza.sk\/medgram\/wp-content\/uploads\/2025\/10\/plagat_image.png\" alt=\"\" class=\"wp-image-464\" srcset=\"https:\/\/umkd.uniza.sk\/medgram\/wp-content\/uploads\/2025\/10\/plagat_image.png 1024w, https:\/\/umkd.uniza.sk\/medgram\/wp-content\/uploads\/2025\/10\/plagat_image-300x300.png 300w, https:\/\/umkd.uniza.sk\/medgram\/wp-content\/uploads\/2025\/10\/plagat_image-150x150.png 150w, https:\/\/umkd.uniza.sk\/medgram\/wp-content\/uploads\/2025\/10\/plagat_image-768x768.png 768w\" sizes=\"auto, (max-width: 1024px) 100vw, 1024px\" \/><\/figure>\n<\/div>\n\n\n\n<div class=\"wp-block-column is-vertically-aligned-center is-layout-flow wp-block-column-is-layout-flow\" style=\"padding-top:0;padding-right:var(--wp--preset--spacing--30);padding-bottom:0;padding-left:var(--wp--preset--spacing--30);flex-basis:50%\">\n<h2 class=\"wp-block-heading has-text-align-left has-nv-text-dark-bg-color has-text-color\">Important information<\/h2>\n\n\n\n<p class=\"has-text-align-left has-nv-text-dark-bg-color has-text-color\" style=\"font-size:17px\"><strong>Date: <\/strong>December 10, 2025<br><strong>Abstract submission deadline: <\/strong>November 15, 2025<br><strong>Article submission deadline: <\/strong>January 15, 2026<br><strong>Venue:<\/strong> Institute of Mediamatics and Cultural Heritage, University of \u017dilina<br><strong>Conference organizing committee:<\/strong> Institute of Mediamatics and Cultural Heritage, University of \u017dilina<br><strong>Participation fee: <\/strong>Free<\/p>\n\n\n\n<p class=\"has-text-align-left has-nv-text-dark-bg-color has-text-color\" style=\"font-size:17px\"><strong>Additional information: <\/strong>Presentations may be given in Slovak, Czech, or English. Articles will be published in English only. The proceedings will be published in electronic form.<\/p>\n<\/div>\n<\/div>\n\n\n\n<div style=\"height:40px\" aria-hidden=\"true\" class=\"wp-block-spacer\"><\/div>\n<\/div><\/div>\n<\/div><\/div>\n\n\n\n<p><\/p>\n\n\n\n<div class=\"wp-block-columns is-layout-flex wp-container-core-columns-is-layout-62db62f3 wp-block-columns-is-layout-flex\" style=\"padding-top:0;padding-bottom:0\">\n<div class=\"wp-block-column is-layout-flow wp-block-column-is-layout-flow\">\n<h3 class=\"wp-block-heading has-text-align-left\"><strong>Scientific Committee<\/strong><\/h3>\n\n\n\n<ul class=\"wp-block-list\">\n<li><strong>doc. Mgr. Mari\u00e1n Grupa\u010d, PhD.<\/strong>&nbsp;(University of \u017dilina in \u017dilina, SK)&nbsp;<\/li>\n\n\n\n<li><strong>prof. PhDr. M\u00e1ria B\u00e1torov\u00e1, DrSc.<\/strong>&nbsp;(University of \u017dilina in \u017dilina, SK)&nbsp;<\/li>\n\n\n\n<li><strong>Mgr. Jakub \u0160vec, PhD.<\/strong>&nbsp;(Institute of Philosophy of the Slovak Academy of Sciences, SK)&nbsp;<\/li>\n\n\n\n<li><strong>doc. JUDr. J\u00e1n \u0160tefanica, PhD.<\/strong>&nbsp;(University of \u017dilina in \u017dilina, SK)&nbsp;<\/li>\n\n\n\n<li><strong>prof. Ing. Tom\u00e1\u0161 Klie\u0161tik, PhD.<\/strong>&nbsp;(University of \u017dilina in \u017dilina, SK)&nbsp;<\/li>\n\n\n\n<li><strong>prof. PhDr. \u013dudov\u00edt Hajduk, PhD.<\/strong>&nbsp;(Pan-European university, Bratislava, SK)&nbsp;<\/li>\n\n\n\n<li><strong>doc. PhDr. PaedDr. Miroslav Gejdo\u0161, PhD.<\/strong>&nbsp;(Catholic University in Ru\u017eomberok, SK)&nbsp;<\/li>\n\n\n\n<li><strong>prof. PhDr. Erich Petl\u00e1k CSc.<\/strong>&nbsp;(SK)&nbsp;<\/li>\n\n\n\n<li><strong>assoc. prof. George Lazaroiu, PhD.<\/strong>&nbsp;(Spiru Haret University, Bucharest, RO)&nbsp;<\/li>\n\n\n\n<li><strong>doc. PaedDr. Martina Man\u011bnov\u00e1, PhD.<\/strong>&nbsp;(University&nbsp;of&nbsp;Hradec&nbsp;Kr\u00e1lov\u00e9, CZ)<\/li>\n\n\n\n<li><strong>prof. UAFM dr. hab. Jan Wn\u0119k<\/strong>&nbsp;(Andrzej Frycz Modrzewski Krakow University, PL)&nbsp;<\/li>\n<\/ul>\n<\/div>\n\n\n\n<div class=\"wp-block-column is-layout-flow wp-block-column-is-layout-flow\">\n<h3 class=\"wp-block-heading has-text-align-left\">Organizing Committee<\/h3>\n\n\n\n<ul class=\"wp-block-list\">\n<li>doc. Mgr. Mari\u00e1n Grupa\u010d, PhD.<\/li>\n\n\n\n<li>PaedDr. Be\u00e1ta Po\u0161tekov\u00e1, PhD.<\/li>\n\n\n\n<li>Mgr. Martin Vahan\u010d\u00edk<\/li>\n\n\n\n<li>Mgr. Adam Chovanec<\/li>\n\n\n\n<li>Mgr. Mat\u00fa\u0161 Kubala<\/li>\n\n\n\n<li>Ing. D\u00e1vid P\u00e1l<\/li>\n\n\n\n<li>Mgr. Vladim\u00edr Filip, PhD.<\/li>\n\n\n\n<li>Mgr. Marek Hampl, Ph.D.<\/li>\n<\/ul>\n<\/div>\n<\/div>\n\n\n\n<div class=\"wp-block-columns alignfull has-nv-light-bg-background-color has-background is-layout-flex wp-container-core-columns-is-layout-9d6595d7 wp-block-columns-is-layout-flex\">\n<div class=\"wp-block-column is-layout-flow wp-block-column-is-layout-flow\" style=\"padding-top:var(--wp--preset--spacing--50);padding-bottom:var(--wp--preset--spacing--50)\"><div class=\"wp-block-image icon-style is-style-rounded\">\n<figure class=\"aligncenter size-large\"><img loading=\"lazy\" decoding=\"async\" width=\"72\" height=\"72\" src=\"https:\/\/umkd.uniza.sk\/medgram\/wp-content\/uploads\/2020\/01\/neve-webdesign-GB-03.png\" alt=\"\" class=\"wp-image-20\" title=\"\"\/><\/figure>\n<\/div>\n\n\n<div style=\"height:20px\" aria-hidden=\"true\" class=\"wp-block-spacer\"><\/div>\n\n\n\n<h3 class=\"wp-block-heading has-text-align-center has-neve-text-color-color has-text-color\">Digitization in the media<\/h3>\n\n\n\n<p class=\"has-text-align-center\">Examining how digital technologies are affecting local media and their ability to reach audiences.<\/p>\n<\/div>\n\n\n\n<div class=\"wp-block-column is-layout-flow wp-block-column-is-layout-flow\" style=\"padding-top:var(--wp--preset--spacing--50);padding-bottom:var(--wp--preset--spacing--50)\"><div class=\"wp-block-image icon-style is-style-rounded\">\n<figure class=\"aligncenter size-large\"><img loading=\"lazy\" decoding=\"async\" width=\"72\" height=\"72\" src=\"https:\/\/umkd.uniza.sk\/medgram\/wp-content\/uploads\/2020\/01\/neve-webdesign-GB-04.png\" alt=\"\" class=\"wp-image-21\"\/><\/figure>\n<\/div>\n\n\n<div style=\"height:20px\" aria-hidden=\"true\" class=\"wp-block-spacer\"><\/div>\n\n\n\n<h3 class=\"wp-block-heading has-text-align-center has-neve-text-color-color has-text-color\">Innovations and trends<\/h3>\n\n\n\n<p class=\"has-text-align-center\">Discovering new trends and technologies in the media environment.<\/p>\n<\/div>\n\n\n\n<div class=\"wp-block-column is-layout-flow wp-block-column-is-layout-flow\" style=\"padding-top:var(--wp--preset--spacing--50);padding-bottom:var(--wp--preset--spacing--50)\"><div class=\"wp-block-image icon-style is-style-rounded\">\n<figure class=\"aligncenter size-large\"><img loading=\"lazy\" decoding=\"async\" width=\"72\" height=\"72\" src=\"https:\/\/umkd.uniza.sk\/medgram\/wp-content\/uploads\/2020\/01\/neve-webdesign-GB-01.png\" alt=\"\" class=\"wp-image-18\"\/><\/figure>\n<\/div>\n\n\n<div style=\"height:20px\" aria-hidden=\"true\" class=\"wp-block-spacer\"><\/div>\n\n\n\n<h3 class=\"wp-block-heading has-text-align-center has-neve-text-color-color has-text-color\">Ethics and responsibility<\/h3>\n\n\n\n<p class=\"has-text-align-center\">Discussion on ethical standards in media communication and their impact on public opinion.<\/p>\n<\/div>\n<\/div>\n","protected":false},"excerpt":{"rendered":"<p>The conference is realizing within the project\u202fVEGA\u202f\u202f1\/0324\/25 Longitudinal research on media literacy in the context of sustainable social development in Slovakia\u202f Scientific Committee Organizing Committee Digitization in the media Examining how digital technologies are affecting local media and their ability to reach audiences. Innovations and trends Discovering new trends and technologies in the media environment.&hellip;&nbsp;<a href=\"https:\/\/umkd.uniza.sk\/medgram\/index.php\/en\/home-en\/\" rel=\"bookmark\"><span class=\"screen-reader-text\">Home English<\/span><\/a><\/p>\n","protected":false},"author":1,"featured_media":0,"parent":0,"menu_order":0,"comment_status":"closed","ping_status":"closed","template":"","meta":{"neve_meta_sidebar":"default","neve_meta_container":"default","neve_meta_enable_content_width":"on","neve_meta_content_width":100,"neve_meta_title_alignment":"","neve_meta_author_avatar":"","neve_post_elements_order":"","neve_meta_disable_header":"","neve_meta_disable_footer":"","neve_meta_disable_title":"on","_themeisle_gutenberg_block_has_review":false,"footnotes":""},"class_list":["post-594","page","type-page","status-publish","hentry"],"_links":{"self":[{"href":"https:\/\/umkd.uniza.sk\/medgram\/index.php\/wp-json\/wp\/v2\/pages\/594","targetHints":{"allow":["GET"]}}],"collection":[{"href":"https:\/\/umkd.uniza.sk\/medgram\/index.php\/wp-json\/wp\/v2\/pages"}],"about":[{"href":"https:\/\/umkd.uniza.sk\/medgram\/index.php\/wp-json\/wp\/v2\/types\/page"}],"author":[{"embeddable":true,"href":"https:\/\/umkd.uniza.sk\/medgram\/index.php\/wp-json\/wp\/v2\/users\/1"}],"replies":[{"embeddable":true,"href":"https:\/\/umkd.uniza.sk\/medgram\/index.php\/wp-json\/wp\/v2\/comments?post=594"}],"version-history":[{"count":15,"href":"https:\/\/umkd.uniza.sk\/medgram\/index.php\/wp-json\/wp\/v2\/pages\/594\/revisions"}],"predecessor-version":[{"id":668,"href":"https:\/\/umkd.uniza.sk\/medgram\/index.php\/wp-json\/wp\/v2\/pages\/594\/revisions\/668"}],"wp:attachment":[{"href":"https:\/\/umkd.uniza.sk\/medgram\/index.php\/wp-json\/wp\/v2\/media?parent=594"}],"curies":[{"name":"wp","href":"https:\/\/api.w.org\/{rel}","templated":true}]}}