{"id":146,"date":"2023-02-22T19:14:04","date_gmt":"2023-02-22T18:14:04","guid":{"rendered":"https:\/\/zaverecne-prace.ucimesaweby.sk\/molnarova\/?page_id=146"},"modified":"2024-07-29T00:07:40","modified_gmt":"2024-07-28T22:07:40","slug":"vedecko-odoborny-casopis","status":"publish","type":"page","link":"https:\/\/umkd.uniza.sk\/mkdrevue\/?page_id=146","title":{"rendered":"Vedecko odoborn\u00fd \u010dasopis"},"content":{"rendered":"<section class=\"l-section wpb_row us_custom_9ccc05f2 height_medium\"><div class=\"l-section-h i-cf\"><div class=\"g-cols vc_row via_grid cols_1 laptops-cols_inherit tablets-cols_inherit mobiles-cols_1 valign_middle type_default stacking_default\"><div class=\"wpb_column vc_column_container\"><div class=\"vc_column-inner\"><h1 class=\"w-text us_custom_d7166887 has_text_color\"><span class=\"w-text-h\"><span class=\"w-text-value\">Vedecko-odborn\u00fd \u010dasopis<\/span><\/span><\/h1><div class=\"wpb_text_column us_custom_6df4bc3a has_text_color\"><div class=\"wpb_wrapper\"><p>Publikovan\u00e9 ro\u010dn\u00edky vedecko-odborn\u00e9ho \u010dasopisu MKD Revue o nov\u00fdch m\u00e9di\u00e1ch a kult\u00farnom dedi\u010dstve.<\/p>\n<\/div><\/div><\/div><\/div><\/div><\/div><\/section><section class=\"l-section wpb_row height_medium\"><div class=\"l-section-h i-cf\"><div class=\"g-cols vc_row via_grid cols_1 laptops-cols_inherit tablets-cols_inherit mobiles-cols_1 valign_top type_default stacking_default\"><div class=\"wpb_column vc_column_container\"><div class=\"vc_column-inner\"><div class=\"g-cols wpb_row via_grid cols_1 laptops-cols_inherit tablets-cols_inherit mobiles-cols_1 valign_top type_default stacking_default\"><div class=\"wpb_column vc_column_container\"><div class=\"vc_column-inner\"><div class=\"w-grid type_grid layout_70 cols_4 with_pagination overflow_hidden\" id=\"us_grid_1\" data-filterable=\"true\"><style>#us_grid_1 .w-grid-item{padding:1.5rem}#us_grid_1 .w-grid-list{margin:-1.5rem -1.5rem 1.5rem}.w-grid + #us_grid_1 .w-grid-list,.w-grid-none + #us_grid_1 .w-grid-list{margin-top:1.5rem}@media (max-width:1280px){#us_grid_1 .w-grid-item{width:33.3333%}}@media (max-width:1024px){#us_grid_1 .w-grid-item{width:50%}}@media (max-width:600px){#us_grid_1 .w-grid-list{margin:0}#us_grid_1 .w-grid-item{width:100%;padding:0;margin-bottom:1.5rem}}.layout_70 .w-grid-item-h{box-shadow:0 0.05rem 0.1rem rgba(0,0,0,0.1),0 0.17rem 0.5rem rgba(0,0,0,0.1);transition-duration:0.3s}.layout_70 .usg_post_image_1{transition-duration:0.3s;transform-origin:50% 50%;transform:scale(1) translate(0%,0%)}.layout_70 .w-grid-item-h:hover .usg_post_image_1{transform:scale(1.1) translate(0%,0%);opacity:1}.layout_70 .usg_vwrapper_1{transition-duration:0.3s;transform-origin:50% 50%;transform:scale(1) translate(0%,0%)}.layout_70 .w-grid-item-h:hover .usg_vwrapper_1{transform:scale(1) translate(0%,0%);opacity:1;background:rgba(0,0,0,0.50)!important}.layout_70 .usg_text_1{transition-duration:0.3s;transform-origin:50% 50%;transform:scale(1) translate(0%,0%);opacity:0}.layout_70 .w-grid-item-h:hover .usg_text_1{transform:scale(3) translate(0%,0%);opacity:1}.layout_70 .usg_vwrapper_1{position:absolute!important;left:0!important;top:0!important;bottom:0!important;right:0!important}.layout_70 .usg_text_1{color:var(--color-content-link-hover)!important}<\/style><div class=\"w-grid-list\">\t<article class=\"w-grid-item post-652 post type-post status-publish format-standard has-post-thumbnail hentry category-casopis\" data-id=\"652\">\r\n\t\t<div class=\"w-grid-item-h\">\r\n\t\t\t\t\t\t\t<a class=\"w-grid-item-anchor\" href=\"https:\/\/umkd.uniza.sk\/mkdrevue\/?p=652\" rel=\"bookmark\" aria-label=\"12. ro\u010dn\u00edk MKD \u010d. 2\/2025\"><\/a>\r\n\t\t\t\t\t\t<div class=\"w-post-elm post_image usg_post_image_1 has_ratio\"><div style=\"padding-bottom:133.3333%\"><\/div><a href=\"https:\/\/umkd.uniza.sk\/mkdrevue\/?p=652\" aria-label=\"12. ro\u010dn\u00edk MKD \u010d. 2\/2025\"><img width=\"725\" height=\"1024\" src=\"https:\/\/umkd.uniza.sk\/mkdrevue\/wp-content\/uploads\/2025\/12\/12.-rocnik-2-725x1024.png\" class=\"attachment-large size-large wp-post-image\" alt=\"\" decoding=\"async\" srcset=\"https:\/\/umkd.uniza.sk\/mkdrevue\/wp-content\/uploads\/2025\/12\/12.-rocnik-2-725x1024.png 725w, https:\/\/umkd.uniza.sk\/mkdrevue\/wp-content\/uploads\/2025\/12\/12.-rocnik-2-212x300.png 212w, https:\/\/umkd.uniza.sk\/mkdrevue\/wp-content\/uploads\/2025\/12\/12.-rocnik-2.png 1414w\" sizes=\"(max-width: 725px) 100vw, 725px\" \/><\/a><\/div><div class=\"w-vwrapper usg_vwrapper_1 align_center valign_middle\" style=\"--vwrapper-gap:1rem\"><div class=\"w-text usg_text_1 has_text_color icon_atleft\"><a href=\"https:\/\/umkd.uniza.sk\/mkdrevue\/?p=652\" aria-label=\"fas|arrow-alt-right\" class=\"w-text-h\"><i class=\"fas fa-arrow-alt-right\"><\/i><span class=\"w-text-value\"><\/span><\/a><\/div><\/div>\t\t<\/div>\r\n\t<\/article>\r\n\t<article class=\"w-grid-item post-589 post type-post status-publish format-standard has-post-thumbnail hentry category-casopis\" data-id=\"589\">\r\n\t\t<div class=\"w-grid-item-h\">\r\n\t\t\t\t\t\t\t<a class=\"w-grid-item-anchor\" href=\"https:\/\/umkd.uniza.sk\/mkdrevue\/?p=589\" rel=\"bookmark\" aria-label=\"12. ro\u010dn\u00edk MKD \u010d. 1\/2025\"><\/a>\r\n\t\t\t\t\t\t<div class=\"w-post-elm post_image usg_post_image_1 has_ratio\"><div style=\"padding-bottom:133.3333%\"><\/div><a href=\"https:\/\/umkd.uniza.sk\/mkdrevue\/?p=589\" aria-label=\"12. ro\u010dn\u00edk MKD \u010d. 1\/2025\"><img width=\"725\" height=\"1024\" src=\"https:\/\/umkd.uniza.sk\/mkdrevue\/wp-content\/uploads\/2025\/11\/12.-rocnik-1-725x1024.png\" class=\"attachment-large size-large wp-post-image\" alt=\"\" decoding=\"async\" srcset=\"https:\/\/umkd.uniza.sk\/mkdrevue\/wp-content\/uploads\/2025\/11\/12.-rocnik-1-725x1024.png 725w, https:\/\/umkd.uniza.sk\/mkdrevue\/wp-content\/uploads\/2025\/11\/12.-rocnik-1-212x300.png 212w, https:\/\/umkd.uniza.sk\/mkdrevue\/wp-content\/uploads\/2025\/11\/12.-rocnik-1.png 1414w\" sizes=\"(max-width: 725px) 100vw, 725px\" \/><\/a><\/div><div class=\"w-vwrapper usg_vwrapper_1 align_center valign_middle\" style=\"--vwrapper-gap:1rem\"><div class=\"w-text usg_text_1 has_text_color icon_atleft\"><a href=\"https:\/\/umkd.uniza.sk\/mkdrevue\/?p=589\" aria-label=\"fas|arrow-alt-right\" class=\"w-text-h\"><i class=\"fas fa-arrow-alt-right\"><\/i><span class=\"w-text-value\"><\/span><\/a><\/div><\/div>\t\t<\/div>\r\n\t<\/article>\r\n\t<article class=\"w-grid-item post-553 post type-post status-publish format-standard has-post-thumbnail hentry category-casopis\" data-id=\"553\">\r\n\t\t<div class=\"w-grid-item-h\">\r\n\t\t\t\t\t\t\t<a class=\"w-grid-item-anchor\" href=\"https:\/\/umkd.uniza.sk\/mkdrevue\/?p=553\" rel=\"bookmark\" aria-label=\"11. ro\u010dn\u00edk MKD \u010d. 2\/2024\"><\/a>\r\n\t\t\t\t\t\t<div class=\"w-post-elm post_image usg_post_image_1 has_ratio\"><div style=\"padding-bottom:133.3333%\"><\/div><a href=\"https:\/\/umkd.uniza.sk\/mkdrevue\/?p=553\" aria-label=\"11. ro\u010dn\u00edk MKD \u010d. 2\/2024\"><img width=\"725\" height=\"1024\" src=\"https:\/\/umkd.uniza.sk\/mkdrevue\/wp-content\/uploads\/2025\/01\/11.-rocnik-2-725x1024.png\" class=\"attachment-large size-large wp-post-image\" alt=\"\" decoding=\"async\" srcset=\"https:\/\/umkd.uniza.sk\/mkdrevue\/wp-content\/uploads\/2025\/01\/11.-rocnik-2-725x1024.png 725w, https:\/\/umkd.uniza.sk\/mkdrevue\/wp-content\/uploads\/2025\/01\/11.-rocnik-2-212x300.png 212w, https:\/\/umkd.uniza.sk\/mkdrevue\/wp-content\/uploads\/2025\/01\/11.-rocnik-2.png 1414w\" sizes=\"(max-width: 725px) 100vw, 725px\" \/><\/a><\/div><div class=\"w-vwrapper usg_vwrapper_1 align_center valign_middle\" style=\"--vwrapper-gap:1rem\"><div class=\"w-text usg_text_1 has_text_color icon_atleft\"><a href=\"https:\/\/umkd.uniza.sk\/mkdrevue\/?p=553\" aria-label=\"fas|arrow-alt-right\" class=\"w-text-h\"><i class=\"fas fa-arrow-alt-right\"><\/i><span class=\"w-text-value\"><\/span><\/a><\/div><\/div>\t\t<\/div>\r\n\t<\/article>\r\n\t<article class=\"w-grid-item post-511 post type-post status-publish format-standard has-post-thumbnail hentry category-casopis\" data-id=\"511\">\r\n\t\t<div class=\"w-grid-item-h\">\r\n\t\t\t\t\t\t\t<a class=\"w-grid-item-anchor\" href=\"https:\/\/umkd.uniza.sk\/mkdrevue\/?p=511\" rel=\"bookmark\" aria-label=\"11. ro\u010dn\u00edk MKD \u010d. 1\/2024\"><\/a>\r\n\t\t\t\t\t\t<div class=\"w-post-elm post_image usg_post_image_1 has_ratio\"><div style=\"padding-bottom:133.3333%\"><\/div><a href=\"https:\/\/umkd.uniza.sk\/mkdrevue\/?p=511\" aria-label=\"11. ro\u010dn\u00edk MKD \u010d. 1\/2024\"><img width=\"725\" height=\"1024\" src=\"https:\/\/umkd.uniza.sk\/mkdrevue\/wp-content\/uploads\/2024\/08\/11.-rocnik-1-725x1024.png\" class=\"attachment-large size-large wp-post-image\" alt=\"\" decoding=\"async\" srcset=\"https:\/\/umkd.uniza.sk\/mkdrevue\/wp-content\/uploads\/2024\/08\/11.-rocnik-1-725x1024.png 725w, https:\/\/umkd.uniza.sk\/mkdrevue\/wp-content\/uploads\/2024\/08\/11.-rocnik-1-212x300.png 212w, https:\/\/umkd.uniza.sk\/mkdrevue\/wp-content\/uploads\/2024\/08\/11.-rocnik-1.png 1414w\" sizes=\"(max-width: 725px) 100vw, 725px\" \/><\/a><\/div><div class=\"w-vwrapper usg_vwrapper_1 align_center valign_middle\" style=\"--vwrapper-gap:1rem\"><div class=\"w-text usg_text_1 has_text_color icon_atleft\"><a href=\"https:\/\/umkd.uniza.sk\/mkdrevue\/?p=511\" aria-label=\"fas|arrow-alt-right\" class=\"w-text-h\"><i class=\"fas fa-arrow-alt-right\"><\/i><span class=\"w-text-value\"><\/span><\/a><\/div><\/div>\t\t<\/div>\r\n\t<\/article>\r\n\t<article class=\"w-grid-item post-371 post type-post status-publish format-standard has-post-thumbnail hentry category-casopis\" data-id=\"371\">\r\n\t\t<div class=\"w-grid-item-h\">\r\n\t\t\t\t\t\t\t<a class=\"w-grid-item-anchor\" href=\"https:\/\/umkd.uniza.sk\/mkdrevue\/?p=371\" rel=\"bookmark\" aria-label=\"10. ro\u010dn\u00edk MKD \u010d. 2\/2023\"><\/a>\r\n\t\t\t\t\t\t<div class=\"w-post-elm post_image usg_post_image_1 has_ratio\"><div style=\"padding-bottom:133.3333%\"><\/div><a href=\"https:\/\/umkd.uniza.sk\/mkdrevue\/?p=371\" aria-label=\"10. ro\u010dn\u00edk MKD \u010d. 2\/2023\"><img width=\"725\" height=\"1024\" src=\"https:\/\/umkd.uniza.sk\/mkdrevue\/wp-content\/uploads\/2024\/01\/10.-rocnik-2-725x1024.png\" class=\"attachment-large size-large wp-post-image\" alt=\"\" decoding=\"async\" srcset=\"https:\/\/umkd.uniza.sk\/mkdrevue\/wp-content\/uploads\/2024\/01\/10.-rocnik-2-725x1024.png 725w, https:\/\/umkd.uniza.sk\/mkdrevue\/wp-content\/uploads\/2024\/01\/10.-rocnik-2-212x300.png 212w, https:\/\/umkd.uniza.sk\/mkdrevue\/wp-content\/uploads\/2024\/01\/10.-rocnik-2.png 1414w\" sizes=\"(max-width: 725px) 100vw, 725px\" \/><\/a><\/div><div class=\"w-vwrapper usg_vwrapper_1 align_center valign_middle\" style=\"--vwrapper-gap:1rem\"><div class=\"w-text usg_text_1 has_text_color icon_atleft\"><a href=\"https:\/\/umkd.uniza.sk\/mkdrevue\/?p=371\" aria-label=\"fas|arrow-alt-right\" class=\"w-text-h\"><i class=\"fas fa-arrow-alt-right\"><\/i><span class=\"w-text-value\"><\/span><\/a><\/div><\/div>\t\t<\/div>\r\n\t<\/article>\r\n\t<article class=\"w-grid-item post-323 post type-post status-publish format-standard has-post-thumbnail hentry category-casopis\" data-id=\"323\">\r\n\t\t<div class=\"w-grid-item-h\">\r\n\t\t\t\t\t\t\t<a class=\"w-grid-item-anchor\" href=\"https:\/\/umkd.uniza.sk\/mkdrevue\/?p=323\" rel=\"bookmark\" aria-label=\"10. ro\u010dn\u00edk MKD \u010d. 1\/2023\"><\/a>\r\n\t\t\t\t\t\t<div class=\"w-post-elm post_image usg_post_image_1 has_ratio\"><div style=\"padding-bottom:133.3333%\"><\/div><a href=\"https:\/\/umkd.uniza.sk\/mkdrevue\/?p=323\" aria-label=\"10. ro\u010dn\u00edk MKD \u010d. 1\/2023\"><img width=\"725\" height=\"1024\" src=\"https:\/\/umkd.uniza.sk\/mkdrevue\/wp-content\/uploads\/2023\/11\/10.-rocnik-1-725x1024-1-725x1024.png\" class=\"attachment-large size-large wp-post-image\" alt=\"\" decoding=\"async\" srcset=\"https:\/\/umkd.uniza.sk\/mkdrevue\/wp-content\/uploads\/2023\/11\/10.-rocnik-1-725x1024-1-725x1024.png 725w, https:\/\/umkd.uniza.sk\/mkdrevue\/wp-content\/uploads\/2023\/11\/10.-rocnik-1-725x1024-1-212x300.png 212w, https:\/\/umkd.uniza.sk\/mkdrevue\/wp-content\/uploads\/2023\/11\/10.-rocnik-1-725x1024-1.png 1414w\" sizes=\"(max-width: 725px) 100vw, 725px\" \/><\/a><\/div><div class=\"w-vwrapper usg_vwrapper_1 align_center valign_middle\" style=\"--vwrapper-gap:1rem\"><div class=\"w-text usg_text_1 has_text_color icon_atleft\"><a href=\"https:\/\/umkd.uniza.sk\/mkdrevue\/?p=323\" aria-label=\"fas|arrow-alt-right\" class=\"w-text-h\"><i class=\"fas fa-arrow-alt-right\"><\/i><span class=\"w-text-value\"><\/span><\/a><\/div><\/div>\t\t<\/div>\r\n\t<\/article>\r\n\t<article class=\"w-grid-item size_1x1 post-318 post type-post status-publish format-standard has-post-thumbnail hentry category-casopis\" data-id=\"318\">\r\n\t\t<div class=\"w-grid-item-h\">\r\n\t\t\t\t\t\t\t<a class=\"w-grid-item-anchor\" href=\"https:\/\/umkd.uniza.sk\/mkdrevue\/?p=318\" rel=\"bookmark\" aria-label=\"9. ro\u010dn\u00edk MKD \u010d. 2\/2022\"><\/a>\r\n\t\t\t\t\t\t<div class=\"w-post-elm post_image usg_post_image_1 has_ratio\"><div style=\"padding-bottom:133.3333%\"><\/div><a href=\"https:\/\/umkd.uniza.sk\/mkdrevue\/?p=318\" aria-label=\"9. ro\u010dn\u00edk MKD \u010d. 2\/2022\"><img width=\"725\" height=\"1024\" src=\"https:\/\/umkd.uniza.sk\/mkdrevue\/wp-content\/uploads\/2023\/04\/9.-rocnik-1-725x1024.jpg\" class=\"attachment-large size-large wp-post-image\" alt=\"\" decoding=\"async\" srcset=\"https:\/\/umkd.uniza.sk\/mkdrevue\/wp-content\/uploads\/2023\/04\/9.-rocnik-1-725x1024.jpg 725w, https:\/\/umkd.uniza.sk\/mkdrevue\/wp-content\/uploads\/2023\/04\/9.-rocnik-1-212x300.jpg 212w, https:\/\/umkd.uniza.sk\/mkdrevue\/wp-content\/uploads\/2023\/04\/9.-rocnik-1.jpg 1414w\" sizes=\"(max-width: 725px) 100vw, 725px\" \/><\/a><\/div><div class=\"w-vwrapper usg_vwrapper_1 align_center valign_middle\" style=\"--vwrapper-gap:1rem\"><div class=\"w-text usg_text_1 has_text_color icon_atleft\"><a href=\"https:\/\/umkd.uniza.sk\/mkdrevue\/?p=318\" aria-label=\"fas|arrow-alt-right\" class=\"w-text-h\"><i class=\"fas fa-arrow-alt-right\"><\/i><span class=\"w-text-value\"><\/span><\/a><\/div><\/div>\t\t<\/div>\r\n\t<\/article>\r\n\t<article class=\"w-grid-item post-187 post type-post status-publish format-standard has-post-thumbnail hentry category-casopis\" data-id=\"187\">\r\n\t\t<div class=\"w-grid-item-h\">\r\n\t\t\t\t\t\t\t<a class=\"w-grid-item-anchor\" href=\"https:\/\/umkd.uniza.sk\/mkdrevue\/?p=187\" rel=\"bookmark\" aria-label=\"9. ro\u010dn\u00edk MKD \u010d. 1\/2022\"><\/a>\r\n\t\t\t\t\t\t<div class=\"w-post-elm post_image usg_post_image_1 has_ratio\"><div style=\"padding-bottom:133.3333%\"><\/div><a href=\"https:\/\/umkd.uniza.sk\/mkdrevue\/?p=187\" aria-label=\"9. ro\u010dn\u00edk MKD \u010d. 1\/2022\"><img width=\"725\" height=\"1024\" src=\"https:\/\/umkd.uniza.sk\/mkdrevue\/wp-content\/uploads\/2023\/04\/9.-rocnik-2-725x1024-1.png\" class=\"attachment-large size-large wp-post-image\" alt=\"\" decoding=\"async\" srcset=\"https:\/\/umkd.uniza.sk\/mkdrevue\/wp-content\/uploads\/2023\/04\/9.-rocnik-2-725x1024-1.png 725w, https:\/\/umkd.uniza.sk\/mkdrevue\/wp-content\/uploads\/2023\/04\/9.-rocnik-2-725x1024-1-212x300.png 212w\" sizes=\"(max-width: 725px) 100vw, 725px\" \/><\/a><\/div><div class=\"w-vwrapper usg_vwrapper_1 align_center valign_middle\" style=\"--vwrapper-gap:1rem\"><div class=\"w-text usg_text_1 has_text_color icon_atleft\"><a href=\"https:\/\/umkd.uniza.sk\/mkdrevue\/?p=187\" aria-label=\"fas|arrow-alt-right\" class=\"w-text-h\"><i class=\"fas fa-arrow-alt-right\"><\/i><span class=\"w-text-value\"><\/span><\/a><\/div><\/div>\t\t<\/div>\r\n\t<\/article>\r\n<\/div><div class=\"w-grid-preloader\"><div class=\"g-preloader type_1\">\r\n\t<div><\/div>\r\n<\/div>\r\n<\/div>\t\t<nav class=\"pagination navigation\" role=\"navigation\">\r\n\t\t\t<div class=\"nav-links\">\r\n\t\t\t\t<span aria-current=\"page\" class=\"page-numbers current\"><span>1<\/span><\/span>\n<a class=\"page-numbers\" href=\"https:\/\/umkd.uniza.sk\/mkdrevue\/index.php\/?paged=2&#038;rest_route=%2Fwp%2Fv2%2Fpages%2F146\"><span>2<\/span><\/a>\n<a class=\"page-numbers\" href=\"https:\/\/umkd.uniza.sk\/mkdrevue\/index.php\/?paged=3&#038;rest_route=%2Fwp%2Fv2%2Fpages%2F146\"><span>3<\/span><\/a>\n<a class=\"page-numbers\" href=\"https:\/\/umkd.uniza.sk\/mkdrevue\/index.php\/?paged=4&#038;rest_route=%2Fwp%2Fv2%2Fpages%2F146\"><span>4<\/span><\/a>\n<a class=\"next page-numbers\" href=\"https:\/\/umkd.uniza.sk\/mkdrevue\/index.php\/?paged=2&#038;rest_route=%2Fwp%2Fv2%2Fpages%2F146\"><span>\u010ealej<\/span><\/a>\t\t\t<\/div>\r\n\t\t<\/nav>\r\n\t\t\t<div class=\"w-grid-json hidden\" onclick='return {&quot;action&quot;:&quot;us_ajax_grid&quot;,&quot;ajax_url&quot;:&quot;https:\\\/\\\/umkd.uniza.sk\\\/mkdrevue\\\/wp-admin\\\/admin-ajax.php&quot;,&quot;infinite_scroll&quot;:0,&quot;max_num_pages&quot;:4,&quot;pagination&quot;:&quot;regular&quot;,&quot;permalink_url&quot;:&quot;https:\\\/\\\/umkd.uniza.sk\\\/mkdrevue&quot;,&quot;template_vars&quot;:{&quot;columns&quot;:&quot;4&quot;,&quot;exclude_items&quot;:&quot;none&quot;,&quot;img_size&quot;:&quot;default&quot;,&quot;ignore_items_size&quot;:0,&quot;items_layout&quot;:&quot;70&quot;,&quot;items_offset&quot;:&quot;1&quot;,&quot;load_animation&quot;:&quot;none&quot;,&quot;overriding_link&quot;:&quot;post&quot;,&quot;post_id&quot;:0,&quot;query_args&quot;:{&quot;post_type&quot;:[&quot;post&quot;],&quot;tax_query&quot;:[{&quot;taxonomy&quot;:&quot;category&quot;,&quot;field&quot;:&quot;slug&quot;,&quot;terms&quot;:[&quot;casopis&quot;]}],&quot;post_status&quot;:[&quot;publish&quot;],&quot;posts_per_page&quot;:&quot;8&quot;},&quot;orderby_query_args&quot;:{&quot;orderby&quot;:{&quot;date&quot;:&quot;DESC&quot;}},&quot;type&quot;:&quot;grid&quot;,&quot;us_grid_ajax_index&quot;:1,&quot;us_grid_filter_params&quot;:null,&quot;us_grid_index&quot;:1,&quot;_us_grid_post_type&quot;:&quot;post&quot;,&quot;page_args&quot;:[]}}'><\/div>\r\n\t<\/div><\/div><\/div><\/div><div class=\"w-separator size_medium\"><\/div><div class=\"w-actionbox us_custom_6eb71d23 color_primary controls_right\"><div class=\"w-actionbox-text\"><h2 class=\"w-actionbox-title\">CALL FOR PAPERS (RO\u010c. 11, 2\/2024)<\/h2><div class=\"w-actionbox-description\"><p>Inform\u00e1cie o publikovan\u00ed vo vedeckom-odbornom \u010dasopise MKD Revue<\/p>\n<\/div><\/div><div class=\"w-actionbox-controls\"><a class=\"w-btn us-btn-style_3\" href=\"https:\/\/fhv.uniza.sk\/mkdrevue\/wp-content\/uploads\/2024\/07\/MKD_revue_Call_for_Papers_Vol_11_No_2_2024.pdf\" style=\"font-size:20px;\"><span class=\"w-btn-label\">Info pre autorov<\/span><\/a><\/div><\/div><\/div><\/div><\/div><\/div><\/section>\n","protected":false},"excerpt":{"rendered":"9. ro\u010dn\u00edk MKD \u010d. 1\/2022Dejiny kni\u017enej kult\u00fary AUGUST\u00cdNOV\u00c1 Eva a MA\u017dG\u00daTOV\u00c1\u00a0 V\u00fdsledky akademick\u00e9ho v\u00fdskumu na Fakulte humanitn\u00fdch vied\u017dilinskej univerzity v \u017diline: interdisciplin\u00e1rne t\u00edmy a modern\u00e1prezent\u00e1cia historick\u00fdch d\u00e1t PDF S\u00daBORMedi\u00e1lne a komunika\u010dn\u00e9 \u0161t\u00fadia Mari\u00e1n GRUPA\u010c a Mat\u00fa\u0161 FORMANEK Nov\u00fd a modern\u00fd \u0161tudijn\u00fd program Mediamatika a kult\u00farne dedi\u010dstvo PDF S\u00daBOR\u017diadny pr\u00edspevok alebo jeho \u010das\u0165 nesmie by\u0165 reprodukovan\u00fd...","protected":false},"author":2,"featured_media":0,"parent":0,"menu_order":0,"comment_status":"closed","ping_status":"closed","template":"","meta":{"footnotes":""},"yoast_head":"<!-- This site is optimized with the Yoast SEO plugin v20.8 - https:\/\/yoast.com\/wordpress\/plugins\/seo\/ -->\n<title>Vedecko-odborn\u00fd \u010dasopis | MKD Revue<\/title>\n<meta name=\"description\" content=\"Vedecko-odborn\u00fd \u010dasopis MKD Revue sa zameriava na prezent\u00e1ciu a dokument\u00e1ciu v\u00fdsledkov v\u00fdskumu v oblasti mediamatiky a kult\u00farneho dedi\u010dstva.\" \/>\n<meta name=\"robots\" content=\"index, follow, max-snippet:-1, max-image-preview:large, max-video-preview:-1\" \/>\n<link rel=\"canonical\" href=\"https:\/\/umkd.uniza.sk\/mkdrevue\/?page_id=146\" \/>\n<meta property=\"og:locale\" content=\"sk_SK\" \/>\n<meta property=\"og:type\" content=\"article\" \/>\n<meta property=\"og:title\" content=\"Vedecko-odborn\u00fd \u010dasopis | MKD Revue\" \/>\n<meta property=\"og:description\" content=\"Vedecko-odborn\u00fd \u010dasopis MKD Revue sa zameriava na prezent\u00e1ciu a dokument\u00e1ciu v\u00fdsledkov v\u00fdskumu v oblasti mediamatiky a kult\u00farneho dedi\u010dstva.\" \/>\n<meta property=\"og:url\" content=\"https:\/\/umkd.uniza.sk\/mkdrevue\/?page_id=146\" \/>\n<meta property=\"og:site_name\" content=\"MKD REVUE new\" \/>\n<meta property=\"article:modified_time\" content=\"2024-07-28T22:07:40+00:00\" \/>\n<meta name=\"twitter:card\" content=\"summary_large_image\" \/>\n<meta name=\"twitter:label1\" content=\"Predpokladan\u00fd \u010das \u010d\u00edtania\" \/>\n\t<meta name=\"twitter:data1\" content=\"1 min\u00fata\" \/>\n<script type=\"application\/ld+json\" class=\"yoast-schema-graph\">{\"@context\":\"https:\/\/schema.org\",\"@graph\":[{\"@type\":\"WebPage\",\"@id\":\"https:\/\/umkd.uniza.sk\/mkdrevue\/?page_id=146\",\"url\":\"https:\/\/umkd.uniza.sk\/mkdrevue\/?page_id=146\",\"name\":\"Vedecko-odborn\u00fd \u010dasopis | MKD Revue\",\"isPartOf\":{\"@id\":\"https:\/\/umkd.uniza.sk\/mkdrevue\/#website\"},\"datePublished\":\"2023-02-22T18:14:04+00:00\",\"dateModified\":\"2024-07-28T22:07:40+00:00\",\"description\":\"Vedecko-odborn\u00fd \u010dasopis MKD Revue sa zameriava na prezent\u00e1ciu a dokument\u00e1ciu v\u00fdsledkov v\u00fdskumu v oblasti mediamatiky a kult\u00farneho dedi\u010dstva.\",\"breadcrumb\":{\"@id\":\"https:\/\/umkd.uniza.sk\/mkdrevue\/?page_id=146#breadcrumb\"},\"inLanguage\":\"sk-SK\",\"potentialAction\":[{\"@type\":\"ReadAction\",\"target\":[\"https:\/\/umkd.uniza.sk\/mkdrevue\/?page_id=146\"]}]},{\"@type\":\"BreadcrumbList\",\"@id\":\"https:\/\/umkd.uniza.sk\/mkdrevue\/?page_id=146#breadcrumb\",\"itemListElement\":[{\"@type\":\"ListItem\",\"position\":1,\"name\":\"Domovsk\u00e1 str\u00e1nka\",\"item\":\"https:\/\/umkd.uniza.sk\/mkdrevue\/\"},{\"@type\":\"ListItem\",\"position\":2,\"name\":\"Vedecko odoborn\u00fd \u010dasopis\"}]},{\"@type\":\"WebSite\",\"@id\":\"https:\/\/umkd.uniza.sk\/mkdrevue\/#website\",\"url\":\"https:\/\/umkd.uniza.sk\/mkdrevue\/\",\"name\":\"MKD REVUE new\",\"description\":\"Online vedecko-odborn\u00fd \u010dasopis\",\"potentialAction\":[{\"@type\":\"SearchAction\",\"target\":{\"@type\":\"EntryPoint\",\"urlTemplate\":\"https:\/\/umkd.uniza.sk\/mkdrevue\/?s={search_term_string}\"},\"query-input\":\"required name=search_term_string\"}],\"inLanguage\":\"sk-SK\"}]}<\/script>\n<!-- \/ Yoast SEO plugin. -->","yoast_head_json":{"title":"Vedecko-odborn\u00fd \u010dasopis | MKD Revue","description":"Vedecko-odborn\u00fd \u010dasopis MKD Revue sa zameriava na prezent\u00e1ciu a dokument\u00e1ciu v\u00fdsledkov v\u00fdskumu v oblasti mediamatiky a kult\u00farneho dedi\u010dstva.","robots":{"index":"index","follow":"follow","max-snippet":"max-snippet:-1","max-image-preview":"max-image-preview:large","max-video-preview":"max-video-preview:-1"},"canonical":"https:\/\/umkd.uniza.sk\/mkdrevue\/?page_id=146","og_locale":"sk_SK","og_type":"article","og_title":"Vedecko-odborn\u00fd \u010dasopis | MKD Revue","og_description":"Vedecko-odborn\u00fd \u010dasopis MKD Revue sa zameriava na prezent\u00e1ciu a dokument\u00e1ciu v\u00fdsledkov v\u00fdskumu v oblasti mediamatiky a kult\u00farneho dedi\u010dstva.","og_url":"https:\/\/umkd.uniza.sk\/mkdrevue\/?page_id=146","og_site_name":"MKD REVUE new","article_modified_time":"2024-07-28T22:07:40+00:00","twitter_card":"summary_large_image","twitter_misc":{"Predpokladan\u00fd \u010das \u010d\u00edtania":"1 min\u00fata"},"schema":{"@context":"https:\/\/schema.org","@graph":[{"@type":"WebPage","@id":"https:\/\/umkd.uniza.sk\/mkdrevue\/?page_id=146","url":"https:\/\/umkd.uniza.sk\/mkdrevue\/?page_id=146","name":"Vedecko-odborn\u00fd \u010dasopis | MKD Revue","isPartOf":{"@id":"https:\/\/umkd.uniza.sk\/mkdrevue\/#website"},"datePublished":"2023-02-22T18:14:04+00:00","dateModified":"2024-07-28T22:07:40+00:00","description":"Vedecko-odborn\u00fd \u010dasopis MKD Revue sa zameriava na prezent\u00e1ciu a dokument\u00e1ciu v\u00fdsledkov v\u00fdskumu v oblasti mediamatiky a kult\u00farneho dedi\u010dstva.","breadcrumb":{"@id":"https:\/\/umkd.uniza.sk\/mkdrevue\/?page_id=146#breadcrumb"},"inLanguage":"sk-SK","potentialAction":[{"@type":"ReadAction","target":["https:\/\/umkd.uniza.sk\/mkdrevue\/?page_id=146"]}]},{"@type":"BreadcrumbList","@id":"https:\/\/umkd.uniza.sk\/mkdrevue\/?page_id=146#breadcrumb","itemListElement":[{"@type":"ListItem","position":1,"name":"Domovsk\u00e1 str\u00e1nka","item":"https:\/\/umkd.uniza.sk\/mkdrevue\/"},{"@type":"ListItem","position":2,"name":"Vedecko odoborn\u00fd \u010dasopis"}]},{"@type":"WebSite","@id":"https:\/\/umkd.uniza.sk\/mkdrevue\/#website","url":"https:\/\/umkd.uniza.sk\/mkdrevue\/","name":"MKD REVUE new","description":"Online vedecko-odborn\u00fd \u010dasopis","potentialAction":[{"@type":"SearchAction","target":{"@type":"EntryPoint","urlTemplate":"https:\/\/umkd.uniza.sk\/mkdrevue\/?s={search_term_string}"},"query-input":"required name=search_term_string"}],"inLanguage":"sk-SK"}]}},"_links":{"self":[{"href":"https:\/\/umkd.uniza.sk\/mkdrevue\/index.php?rest_route=\/wp\/v2\/pages\/146"}],"collection":[{"href":"https:\/\/umkd.uniza.sk\/mkdrevue\/index.php?rest_route=\/wp\/v2\/pages"}],"about":[{"href":"https:\/\/umkd.uniza.sk\/mkdrevue\/index.php?rest_route=\/wp\/v2\/types\/page"}],"author":[{"embeddable":true,"href":"https:\/\/umkd.uniza.sk\/mkdrevue\/index.php?rest_route=\/wp\/v2\/users\/2"}],"replies":[{"embeddable":true,"href":"https:\/\/umkd.uniza.sk\/mkdrevue\/index.php?rest_route=%2Fwp%2Fv2%2Fcomments&post=146"}],"version-history":[{"count":22,"href":"https:\/\/umkd.uniza.sk\/mkdrevue\/index.php?rest_route=\/wp\/v2\/pages\/146\/revisions"}],"predecessor-version":[{"id":503,"href":"https:\/\/umkd.uniza.sk\/mkdrevue\/index.php?rest_route=\/wp\/v2\/pages\/146\/revisions\/503"}],"wp:attachment":[{"href":"https:\/\/umkd.uniza.sk\/mkdrevue\/index.php?rest_route=%2Fwp%2Fv2%2Fmedia&parent=146"}],"curies":[{"name":"wp","href":"https:\/\/api.w.org\/{rel}","templated":true}]}}