{"id":458,"date":"2024-07-09T14:51:39","date_gmt":"2024-07-09T12:51:39","guid":{"rendered":"https:\/\/fhv.uniza.sk\/mkdrevue\/?page_id=458"},"modified":"2024-07-10T08:49:33","modified_gmt":"2024-07-10T06:49:33","slug":"redakcna-politika","status":"publish","type":"page","link":"https:\/\/umkd.uniza.sk\/mkdrevue\/?page_id=458","title":{"rendered":"Redak\u010dn\u00e1 politika"},"content":{"rendered":"<section class=\"l-section wpb_row us_custom_9ccc05f2 height_medium\"><div class=\"l-section-h i-cf\"><div class=\"g-cols vc_row via_grid cols_1 laptops-cols_inherit tablets-cols_inherit mobiles-cols_1 valign_middle type_default stacking_default\"><div class=\"wpb_column vc_column_container\"><div class=\"vc_column-inner\"><h1 class=\"w-text us_custom_d7166887 has_text_color\"><span class=\"w-text-h\"><span class=\"w-text-value\">Redak\u010dn\u00e1 politika<\/span><\/span><\/h1><\/div><\/div><\/div><\/div><\/section><section class=\"l-section wpb_row height_medium\"><div class=\"l-section-h i-cf\"><div class=\"g-cols vc_row via_grid cols_1 laptops-cols_inherit tablets-cols_inherit mobiles-cols_1 valign_top type_default stacking_default\"><div class=\"wpb_column vc_column_container\"><div class=\"vc_column-inner\"><div class=\"g-cols wpb_row via_grid cols_1 laptops-cols_inherit tablets-cols_inherit mobiles-cols_1 valign_middle type_default stacking_default\"><div class=\"wpb_column vc_column_container\"><div class=\"vc_column-inner\"><div class=\"wpb_text_column\"><div class=\"wpb_wrapper\"><p><strong>1. Poslanie \u010dasopisu<\/strong><\/p>\n<p>MKD revue je vedecko-odborn\u00fd \u010dasopis, ktor\u00e9ho cie\u013eom je podporova\u0165 a \u0161\u00edri\u0165 v\u00fdsledky v\u00fdskumu a odborn\u00e9 poznatky v oblasti mediamatiky, dokument\u00e1cie kult\u00farneho dedi\u010dstva a jeho prezent\u00e1cie v nov\u00fdch m\u00e9di\u00e1ch. \u010casopis tie\u017e sl\u00fa\u017ei na populariz\u00e1ciu kult\u00farneho dedi\u010dstva a nov\u00fdch m\u00e9di\u00ed, s cie\u013eom zv\u00fd\u0161i\u0165 povedomie a podpori\u0165 inov\u00e1ciu v t\u00fdchto oblastiach.<\/p>\n<p><strong>2. Oblasti z\u00e1ujmu<\/strong><\/p>\n<p>\u010casopis sa zameriava na \u0161irok\u00fa \u0161k\u00e1lu t\u00e9m vr\u00e1tane, ale nie v\u00fdlu\u010dne:<\/p>\n<ul>\n<li>Mediamatika a digit\u00e1lne technol\u00f3gie<\/li>\n<li>Dokument\u00e1cia a digit\u00e1lna archiv\u00e1cia kult\u00farneho dedi\u010dstva<\/li>\n<li>Prezent\u00e1cia kult\u00farneho dedi\u010dstva v nov\u00fdch m\u00e9di\u00e1ch<\/li>\n<li>Vyu\u017eitie nov\u00fdch m\u00e9di\u00ed na eduk\u00e1ciu a populariz\u00e1ciu kult\u00farneho dedi\u010dstva<\/li>\n<li>Inov\u00e1cie v digit\u00e1lnom zobrazovan\u00ed a multim\u00e9di\u00e1ch<\/li>\n<li>Interdisciplin\u00e1rne pr\u00edstupy k \u0161t\u00fadiu a prezent\u00e1cii kult\u00farneho dedi\u010dstva<\/li>\n<li>Kult\u00farny a\u00a0kreat\u00edvny priemysel<\/li>\n<li>Prezent\u00e1cia v\u00fdskumov z oblasti hmotn\u00e9ho a nehmotn\u00e9ho kult\u00farneho dedi\u010dstva<\/li>\n<\/ul>\n<p><strong>3. Typy prij\u00edman\u00fdch \u010dl\u00e1nkov<\/strong><\/p>\n<p>MKD revue prij\u00edma r\u00f4zne typy \u010dl\u00e1nkov vr\u00e1tane:<\/p>\n<ul>\n<li>P\u00f4vodn\u00fdch v\u00fdskumn\u00fdch \u0161t\u00fadi\u00ed<\/li>\n<li>Preh\u013eadov\u00fdch \u010dl\u00e1nkov a meta-anal\u00fdz<\/li>\n<li>Pr\u00edpady z praxe a \u0161t\u00fadie pr\u00edpadov<\/li>\n<li>Koment\u00e1rov a editori\u00e1lov<\/li>\n<li>Listov redakcii<\/li>\n<li>Recenzi\u00ed kn\u00edh a multimedi\u00e1lnych diel<\/li>\n<li>Spr\u00e1v z podujat\u00ed<\/li>\n<\/ul>\n<p><strong>4. Proces recenzn\u00e9ho hodnotenia<\/strong><\/p>\n<p>Vedeck\u00e9 a odborn\u00e9 \u010dl\u00e1nky prech\u00e1dzaj\u00fa dvojit\u00fdm anonymn\u00fdm recenzn\u00fdm hodnoten\u00edm, \u010do znamen\u00e1, \u017ee recenzenti nepoznaj\u00fa identitu autorov a naopak. Tento proces zaru\u010duje objektivitu a nestrannos\u0165 hodnotenia. Recenzenti s\u00fa vyberan\u00ed na z\u00e1klade ich odbornosti v danej oblasti a ich \u00falohou je pos\u00fadi\u0165 kvalitu, originalitu, vedeck\u00fa a odborn\u00fa hodnotu predlo\u017een\u00fdch \u010dl\u00e1nkov. Za jazykov\u00fa kult\u00faru a obsahov\u00fa str\u00e1nku pr\u00edspevkov zodpovedaj\u00fa samotn\u00ed autori. O prijat\u00ed a publikovan\u00ed \u010dl\u00e1nku rozhoduje redakcia.<\/p>\n<p><strong>5. Etick\u00e9 z\u00e1sady<\/strong><\/p>\n<p>MKD revue sa riadi najvy\u0161\u0161\u00edmi etick\u00fdmi \u0161tandardmi vo vedeckom publikovan\u00ed. Autori s\u00fa povinn\u00ed dodr\u017eiava\u0165 z\u00e1sady vedeckej integrity, vr\u00e1tane:<\/p>\n<ul>\n<li>Transparentn\u00e9ho a zodpovedn\u00e9ho v\u00fdskumu<\/li>\n<li>Dodr\u017eiavania autorsk\u00fdch pr\u00e1v a re\u0161pektovania intelektu\u00e1lneho vlastn\u00edctva<\/li>\n<li>Vyh\u00fdbania sa konfliktom z\u00e1ujmov a ich deklarovania<\/li>\n<li>Zachovania anonymity a d\u00f4vernosti subjektov v\u00fdskumu<\/li>\n<\/ul>\n<p><strong>6. Autorsk\u00e9 pr\u00e1va a otvoren\u00fd pr\u00edstup<\/strong><\/p>\n<p>MKD revue podporuje otvoren\u00fd pr\u00edstup k vedeck\u00fdm poznatkom. Autori si zachov\u00e1vaj\u00fa autorsk\u00e9 pr\u00e1va k svojim \u010dl\u00e1nkom a s\u00fahlas\u00ed s ich zverejnen\u00edm pod licenciou Creative Commons Attribution (CC BY), ktor\u00e1 umo\u017e\u0148uje vo\u013en\u00e9 \u0161\u00edrenie a adapt\u00e1ciu diel za predpokladu uvedenia autorstva.<\/p>\n<p><strong>7. Pokyny pre autorov<\/strong><\/p>\n<p>Autori s\u00fa vyzvan\u00ed, aby dodr\u017eiavali pokyny pre pr\u00edpravu a predkladanie rukopisov, ktor\u00e9 s\u00fa dostupn\u00e9 na webovej str\u00e1nke \u010dasopisu. Pokyny zah\u0155\u0148aj\u00fa form\u00e1tovanie rukopisov, \u0161trukt\u00faru \u010dl\u00e1nkov, citovanie zdrojov a \u010fal\u0161ie technick\u00e9 po\u017eiadavky.<\/p>\n<p>MKD \u2013 revue o\u00a0nov\u00fdch m\u00e9di\u00e1ch a\u00a0kult\u00farnom dedi\u010dstve<br \/>\nKatedra mediamatiky a\u00a0kult\u00farneho dedi\u010dstva<br \/>\nFakulta humanitn\u00fdch vied<br \/>\n\u017dilinsk\u00e1 univerzita v\u00a0\u017diline<br \/>\nUniverzitn\u00e1 8215\/1<br \/>\n010 26 \u017dilina<br \/>\nSlovensko<\/p>\n<p><em>Posledn\u00e1 aktualiz\u00e1cia: 9. 7. 2024<\/em><\/p>\n<\/div><\/div><\/div><\/div><\/div><div class=\"w-separator size_medium\"><\/div><\/div><\/div><\/div><\/div><\/section>\n","protected":false},"excerpt":{"rendered":"Redak\u010dn\u00e1 politika1. Poslanie \u010dasopisu MKD revue je vedecko-odborn\u00fd \u010dasopis, ktor\u00e9ho cie\u013eom je podporova\u0165 a \u0161\u00edri\u0165 v\u00fdsledky v\u00fdskumu a odborn\u00e9 poznatky v oblasti mediamatiky, dokument\u00e1cie kult\u00farneho dedi\u010dstva a jeho prezent\u00e1cie v nov\u00fdch m\u00e9di\u00e1ch. \u010casopis tie\u017e sl\u00fa\u017ei na populariz\u00e1ciu kult\u00farneho dedi\u010dstva a nov\u00fdch m\u00e9di\u00ed, s cie\u013eom zv\u00fd\u0161i\u0165 povedomie a podpori\u0165 inov\u00e1ciu v t\u00fdchto oblastiach. 2. Oblasti z\u00e1ujmu...","protected":false},"author":3,"featured_media":0,"parent":0,"menu_order":0,"comment_status":"closed","ping_status":"closed","template":"","meta":{"footnotes":""},"yoast_head":"<!-- This site is optimized with the Yoast SEO plugin v20.8 - https:\/\/yoast.com\/wordpress\/plugins\/seo\/ -->\n<title>Redak\u010dn\u00e1 politika | MKD Revue<\/title>\n<meta name=\"description\" content=\"Zistite viac o redak\u010dnej politike vedecko-odborn\u00e9ho \u010dasopisu MKD revue. Pre\u010d\u00edtajte si o na\u0161ich z\u00e1sad\u00e1ch publikovania, etick\u00fdch norm\u00e1ch a procese recenzovania pr\u00edspevkov.\" \/>\n<meta name=\"robots\" content=\"index, follow, max-snippet:-1, max-image-preview:large, max-video-preview:-1\" \/>\n<link rel=\"canonical\" href=\"https:\/\/umkd.uniza.sk\/mkdrevue\/?page_id=458\" \/>\n<meta property=\"og:locale\" content=\"sk_SK\" \/>\n<meta property=\"og:type\" content=\"article\" \/>\n<meta property=\"og:title\" content=\"Redak\u010dn\u00e1 politika | MKD Revue\" \/>\n<meta property=\"og:description\" content=\"Zistite viac o redak\u010dnej politike vedecko-odborn\u00e9ho \u010dasopisu MKD revue. Pre\u010d\u00edtajte si o na\u0161ich z\u00e1sad\u00e1ch publikovania, etick\u00fdch norm\u00e1ch a procese recenzovania pr\u00edspevkov.\" \/>\n<meta property=\"og:url\" content=\"https:\/\/umkd.uniza.sk\/mkdrevue\/?page_id=458\" \/>\n<meta property=\"og:site_name\" content=\"MKD REVUE new\" \/>\n<meta property=\"article:modified_time\" content=\"2024-07-10T06:49:33+00:00\" \/>\n<meta name=\"twitter:card\" content=\"summary_large_image\" \/>\n<meta name=\"twitter:label1\" content=\"Predpokladan\u00fd \u010das \u010d\u00edtania\" \/>\n\t<meta name=\"twitter:data1\" content=\"3 min\u00faty\" \/>\n<script type=\"application\/ld+json\" class=\"yoast-schema-graph\">{\"@context\":\"https:\/\/schema.org\",\"@graph\":[{\"@type\":\"WebPage\",\"@id\":\"https:\/\/umkd.uniza.sk\/mkdrevue\/?page_id=458\",\"url\":\"https:\/\/umkd.uniza.sk\/mkdrevue\/?page_id=458\",\"name\":\"Redak\u010dn\u00e1 politika | MKD Revue\",\"isPartOf\":{\"@id\":\"https:\/\/umkd.uniza.sk\/mkdrevue\/#website\"},\"datePublished\":\"2024-07-09T12:51:39+00:00\",\"dateModified\":\"2024-07-10T06:49:33+00:00\",\"description\":\"Zistite viac o redak\u010dnej politike vedecko-odborn\u00e9ho \u010dasopisu MKD revue. Pre\u010d\u00edtajte si o na\u0161ich z\u00e1sad\u00e1ch publikovania, etick\u00fdch norm\u00e1ch a procese recenzovania pr\u00edspevkov.\",\"breadcrumb\":{\"@id\":\"https:\/\/umkd.uniza.sk\/mkdrevue\/?page_id=458#breadcrumb\"},\"inLanguage\":\"sk-SK\",\"potentialAction\":[{\"@type\":\"ReadAction\",\"target\":[\"https:\/\/umkd.uniza.sk\/mkdrevue\/?page_id=458\"]}]},{\"@type\":\"BreadcrumbList\",\"@id\":\"https:\/\/umkd.uniza.sk\/mkdrevue\/?page_id=458#breadcrumb\",\"itemListElement\":[{\"@type\":\"ListItem\",\"position\":1,\"name\":\"Domovsk\u00e1 str\u00e1nka\",\"item\":\"https:\/\/umkd.uniza.sk\/mkdrevue\/\"},{\"@type\":\"ListItem\",\"position\":2,\"name\":\"Redak\u010dn\u00e1 politika\"}]},{\"@type\":\"WebSite\",\"@id\":\"https:\/\/umkd.uniza.sk\/mkdrevue\/#website\",\"url\":\"https:\/\/umkd.uniza.sk\/mkdrevue\/\",\"name\":\"MKD REVUE new\",\"description\":\"Online vedecko-odborn\u00fd \u010dasopis\",\"potentialAction\":[{\"@type\":\"SearchAction\",\"target\":{\"@type\":\"EntryPoint\",\"urlTemplate\":\"https:\/\/umkd.uniza.sk\/mkdrevue\/?s={search_term_string}\"},\"query-input\":\"required name=search_term_string\"}],\"inLanguage\":\"sk-SK\"}]}<\/script>\n<!-- \/ Yoast SEO plugin. -->","yoast_head_json":{"title":"Redak\u010dn\u00e1 politika | MKD Revue","description":"Zistite viac o redak\u010dnej politike vedecko-odborn\u00e9ho \u010dasopisu MKD revue. Pre\u010d\u00edtajte si o na\u0161ich z\u00e1sad\u00e1ch publikovania, etick\u00fdch norm\u00e1ch a procese recenzovania pr\u00edspevkov.","robots":{"index":"index","follow":"follow","max-snippet":"max-snippet:-1","max-image-preview":"max-image-preview:large","max-video-preview":"max-video-preview:-1"},"canonical":"https:\/\/umkd.uniza.sk\/mkdrevue\/?page_id=458","og_locale":"sk_SK","og_type":"article","og_title":"Redak\u010dn\u00e1 politika | MKD Revue","og_description":"Zistite viac o redak\u010dnej politike vedecko-odborn\u00e9ho \u010dasopisu MKD revue. Pre\u010d\u00edtajte si o na\u0161ich z\u00e1sad\u00e1ch publikovania, etick\u00fdch norm\u00e1ch a procese recenzovania pr\u00edspevkov.","og_url":"https:\/\/umkd.uniza.sk\/mkdrevue\/?page_id=458","og_site_name":"MKD REVUE new","article_modified_time":"2024-07-10T06:49:33+00:00","twitter_card":"summary_large_image","twitter_misc":{"Predpokladan\u00fd \u010das \u010d\u00edtania":"3 min\u00faty"},"schema":{"@context":"https:\/\/schema.org","@graph":[{"@type":"WebPage","@id":"https:\/\/umkd.uniza.sk\/mkdrevue\/?page_id=458","url":"https:\/\/umkd.uniza.sk\/mkdrevue\/?page_id=458","name":"Redak\u010dn\u00e1 politika | MKD Revue","isPartOf":{"@id":"https:\/\/umkd.uniza.sk\/mkdrevue\/#website"},"datePublished":"2024-07-09T12:51:39+00:00","dateModified":"2024-07-10T06:49:33+00:00","description":"Zistite viac o redak\u010dnej politike vedecko-odborn\u00e9ho \u010dasopisu MKD revue. Pre\u010d\u00edtajte si o na\u0161ich z\u00e1sad\u00e1ch publikovania, etick\u00fdch norm\u00e1ch a procese recenzovania pr\u00edspevkov.","breadcrumb":{"@id":"https:\/\/umkd.uniza.sk\/mkdrevue\/?page_id=458#breadcrumb"},"inLanguage":"sk-SK","potentialAction":[{"@type":"ReadAction","target":["https:\/\/umkd.uniza.sk\/mkdrevue\/?page_id=458"]}]},{"@type":"BreadcrumbList","@id":"https:\/\/umkd.uniza.sk\/mkdrevue\/?page_id=458#breadcrumb","itemListElement":[{"@type":"ListItem","position":1,"name":"Domovsk\u00e1 str\u00e1nka","item":"https:\/\/umkd.uniza.sk\/mkdrevue\/"},{"@type":"ListItem","position":2,"name":"Redak\u010dn\u00e1 politika"}]},{"@type":"WebSite","@id":"https:\/\/umkd.uniza.sk\/mkdrevue\/#website","url":"https:\/\/umkd.uniza.sk\/mkdrevue\/","name":"MKD REVUE new","description":"Online vedecko-odborn\u00fd \u010dasopis","potentialAction":[{"@type":"SearchAction","target":{"@type":"EntryPoint","urlTemplate":"https:\/\/umkd.uniza.sk\/mkdrevue\/?s={search_term_string}"},"query-input":"required name=search_term_string"}],"inLanguage":"sk-SK"}]}},"_links":{"self":[{"href":"https:\/\/umkd.uniza.sk\/mkdrevue\/index.php?rest_route=\/wp\/v2\/pages\/458"}],"collection":[{"href":"https:\/\/umkd.uniza.sk\/mkdrevue\/index.php?rest_route=\/wp\/v2\/pages"}],"about":[{"href":"https:\/\/umkd.uniza.sk\/mkdrevue\/index.php?rest_route=\/wp\/v2\/types\/page"}],"author":[{"embeddable":true,"href":"https:\/\/umkd.uniza.sk\/mkdrevue\/index.php?rest_route=\/wp\/v2\/users\/3"}],"replies":[{"embeddable":true,"href":"https:\/\/umkd.uniza.sk\/mkdrevue\/index.php?rest_route=%2Fwp%2Fv2%2Fcomments&post=458"}],"version-history":[{"count":5,"href":"https:\/\/umkd.uniza.sk\/mkdrevue\/index.php?rest_route=\/wp\/v2\/pages\/458\/revisions"}],"predecessor-version":[{"id":471,"href":"https:\/\/umkd.uniza.sk\/mkdrevue\/index.php?rest_route=\/wp\/v2\/pages\/458\/revisions\/471"}],"wp:attachment":[{"href":"https:\/\/umkd.uniza.sk\/mkdrevue\/index.php?rest_route=%2Fwp%2Fv2%2Fmedia&parent=458"}],"curies":[{"name":"wp","href":"https:\/\/api.w.org\/{rel}","templated":true}]}}